{"id":232897,"date":"2025-03-22T13:29:50","date_gmt":"2025-03-22T13:29:50","guid":{"rendered":"https:\/\/aromasentia.com\/product\/lingam-shaped-gemstone-pendulum-rose-quartz\/"},"modified":"2025-12-30T20:11:32","modified_gmt":"2025-12-30T20:11:32","slug":"lingamfoermiges-edelsteinpendel-rosenquarz","status":"publish","type":"product","link":"https:\/\/aromasentia.com\/de\/lingamfoermiges-edelsteinpendel-rosenquarz\/","title":{"rendered":"Lingamf\u00f6rmiges Edelsteinpendel \u2013 Rosenquarz"},"content":{"rendered":"<h6><strong><span style=\"color: rgb(235, 107, 86);\">&nbsp;3x Rosenquarz Lingam Pendel<\/span><\/strong><\/h6>\n<p>Mit diesen bezaubernden <strong>Rosenquarz Lingam Pendeln<\/strong> werden Kunden angelockt, die Liebe, Mitgef\u00fchl und eine kraftvolle Verbindung suchen.<\/strong><\/p>\n<p>Jedes Pendel besteht aus einem <strong>echten Rosenquarz-Edelstein<\/strong>, der sorgf\u00e4ltig zu einem Lingam geformt und poliert wurde. <strong>Die Lingamform symbolisiert die m\u00e4nnliche Energie und soll die Selbstliebe und das Selbstvertrauen st\u00e4rken<\/strong>, w\u00e4hrend der Rosenquarz-Edelstein selbst f\u00fcr seine Verbindung mit <strong>Liebe, Mitgef\u00fchl und emotionaler Heilung bekannt ist.<\/strong><\/p>\n<p><strong>Produktmerkmale:<\/strong><\/p>\n<p>\u00e2-\u00aa\u00ef\u00b8 Echter Rosenquarz-Edelstein<\/p>\n<p>\u00e2-\u00aa\u00ef\u00b8 Lingam-Form f\u00fcr erh\u00f6hte Kreativit\u00e4t<\/p>\n<p>\u00e2-\u00aa\u00ef\u00b8 Glatte, polierte Oberfl\u00e4che<\/p>\n<p>\u00e2-\u00aa\u00ef\u00b8 Versilberte Kette (ca. 170mm lang) und Edelsteinperle&nbsp;<\/p>\n<p>\u00e2-\u00aa\u00ef\u00b8 Gro\u00dfhandelspackung mit 3 St\u00fcck<\/p>\n<p><strong>Bef\u00e4higen Sie Ihre Kunden, Selbstliebe zu kultivieren, gesunde Beziehungen anzuziehen und Mitgef\u00fchl auszustrahlen. F\u00fcgen Sie Rosenquarz Lingam Pendel zu Ihrem Inventar heute!<\/strong> <\/p><\/p>\n","protected":false},"excerpt":{"rendered":"<p>&nbsp;3x Rosenquarz Lingam Pendel Mit diesen bezaubernden Rosenquarz Lingam Pendeln werden Kunden angelockt, die Liebe, Mitgef\u00fchl und eine kraftvolle Verbindung suchen. Jedes Pendel besteht aus einem echten Rosenquarz-Edelstein, der sorgf\u00e4ltig zu einem Lingam geformt und poliert wurde. Die Lingamform symbolisiert die m\u00e4nnliche Energie und soll die Selbstliebe und das Selbstvertrauen st\u00e4rken, w\u00e4hrend der Rosenquarz-Edelstein selbst [&hellip;]<\/p>\n","protected":false},"featured_media":336481,"comment_status":"closed","ping_status":"open","template":"","meta":{"_angie_page":false},"product_brand":[],"product_cat":[25223,14451,19146,19076,25735,25752,25753],"product_tag":[],"class_list":{"0":"post-232897","1":"product","2":"type-product","3":"status-publish","4":"has-post-thumbnail","6":"product_cat-edelsteine-mineralien","7":"product_cat-haus-und-gartendeko","8":"product_cat-inspirationen","9":"product_cat-pendel-und-runen-steinset","10":"product_cat-quarz","11":"product_cat-rosenquarz","12":"product_cat-shiva-lingam","13":"pa_collection-gemstone-magic-pendulums-de","14":"pa_made-in-indien","16":"first","17":"instock","18":"purchasable","19":"product-type-simple"},"supplier_id":null,"supplier_sku":"GemMP-33","barcode":null,"atum_controlled":true,"out_stock_date":null,"out_stock_threshold":null,"inheritable":false,"inbound_stock":null,"stock_on_hold":0,"sold_today":0,"sales_last_days":0,"reserved_stock":null,"customer_returns":null,"warehouse_damage":null,"lost_in_post":null,"other_logs":null,"out_stock_days":0,"lost_sales":0,"has_location":null,"update_date":"2026-04-27T07:05:23","atum_locations":[],"atum_stock_status":"instock","restock_status":false,"low_stock_amount":"","sales_update_date":"2026-01-30T01:26:04","calc_backorders":null,"_links":{"self":[{"href":"https:\/\/aromasentia.com\/de\/wp-json\/wp\/v2\/product\/232897","targetHints":{"allow":["GET"]}}],"collection":[{"href":"https:\/\/aromasentia.com\/de\/wp-json\/wp\/v2\/product"}],"about":[{"href":"https:\/\/aromasentia.com\/de\/wp-json\/wp\/v2\/types\/product"}],"replies":[{"embeddable":true,"href":"https:\/\/aromasentia.com\/de\/wp-json\/wp\/v2\/comments?post=232897"}],"version-history":[{"count":0,"href":"https:\/\/aromasentia.com\/de\/wp-json\/wp\/v2\/product\/232897\/revisions"}],"wp:featuredmedia":[{"embeddable":true,"href":"https:\/\/aromasentia.com\/de\/wp-json\/wp\/v2\/media\/336481"}],"wp:attachment":[{"href":"https:\/\/aromasentia.com\/de\/wp-json\/wp\/v2\/media?parent=232897"}],"wp:term":[{"taxonomy":"product_brand","embeddable":true,"href":"https:\/\/aromasentia.com\/de\/wp-json\/wp\/v2\/product_brand?post=232897"},{"taxonomy":"product_cat","embeddable":true,"href":"https:\/\/aromasentia.com\/de\/wp-json\/wp\/v2\/product_cat?post=232897"},{"taxonomy":"product_tag","embeddable":true,"href":"https:\/\/aromasentia.com\/de\/wp-json\/wp\/v2\/product_tag?post=232897"}],"curies":[{"name":"wp","href":"https:\/\/api.w.org\/{rel}","templated":true}]}}