{"id":232889,"date":"2025-03-22T13:29:50","date_gmt":"2025-03-22T13:29:50","guid":{"rendered":"https:\/\/aromasentia.com\/product\/lingam-shaped-gemstone-pendulum-amethyst\/"},"modified":"2025-12-30T20:11:32","modified_gmt":"2025-12-30T20:11:32","slug":"lingamfoermiges-edelsteinpendel-amethyst","status":"publish","type":"product","link":"https:\/\/aromasentia.com\/de\/lingamfoermiges-edelsteinpendel-amethyst\/","title":{"rendered":"Lingamf\u00f6rmiges Edelsteinpendel \u2013 Amethyst"},"content":{"rendered":"<h6><strong><span style=\"color: rgb(147, 101, 184);\">&nbsp;3x Amethyst Lingam Pendel<\/span><\/strong><\/h6>\n<p>Ziehen Sie Kunden an, die spirituelle Erm\u00e4chtigung und kreativen Fluss mit diesen sch\u00f6nen <strong>Amethyst Lingam Pendeln suchen.<\/strong><\/p>\n<p>Jedes Pendel besteht aus einem<strong>&nbsp;echten Amethyst-Edelstein<\/strong>, der sorgf\u00e4ltig zu einem Lingam geformt und poliert wurde. <strong>Die Lingamform symbolisiert m\u00e4nnliche Energie und soll die Kreativit\u00e4t f\u00f6rdern,<\/strong> w\u00e4hrend der Amethyst selbst f\u00fcr seine Verbindung mit <strong>Heilung, spirituellem Bewusstsein und Intuition bekannt ist.<\/strong><\/p>\n<p><strong>Produktmerkmale:<\/strong><\/p>\n<p>\u00e2-\u00aa\u00ef\u00b8 Echter Amethyst-Edelstein<\/p>\n<p>\u00e2-\u00aa\u00ef\u00b8 Lingamform f\u00fcr erh\u00f6hte Kreativit\u00e4t<\/p>\n<p>\u00e2-\u00aa\u00ef\u00b8 Glatte, polierte Oberfl\u00e4che<\/p>\n<p>\u00e2-\u00aa\u00ef\u00b8 Versilberte Kette (ca. 170mm lang) und Edelsteinperle&nbsp;<\/p>\n<p>\u00e2-\u00aa\u00ef\u00b8 Gro\u00dfhandelspackung mit 3 St\u00fcck<\/p>\n<p><strong>St\u00e4rken Sie Ihre Kunden auf ihrer spirituellen Reise und entz\u00fcnden Sie ihre Kreativit\u00e4t. F\u00fcgen Sie Amethyst Lingam Pendel zu Ihrem Inventar heute!<\/strong> <\/p><\/p>\n","protected":false},"excerpt":{"rendered":"<p>&nbsp;3x Amethyst Lingam Pendel Ziehen Sie Kunden an, die spirituelle Erm\u00e4chtigung und kreativen Fluss mit diesen sch\u00f6nen Amethyst Lingam Pendeln suchen. Jedes Pendel besteht aus einem&nbsp;echten Amethyst-Edelstein, der sorgf\u00e4ltig zu einem Lingam geformt und poliert wurde. Die Lingamform symbolisiert m\u00e4nnliche Energie und soll die Kreativit\u00e4t f\u00f6rdern, w\u00e4hrend der Amethyst selbst f\u00fcr seine Verbindung mit Heilung, [&hellip;]<\/p>\n","protected":false},"featured_media":336447,"comment_status":"closed","ping_status":"open","template":"","meta":{"_angie_page":false},"product_brand":[],"product_cat":[25546,25223,14451,19146,19076,25753],"product_tag":[],"class_list":{"0":"post-232889","1":"product","2":"type-product","3":"status-publish","4":"has-post-thumbnail","6":"product_cat-amethyst","7":"product_cat-edelsteine-mineralien","8":"product_cat-haus-und-gartendeko","9":"product_cat-inspirationen","10":"product_cat-pendel-und-runen-steinset","11":"product_cat-shiva-lingam","12":"pa_collection-gemstone-magic-pendulums-de","13":"pa_made-in-indien","15":"first","16":"instock","17":"purchasable","18":"product-type-simple"},"supplier_id":null,"supplier_sku":"GemMP-31","barcode":null,"atum_controlled":true,"out_stock_date":null,"out_stock_threshold":null,"inheritable":false,"inbound_stock":null,"stock_on_hold":0,"sold_today":0,"sales_last_days":0,"reserved_stock":null,"customer_returns":null,"warehouse_damage":null,"lost_in_post":null,"other_logs":null,"out_stock_days":0,"lost_sales":0,"has_location":null,"update_date":"2026-05-04T00:03:55","atum_locations":[],"atum_stock_status":"instock","restock_status":false,"low_stock_amount":"","sales_update_date":"2026-01-30T01:24:56","calc_backorders":null,"_links":{"self":[{"href":"https:\/\/aromasentia.com\/de\/wp-json\/wp\/v2\/product\/232889","targetHints":{"allow":["GET"]}}],"collection":[{"href":"https:\/\/aromasentia.com\/de\/wp-json\/wp\/v2\/product"}],"about":[{"href":"https:\/\/aromasentia.com\/de\/wp-json\/wp\/v2\/types\/product"}],"replies":[{"embeddable":true,"href":"https:\/\/aromasentia.com\/de\/wp-json\/wp\/v2\/comments?post=232889"}],"version-history":[{"count":0,"href":"https:\/\/aromasentia.com\/de\/wp-json\/wp\/v2\/product\/232889\/revisions"}],"wp:featuredmedia":[{"embeddable":true,"href":"https:\/\/aromasentia.com\/de\/wp-json\/wp\/v2\/media\/336447"}],"wp:attachment":[{"href":"https:\/\/aromasentia.com\/de\/wp-json\/wp\/v2\/media?parent=232889"}],"wp:term":[{"taxonomy":"product_brand","embeddable":true,"href":"https:\/\/aromasentia.com\/de\/wp-json\/wp\/v2\/product_brand?post=232889"},{"taxonomy":"product_cat","embeddable":true,"href":"https:\/\/aromasentia.com\/de\/wp-json\/wp\/v2\/product_cat?post=232889"},{"taxonomy":"product_tag","embeddable":true,"href":"https:\/\/aromasentia.com\/de\/wp-json\/wp\/v2\/product_tag?post=232889"}],"curies":[{"name":"wp","href":"https:\/\/api.w.org\/{rel}","templated":true}]}}