{"id":232877,"date":"2025-03-22T13:29:50","date_gmt":"2025-03-22T13:29:50","guid":{"rendered":"https:\/\/aromasentia.com\/product\/magic-pendulum-seven-chakra-tigereye\/"},"modified":"2025-12-30T20:11:24","modified_gmt":"2025-12-30T20:11:24","slug":"magisches-pendel-sieben-chakra-tigerauge","status":"publish","type":"product","link":"https:\/\/aromasentia.com\/de\/magisches-pendel-sieben-chakra-tigerauge\/","title":{"rendered":"Magisches Pendel \u2013 Sieben Chakra \u2013 Tigerauge"},"content":{"rendered":"<p><span style=\"color: rgb(75, 80, 88);\">Diese Kristallpendel sind einzigartig, verschiedene Schliffe, verschiedene Steine&#8230; unterschiedliche Energie. Ausgestattet mit einer Metallkette und Edelsteinperlen am oberen Ende haben sie wirklich etwas ganz Magisches an sich.&nbsp;<\/span><\/p>\n<p><span style=\"color: rgb(75, 80, 88);\">Hochwertige Edelsteinpendel mit verschiedenen Steinen.<\/span><\/p>\n<p><span style=\"color: rgb(75, 80, 88);\">Befestigt an einer ca. 200 mm langen Kette mit Edelsteinkugel am Ende der Kette, befestigt an einem Tigerauge-Edelstein mit verschiedenen Edelsteinperlen am Ende.<\/span><\/p>\n<p><span style=\"color: rgb(75, 80, 88);\"><strong>BITTE BEACHTEN:&nbsp;<\/strong>Diese Pendel sind handgefertigt aus einem Naturprodukt. Aus diesem Grund k\u00f6nnen die Gr\u00f6\u00dfen der Edelsteinst\u00fccke variieren.<\/span><\/p>\n<p><span style=\"color: rgb(75, 80, 88);\">Ein Edelstein \u2013 ein Kristallpendel.<\/span><\/p>\n","protected":false},"excerpt":{"rendered":"<p>Diese Kristallpendel sind einzigartig, verschiedene Schliffe, verschiedene Steine&#8230; unterschiedliche Energie. Ausgestattet mit einer Metallkette und Edelsteinperlen am oberen Ende haben sie wirklich etwas ganz Magisches an sich.&nbsp; Hochwertige Edelsteinpendel mit verschiedenen Steinen. Befestigt an einer ca. 200 mm langen Kette mit Edelsteinkugel am Ende der Kette, befestigt an einem Tigerauge-Edelstein mit verschiedenen Edelsteinperlen am Ende. [&hellip;]<\/p>\n","protected":false},"featured_media":336348,"comment_status":"closed","ping_status":"open","template":"","meta":{"_angie_page":false},"product_brand":[],"product_cat":[25223,14451,19146,19076,25787],"product_tag":[],"class_list":{"0":"post-232877","1":"product","2":"type-product","3":"status-publish","4":"has-post-thumbnail","6":"product_cat-edelsteine-mineralien","7":"product_cat-haus-und-gartendeko","8":"product_cat-inspirationen","9":"product_cat-pendel-und-runen-steinset","10":"product_cat-tigerauge","11":"pa_collection-gemstone-magic-pendulums-de","12":"pa_made-in-indien","14":"first","15":"instock","16":"purchasable","17":"product-type-simple"},"supplier_id":null,"supplier_sku":"GemMP-28","barcode":null,"atum_controlled":true,"out_stock_date":null,"out_stock_threshold":null,"inheritable":false,"inbound_stock":null,"stock_on_hold":0,"sold_today":0,"sales_last_days":0,"reserved_stock":null,"customer_returns":null,"warehouse_damage":null,"lost_in_post":null,"other_logs":null,"out_stock_days":0,"lost_sales":0,"has_location":null,"update_date":"2026-04-29T01:06:31","atum_locations":[],"atum_stock_status":"instock","restock_status":false,"low_stock_amount":"","sales_update_date":"2026-01-30T01:24:45","calc_backorders":null,"_links":{"self":[{"href":"https:\/\/aromasentia.com\/de\/wp-json\/wp\/v2\/product\/232877","targetHints":{"allow":["GET"]}}],"collection":[{"href":"https:\/\/aromasentia.com\/de\/wp-json\/wp\/v2\/product"}],"about":[{"href":"https:\/\/aromasentia.com\/de\/wp-json\/wp\/v2\/types\/product"}],"replies":[{"embeddable":true,"href":"https:\/\/aromasentia.com\/de\/wp-json\/wp\/v2\/comments?post=232877"}],"version-history":[{"count":0,"href":"https:\/\/aromasentia.com\/de\/wp-json\/wp\/v2\/product\/232877\/revisions"}],"wp:featuredmedia":[{"embeddable":true,"href":"https:\/\/aromasentia.com\/de\/wp-json\/wp\/v2\/media\/336348"}],"wp:attachment":[{"href":"https:\/\/aromasentia.com\/de\/wp-json\/wp\/v2\/media?parent=232877"}],"wp:term":[{"taxonomy":"product_brand","embeddable":true,"href":"https:\/\/aromasentia.com\/de\/wp-json\/wp\/v2\/product_brand?post=232877"},{"taxonomy":"product_cat","embeddable":true,"href":"https:\/\/aromasentia.com\/de\/wp-json\/wp\/v2\/product_cat?post=232877"},{"taxonomy":"product_tag","embeddable":true,"href":"https:\/\/aromasentia.com\/de\/wp-json\/wp\/v2\/product_tag?post=232877"}],"curies":[{"name":"wp","href":"https:\/\/api.w.org\/{rel}","templated":true}]}}