{"id":232857,"date":"2025-03-22T13:29:58","date_gmt":"2025-03-22T13:29:58","guid":{"rendered":"https:\/\/aromasentia.com\/product\/one-inch-lingam-3-stones\/"},"modified":"2025-12-30T20:11:24","modified_gmt":"2025-12-30T20:11:24","slug":"ein-zoll-lingam-3-steine","status":"publish","type":"product","link":"https:\/\/aromasentia.com\/de\/ein-zoll-lingam-3-steine\/","title":{"rendered":"Ein Zoll Lingam &#8211; 3 Steine"},"content":{"rendered":"<p>Der Aroma Sentia-ping Shiva Lingam Stein ist ein heiliger Stein der Antike und Moderne. Er befindet sich im Narmada-Fluss in Onkar Mandhata, einer der sieben heiligen St\u00e4tten Indiens.<\/p>\n<p>Diese Steine bestehen aus kryptokristallinem Quarz und entstanden der Legende nach vor mehreren Millionen Jahren durch einen Meteoriteneinschlag. Man glaubt, dass die nat\u00fcrliche Bewegung des Flusses die ei- oder ovale Form der Steine hervorgebracht hat. Sie werden nur an einem Tag im Jahr gesammelt und von Hand poliert, um ihnen eine glatte, gl\u00e4nzende Oberfl\u00e4che zu verleihen. Lingam-Steinen wird nachgesagt, dass sie eine der h\u00f6chsten Schwingungsfrequenzen aller Steine der Erde aufweisen. Sie strahlen eine Schwingung aus, die Ihren heiligen Ort reinigt.<\/p>\n<p>Die Form des Steins repr\u00e4sentiert m\u00e4nnliche Energie (Wissen) und die Markierungen, die sich von Stein zu Stein stark unterscheiden, repr\u00e4sentieren weibliche Energie (Weisheit). Der Shiva Lingam steht auch f\u00fcr Harmonie und Gleichgewicht und f\u00f6rdert die Vereinigung von Gegens\u00e4tzen wie M\u00e4nnlich und Weiblich oder K\u00f6rper und Seele. Es eignet sich hervorragend zur sexuellen Heilung.<\/p>\n<p><span style=\"color: rgb(184, 49, 47);\"><strong>Die angezeigten Abmessungen gelten pro einzelnem Stein.<\/strong><\/span><\/p>\n<p><strong>Jeder Shiva-Lingam-Stein ist absolut einzigartig!<\/strong><\/p>\n","protected":false},"excerpt":{"rendered":"<p>Der Aroma Sentia-ping Shiva Lingam Stein ist ein heiliger Stein der Antike und Moderne. Er befindet sich im Narmada-Fluss in Onkar Mandhata, einer der sieben heiligen St\u00e4tten Indiens. Diese Steine bestehen aus kryptokristallinem Quarz und entstanden der Legende nach vor mehreren Millionen Jahren durch einen Meteoriteneinschlag. Man glaubt, dass die nat\u00fcrliche Bewegung des Flusses die [&hellip;]<\/p>\n","protected":false},"featured_media":338754,"comment_status":"closed","ping_status":"open","template":"","meta":{"_angie_page":false},"product_brand":[],"product_cat":[25223,17269,25753,18942],"product_tag":[],"class_list":{"0":"post-232857","1":"product","2":"type-product","3":"status-publish","4":"has-post-thumbnail","6":"product_cat-edelsteine-mineralien","7":"product_cat-esoterik-geschenke","8":"product_cat-shiva-lingam","9":"product_cat-trommelsteine","10":"pa_collection-shiva-lingam-stones-de","11":"pa_made-in-indien","13":"first","14":"outofstock","15":"purchasable","16":"product-type-simple"},"supplier_id":null,"supplier_sku":"Ling-01","barcode":null,"atum_controlled":true,"out_stock_date":"2026-01-05 15:23:41","out_stock_threshold":null,"inheritable":false,"inbound_stock":null,"stock_on_hold":0,"sold_today":0,"sales_last_days":0,"reserved_stock":null,"customer_returns":null,"warehouse_damage":null,"lost_in_post":null,"other_logs":null,"out_stock_days":24,"lost_sales":0,"has_location":null,"update_date":"2026-05-04T00:03:57","atum_locations":[],"atum_stock_status":"outofstock","restock_status":false,"low_stock_amount":"","sales_update_date":"2026-01-30T01:24:23","calc_backorders":null,"_links":{"self":[{"href":"https:\/\/aromasentia.com\/de\/wp-json\/wp\/v2\/product\/232857","targetHints":{"allow":["GET"]}}],"collection":[{"href":"https:\/\/aromasentia.com\/de\/wp-json\/wp\/v2\/product"}],"about":[{"href":"https:\/\/aromasentia.com\/de\/wp-json\/wp\/v2\/types\/product"}],"replies":[{"embeddable":true,"href":"https:\/\/aromasentia.com\/de\/wp-json\/wp\/v2\/comments?post=232857"}],"version-history":[{"count":0,"href":"https:\/\/aromasentia.com\/de\/wp-json\/wp\/v2\/product\/232857\/revisions"}],"wp:featuredmedia":[{"embeddable":true,"href":"https:\/\/aromasentia.com\/de\/wp-json\/wp\/v2\/media\/338754"}],"wp:attachment":[{"href":"https:\/\/aromasentia.com\/de\/wp-json\/wp\/v2\/media?parent=232857"}],"wp:term":[{"taxonomy":"product_brand","embeddable":true,"href":"https:\/\/aromasentia.com\/de\/wp-json\/wp\/v2\/product_brand?post=232857"},{"taxonomy":"product_cat","embeddable":true,"href":"https:\/\/aromasentia.com\/de\/wp-json\/wp\/v2\/product_cat?post=232857"},{"taxonomy":"product_tag","embeddable":true,"href":"https:\/\/aromasentia.com\/de\/wp-json\/wp\/v2\/product_tag?post=232857"}],"curies":[{"name":"wp","href":"https:\/\/api.w.org\/{rel}","templated":true}]}}