{"id":232825,"date":"2025-03-22T13:29:58","date_gmt":"2025-03-22T13:29:58","guid":{"rendered":"https:\/\/aromasentia.com\/product\/madagascar-labradorite-leaf-stones-approx-13-20gms-40-50mm\/"},"modified":"2025-12-30T20:11:16","modified_gmt":"2025-12-30T20:11:16","slug":"labradorit-blattsteine-e-eaus-madagaskar-ca-15-20-g-40-50-mm","status":"publish","type":"product","link":"https:\/\/aromasentia.com\/de\/labradorit-blattsteine-e-eaus-madagaskar-ca-15-20-g-40-50-mm\/","title":{"rendered":"Labradorit-Blattsteine \u20ac\u2039 \u20ac\u2039aus Madagaskar (ca. 15\u201320 g, 40\u201350 mm)"},"content":{"rendered":"<p>Fangen Sie die himmlische Sch\u00f6nheit des Madagaskar-Labradorits mit diesen Blattsteinen ein. Jeder Stein, ca. 13-20 g und 40-50 mm, ist kunstvoll in eine zarte Blattform geschnitzt und zeigt die atemberaubende Labradoreszenz &#8211; blaue, gr\u00fcne oder goldene Schimmer &#8211; f\u00fcr die diese madagassische Sorte gesch\u00e4tzt wird. Labradorit ist ein Stein der Magie, der Intuition und des Schutzes. Diese Blattsteine eignen sich perfekt f\u00fcr die Meditation, als Talisman oder als wundersch\u00f6ne, von der Natur inspirierte Erg\u00e4nzung Ihrer Kristallsammlung, die Transformation hervorruft.<\/p>\n","protected":false},"excerpt":{"rendered":"<p>Fangen Sie die himmlische Sch\u00f6nheit des Madagaskar-Labradorits mit diesen Blattsteinen ein. Jeder Stein, ca. 13-20 g und 40-50 mm, ist kunstvoll in eine zarte Blattform geschnitzt und zeigt die atemberaubende Labradoreszenz &#8211; blaue, gr\u00fcne oder goldene Schimmer &#8211; f\u00fcr die diese madagassische Sorte gesch\u00e4tzt wird. Labradorit ist ein Stein der Magie, der Intuition und des [&hellip;]<\/p>\n","protected":false},"featured_media":338522,"comment_status":"closed","ping_status":"open","template":"","meta":{"_angie_page":false},"product_brand":[],"product_cat":[25223,17269,25653,18942],"product_tag":[],"class_list":{"0":"post-232825","1":"product","2":"type-product","3":"status-publish","4":"has-post-thumbnail","6":"product_cat-edelsteine-mineralien","7":"product_cat-esoterik-geschenke","8":"product_cat-labradorit","9":"product_cat-trommelsteine","10":"pa_collection-madagascar-labradorite-stones-de","11":"pa_made-in-china","13":"first","14":"instock","15":"purchasable","16":"product-type-simple"},"supplier_id":null,"supplier_sku":"LBS-01","barcode":null,"atum_controlled":true,"out_stock_date":null,"out_stock_threshold":null,"inheritable":false,"inbound_stock":null,"stock_on_hold":0,"sold_today":0,"sales_last_days":0,"reserved_stock":null,"customer_returns":null,"warehouse_damage":null,"lost_in_post":null,"other_logs":null,"out_stock_days":0,"lost_sales":0,"has_location":null,"update_date":"2026-04-27T07:10:58","atum_locations":[],"atum_stock_status":"instock","restock_status":false,"low_stock_amount":"","sales_update_date":"2025-09-05T00:24:33","calc_backorders":null,"_links":{"self":[{"href":"https:\/\/aromasentia.com\/de\/wp-json\/wp\/v2\/product\/232825","targetHints":{"allow":["GET"]}}],"collection":[{"href":"https:\/\/aromasentia.com\/de\/wp-json\/wp\/v2\/product"}],"about":[{"href":"https:\/\/aromasentia.com\/de\/wp-json\/wp\/v2\/types\/product"}],"replies":[{"embeddable":true,"href":"https:\/\/aromasentia.com\/de\/wp-json\/wp\/v2\/comments?post=232825"}],"version-history":[{"count":0,"href":"https:\/\/aromasentia.com\/de\/wp-json\/wp\/v2\/product\/232825\/revisions"}],"wp:featuredmedia":[{"embeddable":true,"href":"https:\/\/aromasentia.com\/de\/wp-json\/wp\/v2\/media\/338522"}],"wp:attachment":[{"href":"https:\/\/aromasentia.com\/de\/wp-json\/wp\/v2\/media?parent=232825"}],"wp:term":[{"taxonomy":"product_brand","embeddable":true,"href":"https:\/\/aromasentia.com\/de\/wp-json\/wp\/v2\/product_brand?post=232825"},{"taxonomy":"product_cat","embeddable":true,"href":"https:\/\/aromasentia.com\/de\/wp-json\/wp\/v2\/product_cat?post=232825"},{"taxonomy":"product_tag","embeddable":true,"href":"https:\/\/aromasentia.com\/de\/wp-json\/wp\/v2\/product_tag?post=232825"}],"curies":[{"name":"wp","href":"https:\/\/api.w.org\/{rel}","templated":true}]}}