{"id":232733,"date":"2025-03-22T13:29:58","date_gmt":"2025-03-22T13:29:58","guid":{"rendered":"https:\/\/aromasentia.com\/product\/mini-gemstone-trees-on-orgonite-base-black-agate-15-stones\/"},"modified":"2025-12-30T20:11:00","modified_gmt":"2025-12-30T20:11:00","slug":"mini-edelsteinbaeume-auf-orgonitbasis-schwarzer-achat-15-steine","status":"publish","type":"product","link":"https:\/\/aromasentia.com\/de\/mini-edelsteinbaeume-auf-orgonitbasis-schwarzer-achat-15-steine\/","title":{"rendered":"Mini-Edelsteinb\u00e4ume auf Orgonitbasis &#8211; Schwarzer Achat (15 Steine)"},"content":{"rendered":"<p><span style=\"color: rgb(75, 80, 88);\"><strong>Produktdetails:<\/strong><\/span><\/p>\n<p><span style=\"color: rgb(75, 80, 88);\"><br \/><\/span><\/p>\n<p><span style=\"color: rgb(75, 80, 88);\">&#8211; Orgonitbasis<\/span><\/p>\n<p><span style=\"color: rgb(75, 80, 88);\">&#8211; Verziert mit 15 St\u00fcck schwarzen Achat-Edelsteinen<\/span><\/p>\n<p><span style=\"color: rgb(75, 80, 88);\">&#8211; Jeder Baum ist ca. 5 cm<\/span><\/p>\n<p><span style=\"color: rgb(75, 80, 88);\">&#8211; Hergestellt und geliefert von einem langj\u00e4hrigen Lieferanten in Indien<\/span><\/p>\n<p><span style=\"color: rgb(75, 80, 88);\">Die Plastikboxen, in denen diese B\u00e4ume geliefert werden, k\u00f6nnen als Sammler-Ausstellungsboxen umfunktioniert oder auf kreative Weise wiederverwendet werden.<\/span><\/p>\n","protected":false},"excerpt":{"rendered":"<p>Produktdetails: &#8211; Orgonitbasis &#8211; Verziert mit 15 St\u00fcck schwarzen Achat-Edelsteinen &#8211; Jeder Baum ist ca. 5 cm &#8211; Hergestellt und geliefert von einem langj\u00e4hrigen Lieferanten in Indien Die Plastikboxen, in denen diese B\u00e4ume geliefert werden, k\u00f6nnen als Sammler-Ausstellungsboxen umfunktioniert oder auf kreative Weise wiederverwendet werden.<\/p>\n","protected":false},"featured_media":339373,"comment_status":"closed","ping_status":"open","template":"","meta":[],"product_brand":[],"product_cat":[25542,25223,19268,17269],"product_tag":[],"class_list":{"0":"post-232733","1":"product","2":"type-product","3":"status-publish","4":"has-post-thumbnail","6":"product_cat-agate","7":"product_cat-edelsteine-mineralien","8":"product_cat-edelsteinschmuck-und-accessoires","9":"product_cat-esoterik-geschenke","10":"pa_collection-mini-gemstone-trees-de","11":"pa_made-in-indien","13":"first","14":"instock","15":"purchasable","16":"product-type-simple"},"supplier_id":null,"supplier_sku":"MGemT-09","barcode":null,"atum_controlled":true,"out_stock_date":null,"out_stock_threshold":null,"inheritable":false,"inbound_stock":null,"stock_on_hold":0,"sold_today":0,"sales_last_days":0,"reserved_stock":null,"customer_returns":null,"warehouse_damage":null,"lost_in_post":null,"other_logs":null,"out_stock_days":0,"lost_sales":0,"has_location":null,"update_date":"2026-01-30T01:25:40","atum_locations":[],"atum_stock_status":"instock","restock_status":false,"low_stock_amount":"","sales_update_date":"2026-01-30T01:25:40","calc_backorders":null,"_links":{"self":[{"href":"https:\/\/aromasentia.com\/de\/wp-json\/wp\/v2\/product\/232733","targetHints":{"allow":["GET"]}}],"collection":[{"href":"https:\/\/aromasentia.com\/de\/wp-json\/wp\/v2\/product"}],"about":[{"href":"https:\/\/aromasentia.com\/de\/wp-json\/wp\/v2\/types\/product"}],"replies":[{"embeddable":true,"href":"https:\/\/aromasentia.com\/de\/wp-json\/wp\/v2\/comments?post=232733"}],"version-history":[{"count":0,"href":"https:\/\/aromasentia.com\/de\/wp-json\/wp\/v2\/product\/232733\/revisions"}],"wp:featuredmedia":[{"embeddable":true,"href":"https:\/\/aromasentia.com\/de\/wp-json\/wp\/v2\/media\/339373"}],"wp:attachment":[{"href":"https:\/\/aromasentia.com\/de\/wp-json\/wp\/v2\/media?parent=232733"}],"wp:term":[{"taxonomy":"product_brand","embeddable":true,"href":"https:\/\/aromasentia.com\/de\/wp-json\/wp\/v2\/product_brand?post=232733"},{"taxonomy":"product_cat","embeddable":true,"href":"https:\/\/aromasentia.com\/de\/wp-json\/wp\/v2\/product_cat?post=232733"},{"taxonomy":"product_tag","embeddable":true,"href":"https:\/\/aromasentia.com\/de\/wp-json\/wp\/v2\/product_tag?post=232733"}],"curies":[{"name":"wp","href":"https:\/\/api.w.org\/{rel}","templated":true}]}}