{"id":232673,"date":"2025-03-22T13:29:58","date_gmt":"2025-03-22T13:29:58","guid":{"rendered":"https:\/\/aromasentia.com\/product\/twelwe-inch-lingam-stone-30cm\/"},"modified":"2025-12-30T20:10:44","modified_gmt":"2025-12-30T20:10:44","slug":"zwoelf-zoll-lingam","status":"publish","type":"product","link":"https:\/\/aromasentia.com\/de\/zwoelf-zoll-lingam\/","title":{"rendered":"Zw\u00f6lf Zoll Lingam"},"content":{"rendered":"<p>Der Shiva-Lingam-Stein ist ein heiliger Stein der Antike und der Moderne. Er wird im Narmada-Fluss in Onkar Mandhata gefunden, einer der sieben heiligen St\u00e4tten Indiens. Diese Steine von Aroma Sentia-ping bestehen aus kryptokristallinem Quarz und entstanden der Legende nach vor mehreren Millionen Jahren durch einen Meteoriteneinschlag. Die nat\u00fcrliche Bewegung des Flusses soll die ei- oder ovale Form der Steine hervorgebracht haben. Sie werden nur an einem Tag im Jahr gesammelt und von Hand poliert, um ihnen eine glatte, gl\u00e4nzende Oberfl\u00e4che zu verleihen. Lingam-Steinen wird eine der h\u00f6chsten Schwingungsfrequenzen aller Steine der Erde nachgesagt. Sie strahlen eine Schwingung aus, die Ihren heiligen Ort reinigt.<\/p>\n<p><span style=\"color: rgb(184, 49, 47);\"><strong>Die angegebenen Ma\u00dfe beziehen sich auf einen einzelnen Stein.<\/strong><\/span><\/p>\n<p><strong>Jeder Shiva-Lingam-Stein ist ein Unikat!<\/strong><\/p>\n","protected":false},"excerpt":{"rendered":"<p>Der Shiva-Lingam-Stein ist ein heiliger Stein der Antike und der Moderne. Er wird im Narmada-Fluss in Onkar Mandhata gefunden, einer der sieben heiligen St\u00e4tten Indiens. Diese Steine von Aroma Sentia-ping bestehen aus kryptokristallinem Quarz und entstanden der Legende nach vor mehreren Millionen Jahren durch einen Meteoriteneinschlag. Die nat\u00fcrliche Bewegung des Flusses soll die ei- oder [&hellip;]<\/p>\n","protected":false},"featured_media":338870,"comment_status":"closed","ping_status":"open","template":"","meta":{"_angie_page":false},"product_brand":[],"product_cat":[25223,17269,25753,18942],"product_tag":[],"class_list":{"0":"post-232673","1":"product","2":"type-product","3":"status-publish","4":"has-post-thumbnail","6":"product_cat-edelsteine-mineralien","7":"product_cat-esoterik-geschenke","8":"product_cat-shiva-lingam","9":"product_cat-trommelsteine","10":"pa_collection-shiva-lingam-stones-de","11":"pa_made-in-indien","13":"first","14":"instock","15":"purchasable","16":"product-type-simple"},"supplier_id":null,"supplier_sku":"Ling-05","barcode":null,"atum_controlled":true,"out_stock_date":null,"out_stock_threshold":null,"inheritable":false,"inbound_stock":null,"stock_on_hold":0,"sold_today":0,"sales_last_days":0,"reserved_stock":null,"customer_returns":null,"warehouse_damage":null,"lost_in_post":null,"other_logs":null,"out_stock_days":0,"lost_sales":0,"has_location":null,"update_date":"2026-04-27T07:11:14","atum_locations":[],"atum_stock_status":"instock","restock_status":false,"low_stock_amount":"","sales_update_date":"2026-02-06T00:00:45","calc_backorders":null,"_links":{"self":[{"href":"https:\/\/aromasentia.com\/de\/wp-json\/wp\/v2\/product\/232673","targetHints":{"allow":["GET"]}}],"collection":[{"href":"https:\/\/aromasentia.com\/de\/wp-json\/wp\/v2\/product"}],"about":[{"href":"https:\/\/aromasentia.com\/de\/wp-json\/wp\/v2\/types\/product"}],"replies":[{"embeddable":true,"href":"https:\/\/aromasentia.com\/de\/wp-json\/wp\/v2\/comments?post=232673"}],"version-history":[{"count":0,"href":"https:\/\/aromasentia.com\/de\/wp-json\/wp\/v2\/product\/232673\/revisions"}],"wp:featuredmedia":[{"embeddable":true,"href":"https:\/\/aromasentia.com\/de\/wp-json\/wp\/v2\/media\/338870"}],"wp:attachment":[{"href":"https:\/\/aromasentia.com\/de\/wp-json\/wp\/v2\/media?parent=232673"}],"wp:term":[{"taxonomy":"product_brand","embeddable":true,"href":"https:\/\/aromasentia.com\/de\/wp-json\/wp\/v2\/product_brand?post=232673"},{"taxonomy":"product_cat","embeddable":true,"href":"https:\/\/aromasentia.com\/de\/wp-json\/wp\/v2\/product_cat?post=232673"},{"taxonomy":"product_tag","embeddable":true,"href":"https:\/\/aromasentia.com\/de\/wp-json\/wp\/v2\/product_tag?post=232673"}],"curies":[{"name":"wp","href":"https:\/\/api.w.org\/{rel}","templated":true}]}}