{"id":232645,"date":"2025-03-22T13:30:06","date_gmt":"2025-03-22T13:30:06","guid":{"rendered":"https:\/\/aromasentia.com\/product\/green-avenurine-gemstone-chips-bulk-1kg\/"},"modified":"2025-12-30T20:10:44","modified_gmt":"2025-12-30T20:10:44","slug":"gruene-aventurin-edelstein-chips-1kg","status":"publish","type":"product","link":"https:\/\/aromasentia.com\/de\/gruene-aventurin-edelstein-chips-1kg\/","title":{"rendered":"Gr\u00fcne Aventurin Edelstein Chips &#8211; 1KG"},"content":{"rendered":"<p>Entdecken Sie unsere wundersch\u00f6nen, hochwertigen Aroma Sentia-ping Mixed Green Avenurine Edelsteinsplitter (1 kg)! Diese wundersch\u00f6ne Mischung aus bunten Edelsteinsplittern eignet sich ideal f\u00fcr dekorative Bastelarbeiten und sogar Aquarien. Die M\u00f6glichkeiten sind endlos und sie werden sich garantiert gut verkaufen. Lassen Sie Ihrer Kreativit\u00e4t freien Lauf!<\/p>\n<p>Verwenden Sie sie zum Bef\u00fcllen unserer Glasschalen oder unserer gro\u00dfen Auswahl an Glasterrarien und -schalen.<\/p>\n<p>Nehmen Sie dieses Produkt noch heute in Ihr Angebot auf und sichern Sie sich die meisten dieser hochwertigen Edelsteinsplitter in Ihrem Online-Shop. Ihre Kunden werden begeistert sein.<\/p>\n","protected":false},"excerpt":{"rendered":"<p>Entdecken Sie unsere wundersch\u00f6nen, hochwertigen Aroma Sentia-ping Mixed Green Avenurine Edelsteinsplitter (1 kg)! Diese wundersch\u00f6ne Mischung aus bunten Edelsteinsplittern eignet sich ideal f\u00fcr dekorative Bastelarbeiten und sogar Aquarien. Die M\u00f6glichkeiten sind endlos und sie werden sich garantiert gut verkaufen. Lassen Sie Ihrer Kreativit\u00e4t freien Lauf! Verwenden Sie sie zum Bef\u00fcllen unserer Glasschalen oder unserer gro\u00dfen [&hellip;]<\/p>\n","protected":false},"featured_media":341938,"comment_status":"closed","ping_status":"open","template":"","meta":{"_angie_page":false},"product_brand":[],"product_cat":[17269,18942],"product_tag":[],"class_list":{"0":"post-232645","1":"product","2":"type-product","3":"status-publish","4":"has-post-thumbnail","6":"product_cat-esoterik-geschenke","7":"product_cat-trommelsteine","8":"pa_collection-mixed-gemstones-de","9":"pa_made-in-indien","11":"first","12":"instock","13":"purchasable","14":"product-type-simple"},"supplier_id":null,"supplier_sku":"NMGC-12","barcode":null,"atum_controlled":true,"out_stock_date":null,"out_stock_threshold":null,"inheritable":false,"inbound_stock":null,"stock_on_hold":0,"sold_today":0,"sales_last_days":0,"reserved_stock":null,"customer_returns":null,"warehouse_damage":null,"lost_in_post":null,"other_logs":null,"out_stock_days":0,"lost_sales":0,"has_location":null,"update_date":"2026-04-27T07:15:25","atum_locations":[],"atum_stock_status":"instock","restock_status":false,"low_stock_amount":"","sales_update_date":"2025-09-05T00:24:57","calc_backorders":null,"_links":{"self":[{"href":"https:\/\/aromasentia.com\/de\/wp-json\/wp\/v2\/product\/232645","targetHints":{"allow":["GET"]}}],"collection":[{"href":"https:\/\/aromasentia.com\/de\/wp-json\/wp\/v2\/product"}],"about":[{"href":"https:\/\/aromasentia.com\/de\/wp-json\/wp\/v2\/types\/product"}],"replies":[{"embeddable":true,"href":"https:\/\/aromasentia.com\/de\/wp-json\/wp\/v2\/comments?post=232645"}],"version-history":[{"count":0,"href":"https:\/\/aromasentia.com\/de\/wp-json\/wp\/v2\/product\/232645\/revisions"}],"wp:featuredmedia":[{"embeddable":true,"href":"https:\/\/aromasentia.com\/de\/wp-json\/wp\/v2\/media\/341938"}],"wp:attachment":[{"href":"https:\/\/aromasentia.com\/de\/wp-json\/wp\/v2\/media?parent=232645"}],"wp:term":[{"taxonomy":"product_brand","embeddable":true,"href":"https:\/\/aromasentia.com\/de\/wp-json\/wp\/v2\/product_brand?post=232645"},{"taxonomy":"product_cat","embeddable":true,"href":"https:\/\/aromasentia.com\/de\/wp-json\/wp\/v2\/product_cat?post=232645"},{"taxonomy":"product_tag","embeddable":true,"href":"https:\/\/aromasentia.com\/de\/wp-json\/wp\/v2\/product_tag?post=232645"}],"curies":[{"name":"wp","href":"https:\/\/api.w.org\/{rel}","templated":true}]}}