{"id":232641,"date":"2025-03-22T13:30:06","date_gmt":"2025-03-22T13:30:06","guid":{"rendered":"https:\/\/aromasentia.com\/product\/moonstone-gemstone-chips-bulk-1kg\/"},"modified":"2025-12-30T20:10:44","modified_gmt":"2025-12-30T20:10:44","slug":"mondstein-edelstein-chips-1kg","status":"publish","type":"product","link":"https:\/\/aromasentia.com\/de\/mondstein-edelstein-chips-1kg\/","title":{"rendered":"Mondstein Edelstein Chips &#8211; 1KG"},"content":{"rendered":"<p>Entdecken Sie unsere wundersch\u00f6nen, preiswerten Aroma Sentia-ping Mondstein-Edelsteinsplitter in Gro\u00dfpackung (1 kg)! Die wundersch\u00f6ne Mischung bunter Edelsteinsplitter eignet sich ideal f\u00fcr dekorative Bastelarbeiten und sogar Aquarien. Die M\u00f6glichkeiten sind endlos und sie werden sich garantiert gut verkaufen. Lassen Sie Ihrer Kreativit\u00e4t freien Lauf!<\/p>\n<p>Verwenden Sie sie zum Bef\u00fcllen unserer Glasschalen oder unserer gro\u00dfen Auswahl an Glasterrarien und -schalen.<\/p>\n<p>Nehmen Sie dieses Produkt noch heute in Ihr Angebot auf und sichern Sie sich die meisten dieser preiswerten Edelsteinsplitter in Ihrem Online-Shop. Ihre Kunden werden begeistert sein.<\/p>\n","protected":false},"excerpt":{"rendered":"<p>Entdecken Sie unsere wundersch\u00f6nen, preiswerten Aroma Sentia-ping Mondstein-Edelsteinsplitter in Gro\u00dfpackung (1 kg)! Die wundersch\u00f6ne Mischung bunter Edelsteinsplitter eignet sich ideal f\u00fcr dekorative Bastelarbeiten und sogar Aquarien. Die M\u00f6glichkeiten sind endlos und sie werden sich garantiert gut verkaufen. Lassen Sie Ihrer Kreativit\u00e4t freien Lauf! Verwenden Sie sie zum Bef\u00fcllen unserer Glasschalen oder unserer gro\u00dfen Auswahl an [&hellip;]<\/p>\n","protected":false},"featured_media":341913,"comment_status":"closed","ping_status":"open","template":"","meta":{"_angie_page":false},"product_brand":[],"product_cat":[25223,17269,25686,18942],"product_tag":[],"class_list":{"0":"post-232641","1":"product","2":"type-product","3":"status-publish","4":"has-post-thumbnail","6":"product_cat-edelsteine-mineralien","7":"product_cat-esoterik-geschenke","8":"product_cat-mondstein","9":"product_cat-trommelsteine","10":"pa_collection-mixed-gemstones-de","11":"pa_made-in-indien","13":"first","14":"instock","15":"purchasable","16":"product-type-simple"},"supplier_id":null,"supplier_sku":"NMGC-11","barcode":null,"atum_controlled":true,"out_stock_date":null,"out_stock_threshold":null,"inheritable":false,"inbound_stock":null,"stock_on_hold":0,"sold_today":0,"sales_last_days":0,"reserved_stock":null,"customer_returns":null,"warehouse_damage":null,"lost_in_post":null,"other_logs":null,"out_stock_days":0,"lost_sales":0,"has_location":null,"update_date":"2026-04-27T07:15:25","atum_locations":[],"atum_stock_status":"instock","restock_status":false,"low_stock_amount":"","sales_update_date":"2026-01-30T01:24:28","calc_backorders":null,"_links":{"self":[{"href":"https:\/\/aromasentia.com\/de\/wp-json\/wp\/v2\/product\/232641","targetHints":{"allow":["GET"]}}],"collection":[{"href":"https:\/\/aromasentia.com\/de\/wp-json\/wp\/v2\/product"}],"about":[{"href":"https:\/\/aromasentia.com\/de\/wp-json\/wp\/v2\/types\/product"}],"replies":[{"embeddable":true,"href":"https:\/\/aromasentia.com\/de\/wp-json\/wp\/v2\/comments?post=232641"}],"version-history":[{"count":0,"href":"https:\/\/aromasentia.com\/de\/wp-json\/wp\/v2\/product\/232641\/revisions"}],"wp:featuredmedia":[{"embeddable":true,"href":"https:\/\/aromasentia.com\/de\/wp-json\/wp\/v2\/media\/341913"}],"wp:attachment":[{"href":"https:\/\/aromasentia.com\/de\/wp-json\/wp\/v2\/media?parent=232641"}],"wp:term":[{"taxonomy":"product_brand","embeddable":true,"href":"https:\/\/aromasentia.com\/de\/wp-json\/wp\/v2\/product_brand?post=232641"},{"taxonomy":"product_cat","embeddable":true,"href":"https:\/\/aromasentia.com\/de\/wp-json\/wp\/v2\/product_cat?post=232641"},{"taxonomy":"product_tag","embeddable":true,"href":"https:\/\/aromasentia.com\/de\/wp-json\/wp\/v2\/product_tag?post=232641"}],"curies":[{"name":"wp","href":"https:\/\/api.w.org\/{rel}","templated":true}]}}