{"id":232613,"date":"2025-03-22T13:30:06","date_gmt":"2025-03-22T13:30:06","guid":{"rendered":"https:\/\/aromasentia.com\/product\/mixed-natural-gemstone-chips-1kg\/"},"modified":"2025-12-30T20:10:36","modified_gmt":"2025-12-30T20:10:36","slug":"gemischte-edelsteinkiesel-1-kilo","status":"publish","type":"product","link":"https:\/\/aromasentia.com\/de\/gemischte-edelsteinkiesel-1-kilo\/","title":{"rendered":"Gemischte Edelsteinkiesel 1 Kilo"},"content":{"rendered":"<p>Schauen Sie sich unsere wundersch\u00f6nen <strong>gemischten Edelsteinsplitter &nbsp;von Aroma Sentia-ping<\/strong><\/p>\n<p>an. Sie sind eine wundersch\u00f6ne Mischung aus bunten Edelsteinsplittern und Steinen, die sich f\u00fcr dekorative Bastelarbeiten und sogar f\u00fcr Aquarien und Terrarien eignen.<\/p>\n<p>Die M\u00f6glichkeiten sind endlos.<\/p>\n<p><strong>Die gemischten Edelsteinsplitter werden in einem 1-kg-Beutel geliefert.<\/strong><\/p>\n","protected":false},"excerpt":{"rendered":"<p>Schauen Sie sich unsere wundersch\u00f6nen gemischten Edelsteinsplitter &nbsp;von Aroma Sentia-ping an. Sie sind eine wundersch\u00f6ne Mischung aus bunten Edelsteinsplittern und Steinen, die sich f\u00fcr dekorative Bastelarbeiten und sogar f\u00fcr Aquarien und Terrarien eignen. Die M\u00f6glichkeiten sind endlos. Die gemischten Edelsteinsplitter werden in einem 1-kg-Beutel geliefert.<\/p>\n","protected":false},"featured_media":341754,"comment_status":"closed","ping_status":"open","template":"","meta":{"_angie_page":false},"product_brand":[],"product_cat":[17269,18942],"product_tag":[],"class_list":{"0":"post-232613","1":"product","2":"type-product","3":"status-publish","4":"has-post-thumbnail","6":"product_cat-esoterik-geschenke","7":"product_cat-trommelsteine","8":"pa_collection-mixed-gemstones-de","9":"pa_made-in-indien","11":"first","12":"instock","13":"purchasable","14":"product-type-simple"},"supplier_id":null,"supplier_sku":"NMGC-01","barcode":null,"atum_controlled":true,"out_stock_date":null,"out_stock_threshold":null,"inheritable":false,"inbound_stock":null,"stock_on_hold":0,"sold_today":0,"sales_last_days":0,"reserved_stock":null,"customer_returns":null,"warehouse_damage":null,"lost_in_post":null,"other_logs":null,"out_stock_days":0,"lost_sales":0,"has_location":null,"update_date":"2026-05-11T01:56:47","atum_locations":[],"atum_stock_status":"instock","restock_status":false,"low_stock_amount":"","sales_update_date":"2025-09-05T00:24:55","calc_backorders":null,"_links":{"self":[{"href":"https:\/\/aromasentia.com\/de\/wp-json\/wp\/v2\/product\/232613","targetHints":{"allow":["GET"]}}],"collection":[{"href":"https:\/\/aromasentia.com\/de\/wp-json\/wp\/v2\/product"}],"about":[{"href":"https:\/\/aromasentia.com\/de\/wp-json\/wp\/v2\/types\/product"}],"replies":[{"embeddable":true,"href":"https:\/\/aromasentia.com\/de\/wp-json\/wp\/v2\/comments?post=232613"}],"version-history":[{"count":0,"href":"https:\/\/aromasentia.com\/de\/wp-json\/wp\/v2\/product\/232613\/revisions"}],"wp:featuredmedia":[{"embeddable":true,"href":"https:\/\/aromasentia.com\/de\/wp-json\/wp\/v2\/media\/341754"}],"wp:attachment":[{"href":"https:\/\/aromasentia.com\/de\/wp-json\/wp\/v2\/media?parent=232613"}],"wp:term":[{"taxonomy":"product_brand","embeddable":true,"href":"https:\/\/aromasentia.com\/de\/wp-json\/wp\/v2\/product_brand?post=232613"},{"taxonomy":"product_cat","embeddable":true,"href":"https:\/\/aromasentia.com\/de\/wp-json\/wp\/v2\/product_cat?post=232613"},{"taxonomy":"product_tag","embeddable":true,"href":"https:\/\/aromasentia.com\/de\/wp-json\/wp\/v2\/product_tag?post=232613"}],"curies":[{"name":"wp","href":"https:\/\/api.w.org\/{rel}","templated":true}]}}