{"id":232581,"date":"2025-03-22T13:30:06","date_gmt":"2025-03-22T13:30:06","guid":{"rendered":"https:\/\/aromasentia.com\/product\/mineral-specimens-galene-approx-80-pieces\/"},"modified":"2025-12-30T20:10:28","modified_gmt":"2025-12-30T20:10:28","slug":"mineralische-exemplare-galene-ca-80-stueck","status":"publish","type":"product","link":"https:\/\/aromasentia.com\/de\/mineralische-exemplare-galene-ca-80-stueck\/","title":{"rendered":"Mineralische Exemplare &#8211; Galene (ca. 80 St\u00fcck)"},"content":{"rendered":"<p>Galenit hilft, intensive Emotionen wie Wut, Wutanf\u00e4lle, Rachegef\u00fchle oder Groll zu lindern. Mental unterst\u00fctzt er entschlossenes Handeln, indem er st\u00f6rende Gedanken und anhaltende Belastungen beseitigt. Er bietet Stabilit\u00e4t und die n\u00f6tige Struktur, um Ihre Ziele zu erreichen. Auf spiritueller Ebene dient Galenit als starker Wegweiser durch die Dunkelheit, kann jedoch bei l\u00e4ngerer Anwendung w\u00e4hrend spiritueller Erkundungen eine starre Denkweise erzeugen und Glauben und Wissen verfestigen. Es wird empfohlen, achtsam und aufmerksam auf das eigene Innere zu achten.<\/p>\n","protected":false},"excerpt":{"rendered":"<p>Galenit hilft, intensive Emotionen wie Wut, Wutanf\u00e4lle, Rachegef\u00fchle oder Groll zu lindern. Mental unterst\u00fctzt er entschlossenes Handeln, indem er st\u00f6rende Gedanken und anhaltende Belastungen beseitigt. Er bietet Stabilit\u00e4t und die n\u00f6tige Struktur, um Ihre Ziele zu erreichen. Auf spiritueller Ebene dient Galenit als starker Wegweiser durch die Dunkelheit, kann jedoch bei l\u00e4ngerer Anwendung w\u00e4hrend spiritueller [&hellip;]<\/p>\n","protected":false},"featured_media":341482,"comment_status":"closed","ping_status":"open","template":"","meta":{"_angie_page":false},"product_brand":[],"product_cat":[17269,18942],"product_tag":[],"class_list":{"0":"post-232581","1":"product","2":"type-product","3":"status-publish","4":"has-post-thumbnail","6":"product_cat-esoterik-geschenke","7":"product_cat-trommelsteine","8":"pa_collection-rare-mineral-specimens-de","9":"pa_made-in-marokko","11":"first","12":"instock","13":"purchasable","14":"product-type-simple"},"supplier_id":null,"supplier_sku":"MinSP-18","barcode":null,"atum_controlled":true,"out_stock_date":null,"out_stock_threshold":null,"inheritable":false,"inbound_stock":null,"stock_on_hold":0,"sold_today":0,"sales_last_days":0,"reserved_stock":null,"customer_returns":null,"warehouse_damage":null,"lost_in_post":null,"other_logs":null,"out_stock_days":0,"lost_sales":0,"has_location":null,"update_date":"2026-05-08T05:13:11","atum_locations":[],"atum_stock_status":"instock","restock_status":false,"low_stock_amount":"","sales_update_date":"2026-02-06T00:00:46","calc_backorders":null,"_links":{"self":[{"href":"https:\/\/aromasentia.com\/de\/wp-json\/wp\/v2\/product\/232581","targetHints":{"allow":["GET"]}}],"collection":[{"href":"https:\/\/aromasentia.com\/de\/wp-json\/wp\/v2\/product"}],"about":[{"href":"https:\/\/aromasentia.com\/de\/wp-json\/wp\/v2\/types\/product"}],"replies":[{"embeddable":true,"href":"https:\/\/aromasentia.com\/de\/wp-json\/wp\/v2\/comments?post=232581"}],"version-history":[{"count":0,"href":"https:\/\/aromasentia.com\/de\/wp-json\/wp\/v2\/product\/232581\/revisions"}],"wp:featuredmedia":[{"embeddable":true,"href":"https:\/\/aromasentia.com\/de\/wp-json\/wp\/v2\/media\/341482"}],"wp:attachment":[{"href":"https:\/\/aromasentia.com\/de\/wp-json\/wp\/v2\/media?parent=232581"}],"wp:term":[{"taxonomy":"product_brand","embeddable":true,"href":"https:\/\/aromasentia.com\/de\/wp-json\/wp\/v2\/product_brand?post=232581"},{"taxonomy":"product_cat","embeddable":true,"href":"https:\/\/aromasentia.com\/de\/wp-json\/wp\/v2\/product_cat?post=232581"},{"taxonomy":"product_tag","embeddable":true,"href":"https:\/\/aromasentia.com\/de\/wp-json\/wp\/v2\/product_tag?post=232581"}],"curies":[{"name":"wp","href":"https:\/\/api.w.org\/{rel}","templated":true}]}}