{"id":232561,"date":"2025-03-22T13:30:06","date_gmt":"2025-03-22T13:30:06","guid":{"rendered":"https:\/\/aromasentia.com\/product\/mineral-specimens-epidote-approx-10-pieces\/"},"modified":"2025-12-30T20:10:28","modified_gmt":"2025-12-30T20:10:28","slug":"mineralische-exemplare-epidot-ca-10-stueck","status":"publish","type":"product","link":"https:\/\/aromasentia.com\/de\/mineralische-exemplare-epidot-ca-10-stueck\/","title":{"rendered":"Mineralische Exemplare &#8211; Epidot (ca. 10 St\u00fcck)"},"content":{"rendered":"<p><span style=\"color: rgb(75, 80, 88);\">Epidot ist ein h\u00e4ufig vorkommendes Mineral aus der Gruppe der Silikate mit weit verbreiteter Verbreitung. Es ist spr\u00f6de, durchsichtig und ver\u00e4ndert je nach Betrachtungsrichtung seine Farbe von Dunkelgr\u00fcn zu Gelbgr\u00fcn. In der Esoterik wird es als Erg\u00e4nzung zur Meditation empfohlen. Dabei kann man den Stein in der Hand halten oder auf den Oberschenkel legen.<\/span> <\/p>\n","protected":false},"excerpt":{"rendered":"<p>Epidot ist ein h\u00e4ufig vorkommendes Mineral aus der Gruppe der Silikate mit weit verbreiteter Verbreitung. Es ist spr\u00f6de, durchsichtig und ver\u00e4ndert je nach Betrachtungsrichtung seine Farbe von Dunkelgr\u00fcn zu Gelbgr\u00fcn. In der Esoterik wird es als Erg\u00e4nzung zur Meditation empfohlen. Dabei kann man den Stein in der Hand halten oder auf den Oberschenkel legen.<\/p>\n","protected":false},"featured_media":341101,"comment_status":"closed","ping_status":"open","template":"","meta":{"_angie_page":false},"product_brand":[],"product_cat":[25223,25595,17269,18942],"product_tag":[],"class_list":{"0":"post-232561","1":"product","2":"type-product","3":"status-publish","4":"has-post-thumbnail","6":"product_cat-edelsteine-mineralien","7":"product_cat-epidot","8":"product_cat-esoterik-geschenke","9":"product_cat-trommelsteine","10":"pa_collection-rare-mineral-specimens-de","11":"pa_made-in-marokko","13":"first","14":"instock","15":"purchasable","16":"product-type-simple"},"supplier_id":null,"supplier_sku":"MinSP-13","barcode":null,"atum_controlled":true,"out_stock_date":null,"out_stock_threshold":null,"inheritable":false,"inbound_stock":null,"stock_on_hold":0,"sold_today":0,"sales_last_days":0,"reserved_stock":null,"customer_returns":null,"warehouse_damage":null,"lost_in_post":null,"other_logs":null,"out_stock_days":0,"lost_sales":0,"has_location":null,"update_date":"2026-04-27T07:13:06","atum_locations":[],"atum_stock_status":"instock","restock_status":false,"low_stock_amount":"","sales_update_date":"2026-02-06T00:02:06","calc_backorders":null,"_links":{"self":[{"href":"https:\/\/aromasentia.com\/de\/wp-json\/wp\/v2\/product\/232561","targetHints":{"allow":["GET"]}}],"collection":[{"href":"https:\/\/aromasentia.com\/de\/wp-json\/wp\/v2\/product"}],"about":[{"href":"https:\/\/aromasentia.com\/de\/wp-json\/wp\/v2\/types\/product"}],"replies":[{"embeddable":true,"href":"https:\/\/aromasentia.com\/de\/wp-json\/wp\/v2\/comments?post=232561"}],"version-history":[{"count":0,"href":"https:\/\/aromasentia.com\/de\/wp-json\/wp\/v2\/product\/232561\/revisions"}],"wp:featuredmedia":[{"embeddable":true,"href":"https:\/\/aromasentia.com\/de\/wp-json\/wp\/v2\/media\/341101"}],"wp:attachment":[{"href":"https:\/\/aromasentia.com\/de\/wp-json\/wp\/v2\/media?parent=232561"}],"wp:term":[{"taxonomy":"product_brand","embeddable":true,"href":"https:\/\/aromasentia.com\/de\/wp-json\/wp\/v2\/product_brand?post=232561"},{"taxonomy":"product_cat","embeddable":true,"href":"https:\/\/aromasentia.com\/de\/wp-json\/wp\/v2\/product_cat?post=232561"},{"taxonomy":"product_tag","embeddable":true,"href":"https:\/\/aromasentia.com\/de\/wp-json\/wp\/v2\/product_tag?post=232561"}],"curies":[{"name":"wp","href":"https:\/\/api.w.org\/{rel}","templated":true}]}}