{"id":232549,"date":"2025-03-22T13:30:06","date_gmt":"2025-03-22T13:30:06","guid":{"rendered":"https:\/\/aromasentia.com\/product\/mineral-specimens-calcite-approx-32-pieces\/"},"modified":"2025-12-30T20:10:20","modified_gmt":"2025-12-30T20:10:20","slug":"mineralische-exemplare-calcit-ca-32-stueck","status":"publish","type":"product","link":"https:\/\/aromasentia.com\/de\/mineralische-exemplare-calcit-ca-32-stueck\/","title":{"rendered":"Mineralische Exemplare &#8211; Calcit (ca. 32 St\u00fcck)"},"content":{"rendered":"<p><span style=\"color: rgb(75, 80, 88);\">Calcit ist weltweit verbreitet und macht mehr als 4 % der Gesamtmasse der Erdkruste aus. Dieses Mineral kommt in vielen Farben vor, beispielsweise Rot, Orange, Gr\u00fcn, Gelb, Blau und Braun. Es gibt auch farblose und wei\u00dfe Luchs-Exemplare. Calcit erscheint als transparenter oder undurchsichtiger Kristall. Am h\u00e4ufigsten sind Exemplare mit Beimischungen von Mangan, Eisen und Magnesium, Strontium, Barium, Kobalt und Blei. Calcit gilt als Stein des Gleichgewichts. Er hat die F\u00e4higkeit, Energie zu st\u00e4rken und zu reinigen.<\/span> <\/p>\n","protected":false},"excerpt":{"rendered":"<p>Calcit ist weltweit verbreitet und macht mehr als 4 % der Gesamtmasse der Erdkruste aus. Dieses Mineral kommt in vielen Farben vor, beispielsweise Rot, Orange, Gr\u00fcn, Gelb, Blau und Braun. Es gibt auch farblose und wei\u00dfe Luchs-Exemplare. Calcit erscheint als transparenter oder undurchsichtiger Kristall. Am h\u00e4ufigsten sind Exemplare mit Beimischungen von Mangan, Eisen und Magnesium, [&hellip;]<\/p>\n","protected":false},"featured_media":340890,"comment_status":"closed","ping_status":"open","template":"","meta":{"_angie_page":false},"product_brand":[],"product_cat":[25223,17269,25575,18942],"product_tag":[],"class_list":{"0":"post-232549","1":"product","2":"type-product","3":"status-publish","4":"has-post-thumbnail","6":"product_cat-edelsteine-mineralien","7":"product_cat-esoterik-geschenke","8":"product_cat-kalzit","9":"product_cat-trommelsteine","10":"pa_collection-rare-mineral-specimens-de","11":"pa_made-in-marokko","13":"first","14":"instock","15":"purchasable","16":"product-type-simple"},"supplier_id":null,"supplier_sku":"MinSP-10","barcode":null,"atum_controlled":true,"out_stock_date":null,"out_stock_threshold":null,"inheritable":false,"inbound_stock":null,"stock_on_hold":0,"sold_today":0,"sales_last_days":0,"reserved_stock":null,"customer_returns":null,"warehouse_damage":null,"lost_in_post":null,"other_logs":null,"out_stock_days":153,"lost_sales":0,"has_location":null,"update_date":"2026-04-27T07:13:06","atum_locations":[],"atum_stock_status":"instock","restock_status":false,"low_stock_amount":"","sales_update_date":"2026-02-06T00:01:04","calc_backorders":null,"_links":{"self":[{"href":"https:\/\/aromasentia.com\/de\/wp-json\/wp\/v2\/product\/232549","targetHints":{"allow":["GET"]}}],"collection":[{"href":"https:\/\/aromasentia.com\/de\/wp-json\/wp\/v2\/product"}],"about":[{"href":"https:\/\/aromasentia.com\/de\/wp-json\/wp\/v2\/types\/product"}],"replies":[{"embeddable":true,"href":"https:\/\/aromasentia.com\/de\/wp-json\/wp\/v2\/comments?post=232549"}],"version-history":[{"count":0,"href":"https:\/\/aromasentia.com\/de\/wp-json\/wp\/v2\/product\/232549\/revisions"}],"wp:featuredmedia":[{"embeddable":true,"href":"https:\/\/aromasentia.com\/de\/wp-json\/wp\/v2\/media\/340890"}],"wp:attachment":[{"href":"https:\/\/aromasentia.com\/de\/wp-json\/wp\/v2\/media?parent=232549"}],"wp:term":[{"taxonomy":"product_brand","embeddable":true,"href":"https:\/\/aromasentia.com\/de\/wp-json\/wp\/v2\/product_brand?post=232549"},{"taxonomy":"product_cat","embeddable":true,"href":"https:\/\/aromasentia.com\/de\/wp-json\/wp\/v2\/product_cat?post=232549"},{"taxonomy":"product_tag","embeddable":true,"href":"https:\/\/aromasentia.com\/de\/wp-json\/wp\/v2\/product_tag?post=232549"}],"curies":[{"name":"wp","href":"https:\/\/api.w.org\/{rel}","templated":true}]}}