{"id":232525,"date":"2025-03-22T13:30:06","date_gmt":"2025-03-22T13:30:06","guid":{"rendered":"https:\/\/aromasentia.com\/product\/finger-quartz-min-5-pieces-per-1kg-pack\/"},"modified":"2025-12-30T20:10:20","modified_gmt":"2025-12-30T20:10:20","slug":"milchquarz-1kg-packung","status":"publish","type":"product","link":"https:\/\/aromasentia.com\/de\/milchquarz-1kg-packung\/","title":{"rendered":"Milchquarz (1kg Packung)"},"content":{"rendered":"<p>Unsere seltenen Mineralien sind begehrte Sammlerst\u00fccke. Wenn Sie Mineralien sammeln, sollten Sie diese in Ihrer Sammlung haben. Verschiedenen Edelsteinen werden unterschiedliche Eigenschaften zugeschrieben, und seit Jahrtausenden werden sie zu Ringen, Armb\u00e4ndern, Amuletten, Broschen und Anh\u00e4ngern verarbeitet, um ihre Magie einzufangen.<\/p>\n<p>Eine verbreitete Theorie besagt, dass Edelsteine Schwingungsenergie enthalten. Durch das Einbringen von Edelsteinen in die Aura einer Person ist es m\u00f6glich, deren Schwingungen zu ver\u00e4ndern. Sie k\u00f6nnen Ihnen helfen, negative Gedanken zu absorbieren, Ihnen Mut und Selbstvertrauen zu verleihen oder Ihr Ged\u00e4chtnis zu verbessern.<\/p>\n<p>BITTE BEACHTEN: Diese Mineralien sind Naturprodukte. Daher kann die Gr\u00f6\u00dfe der Edelsteinst\u00fccke variieren.<\/p>\n","protected":false},"excerpt":{"rendered":"<p>Unsere seltenen Mineralien sind begehrte Sammlerst\u00fccke. Wenn Sie Mineralien sammeln, sollten Sie diese in Ihrer Sammlung haben. Verschiedenen Edelsteinen werden unterschiedliche Eigenschaften zugeschrieben, und seit Jahrtausenden werden sie zu Ringen, Armb\u00e4ndern, Amuletten, Broschen und Anh\u00e4ngern verarbeitet, um ihre Magie einzufangen. Eine verbreitete Theorie besagt, dass Edelsteine Schwingungsenergie enthalten. Durch das Einbringen von Edelsteinen in die [&hellip;]<\/p>\n","protected":false},"featured_media":340300,"comment_status":"closed","ping_status":"open","template":"","meta":{"_angie_page":false},"product_brand":[],"product_cat":[25223,17269,25735,18942],"product_tag":[],"class_list":{"0":"post-232525","1":"product","2":"type-product","3":"status-publish","4":"has-post-thumbnail","6":"product_cat-edelsteine-mineralien","7":"product_cat-esoterik-geschenke","8":"product_cat-quarz","9":"product_cat-trommelsteine","10":"pa_collection-rare-mineral-specimens-de","11":"pa_made-in-indien","13":"first","14":"instock","15":"purchasable","16":"product-type-simple"},"supplier_id":null,"supplier_sku":"MinSp-04","barcode":null,"atum_controlled":true,"out_stock_date":null,"out_stock_threshold":null,"inheritable":false,"inbound_stock":null,"stock_on_hold":0,"sold_today":0,"sales_last_days":0,"reserved_stock":null,"customer_returns":null,"warehouse_damage":null,"lost_in_post":null,"other_logs":null,"out_stock_days":0,"lost_sales":0,"has_location":null,"update_date":"2026-04-27T07:12:59","atum_locations":[],"atum_stock_status":"instock","restock_status":false,"low_stock_amount":"","sales_update_date":"2026-01-30T01:24:34","calc_backorders":null,"_links":{"self":[{"href":"https:\/\/aromasentia.com\/de\/wp-json\/wp\/v2\/product\/232525","targetHints":{"allow":["GET"]}}],"collection":[{"href":"https:\/\/aromasentia.com\/de\/wp-json\/wp\/v2\/product"}],"about":[{"href":"https:\/\/aromasentia.com\/de\/wp-json\/wp\/v2\/types\/product"}],"replies":[{"embeddable":true,"href":"https:\/\/aromasentia.com\/de\/wp-json\/wp\/v2\/comments?post=232525"}],"version-history":[{"count":0,"href":"https:\/\/aromasentia.com\/de\/wp-json\/wp\/v2\/product\/232525\/revisions"}],"wp:featuredmedia":[{"embeddable":true,"href":"https:\/\/aromasentia.com\/de\/wp-json\/wp\/v2\/media\/340300"}],"wp:attachment":[{"href":"https:\/\/aromasentia.com\/de\/wp-json\/wp\/v2\/media?parent=232525"}],"wp:term":[{"taxonomy":"product_brand","embeddable":true,"href":"https:\/\/aromasentia.com\/de\/wp-json\/wp\/v2\/product_brand?post=232525"},{"taxonomy":"product_cat","embeddable":true,"href":"https:\/\/aromasentia.com\/de\/wp-json\/wp\/v2\/product_cat?post=232525"},{"taxonomy":"product_tag","embeddable":true,"href":"https:\/\/aromasentia.com\/de\/wp-json\/wp\/v2\/product_tag?post=232525"}],"curies":[{"name":"wp","href":"https:\/\/api.w.org\/{rel}","templated":true}]}}