{"id":232501,"date":"2025-03-22T13:30:06","date_gmt":"2025-03-22T13:30:06","guid":{"rendered":"https:\/\/aromasentia.com\/product\/mini-gemstone-trees-on-wood-base-sodalite-15-stones\/"},"modified":"2025-12-30T20:10:12","modified_gmt":"2025-12-30T20:10:12","slug":"mini-edelsteinbaeume-auf-holzsockel-sodalith-15-steine","status":"publish","type":"product","link":"https:\/\/aromasentia.com\/de\/mini-edelsteinbaeume-auf-holzsockel-sodalith-15-steine\/","title":{"rendered":"Mini-Edelsteinb\u00e4ume auf Holzsockel \u2013 Sodalith (15 Steine)"},"content":{"rendered":"<p><span style=\"color: rgb(75, 80, 88);\"><strong>Produktdetails:<\/strong><\/span><\/p>\n<p><span style=\"color: rgb(75, 80, 88);\">&nbsp;<br \/><\/span><\/p>\n<p><span style=\"color: rgb(75, 80, 88);\">&#8211; Holzsockel&nbsp;<\/span><\/p>\n<p><span style=\"color: rgb(75, 80, 88);\">&#8211; Verziert mit 15 Sodalith-Edelsteinen&nbsp;<\/span><\/p>\n<p><span style=\"color: rgb(75, 80, 88);\">&#8211; Jeder Baum ist ca. 6 cm<\/span><\/p>\n<p><span style=\"color: rgb(75, 80, 88);\">&#8211; Hergestellt und geliefert von einem langj\u00e4hrigen Lieferanten in Indien<\/span><\/p>\n<p><span style=\"color: rgb(75, 80, 88);\">Die Plastikboxen, in denen diese B\u00e4ume geliefert werden, k\u00f6nnen als Sammler-Ausstellungsboxen umfunktioniert oder auf kreative Weise wiederverwendet werden.<\/span><\/p>\n","protected":false},"excerpt":{"rendered":"<p>Produktdetails: &nbsp; &#8211; Holzsockel&nbsp; &#8211; Verziert mit 15 Sodalith-Edelsteinen&nbsp; &#8211; Jeder Baum ist ca. 6 cm &#8211; Hergestellt und geliefert von einem langj\u00e4hrigen Lieferanten in Indien Die Plastikboxen, in denen diese B\u00e4ume geliefert werden, k\u00f6nnen als Sammler-Ausstellungsboxen umfunktioniert oder auf kreative Weise wiederverwendet werden.<\/p>\n","protected":false},"featured_media":339838,"comment_status":"closed","ping_status":"open","template":"","meta":{"_angie_page":false},"product_brand":[],"product_cat":[25223,19268,17269,25767],"product_tag":[],"class_list":{"0":"post-232501","1":"product","2":"type-product","3":"status-publish","4":"has-post-thumbnail","6":"product_cat-edelsteine-mineralien","7":"product_cat-edelsteinschmuck-und-accessoires","8":"product_cat-esoterik-geschenke","9":"product_cat-sodalith","10":"pa_collection-mini-gemstone-trees-de","11":"pa_made-in-indien","13":"first","14":"instock","15":"purchasable","16":"product-type-simple"},"supplier_id":null,"supplier_sku":"MGemT-18","barcode":null,"atum_controlled":true,"out_stock_date":null,"out_stock_threshold":null,"inheritable":false,"inbound_stock":null,"stock_on_hold":0,"sold_today":0,"sales_last_days":0,"reserved_stock":null,"customer_returns":null,"warehouse_damage":null,"lost_in_post":null,"other_logs":null,"out_stock_days":0,"lost_sales":0,"has_location":null,"update_date":"2026-04-27T07:12:35","atum_locations":[],"atum_stock_status":"instock","restock_status":false,"low_stock_amount":"","sales_update_date":"2026-01-30T01:25:40","calc_backorders":null,"_links":{"self":[{"href":"https:\/\/aromasentia.com\/de\/wp-json\/wp\/v2\/product\/232501","targetHints":{"allow":["GET"]}}],"collection":[{"href":"https:\/\/aromasentia.com\/de\/wp-json\/wp\/v2\/product"}],"about":[{"href":"https:\/\/aromasentia.com\/de\/wp-json\/wp\/v2\/types\/product"}],"replies":[{"embeddable":true,"href":"https:\/\/aromasentia.com\/de\/wp-json\/wp\/v2\/comments?post=232501"}],"version-history":[{"count":0,"href":"https:\/\/aromasentia.com\/de\/wp-json\/wp\/v2\/product\/232501\/revisions"}],"wp:featuredmedia":[{"embeddable":true,"href":"https:\/\/aromasentia.com\/de\/wp-json\/wp\/v2\/media\/339838"}],"wp:attachment":[{"href":"https:\/\/aromasentia.com\/de\/wp-json\/wp\/v2\/media?parent=232501"}],"wp:term":[{"taxonomy":"product_brand","embeddable":true,"href":"https:\/\/aromasentia.com\/de\/wp-json\/wp\/v2\/product_brand?post=232501"},{"taxonomy":"product_cat","embeddable":true,"href":"https:\/\/aromasentia.com\/de\/wp-json\/wp\/v2\/product_cat?post=232501"},{"taxonomy":"product_tag","embeddable":true,"href":"https:\/\/aromasentia.com\/de\/wp-json\/wp\/v2\/product_tag?post=232501"}],"curies":[{"name":"wp","href":"https:\/\/api.w.org\/{rel}","templated":true}]}}