{"id":232405,"date":"2025-03-22T13:30:13","date_gmt":"2025-03-22T13:30:13","guid":{"rendered":"https:\/\/aromasentia.com\/product\/orgonite-power-keyring-round-seven-chakra\/"},"modified":"2025-12-30T20:09:55","modified_gmt":"2025-12-30T20:09:55","slug":"orgonit-schluesselanhaenger-sieben-chakren","status":"publish","type":"product","link":"https:\/\/aromasentia.com\/de\/orgonit-schluesselanhaenger-sieben-chakren\/","title":{"rendered":"Orgonit-Schl\u00fcsselanh\u00e4nger &#8217;sieben Chakren&#8216;"},"content":{"rendered":"<p>Wow, magischer und esoterischer geht es nicht. Diese Orgonit-Schl\u00fcsselanh\u00e4nger, auch als Kraftflussobjekte bekannt, bestehen aus Edelsteinsplittern, Kupfer und Metallsp\u00e4nen und enthalten esoterische Objekte. Orgonit erfreut sich als spirituelles Heilmittel und als Schutz vor Elektrosmog gro\u00dfer Beliebtheit.<\/p>\n<p>Viele Menschen bemerken positive emotionale Effekte in der Gegenwart von Orgongeneratoren; Stimmung und Emotionen heben sich tendenziell. Manche berichten, dass sie mit einem Orgongenerator im Schlafzimmer besser und tiefer schlafen k\u00f6nnen.<\/p>\n<p>Orgonit-Schl\u00fcsselanh\u00e4nger werden alle von Hand mit spiritueller Inspiration gefertigt, daher k\u00f6nnen die Designs leicht von den Abbildungen abweichen.<\/p>\n","protected":false},"excerpt":{"rendered":"<p>Wow, magischer und esoterischer geht es nicht. Diese Orgonit-Schl\u00fcsselanh\u00e4nger, auch als Kraftflussobjekte bekannt, bestehen aus Edelsteinsplittern, Kupfer und Metallsp\u00e4nen und enthalten esoterische Objekte. Orgonit erfreut sich als spirituelles Heilmittel und als Schutz vor Elektrosmog gro\u00dfer Beliebtheit. Viele Menschen bemerken positive emotionale Effekte in der Gegenwart von Orgongeneratoren; Stimmung und Emotionen heben sich tendenziell. Manche berichten, [&hellip;]<\/p>\n","protected":false},"featured_media":342874,"comment_status":"closed","ping_status":"open","template":"","meta":[],"product_brand":[],"product_cat":[14451,19192],"product_tag":[],"class_list":{"0":"post-232405","1":"product","2":"type-product","3":"status-publish","4":"has-post-thumbnail","6":"product_cat-haus-und-gartendeko","7":"product_cat-orgonit-orgon","8":"pa_collection-orgonite-power-keyrings-de","9":"pa_made-in-indien","11":"first","12":"instock","13":"purchasable","14":"product-type-simple"},"supplier_id":null,"supplier_sku":"OrgK-01","barcode":null,"atum_controlled":true,"out_stock_date":null,"out_stock_threshold":null,"inheritable":false,"inbound_stock":null,"stock_on_hold":0,"sold_today":0,"sales_last_days":0,"reserved_stock":null,"customer_returns":null,"warehouse_damage":null,"lost_in_post":null,"other_logs":null,"out_stock_days":0,"lost_sales":0,"has_location":null,"update_date":"2026-02-11T03:21:34","atum_locations":[],"atum_stock_status":"instock","restock_status":false,"low_stock_amount":"","sales_update_date":"2026-02-06T00:02:20","calc_backorders":null,"_links":{"self":[{"href":"https:\/\/aromasentia.com\/de\/wp-json\/wp\/v2\/product\/232405","targetHints":{"allow":["GET"]}}],"collection":[{"href":"https:\/\/aromasentia.com\/de\/wp-json\/wp\/v2\/product"}],"about":[{"href":"https:\/\/aromasentia.com\/de\/wp-json\/wp\/v2\/types\/product"}],"replies":[{"embeddable":true,"href":"https:\/\/aromasentia.com\/de\/wp-json\/wp\/v2\/comments?post=232405"}],"version-history":[{"count":0,"href":"https:\/\/aromasentia.com\/de\/wp-json\/wp\/v2\/product\/232405\/revisions"}],"wp:featuredmedia":[{"embeddable":true,"href":"https:\/\/aromasentia.com\/de\/wp-json\/wp\/v2\/media\/342874"}],"wp:attachment":[{"href":"https:\/\/aromasentia.com\/de\/wp-json\/wp\/v2\/media?parent=232405"}],"wp:term":[{"taxonomy":"product_brand","embeddable":true,"href":"https:\/\/aromasentia.com\/de\/wp-json\/wp\/v2\/product_brand?post=232405"},{"taxonomy":"product_cat","embeddable":true,"href":"https:\/\/aromasentia.com\/de\/wp-json\/wp\/v2\/product_cat?post=232405"},{"taxonomy":"product_tag","embeddable":true,"href":"https:\/\/aromasentia.com\/de\/wp-json\/wp\/v2\/product_tag?post=232405"}],"curies":[{"name":"wp","href":"https:\/\/api.w.org\/{rel}","templated":true}]}}