{"id":232373,"date":"2025-03-22T13:30:13","date_gmt":"2025-03-22T13:30:13","guid":{"rendered":"https:\/\/aromasentia.com\/product\/orgonite-power-chakra-pendulum-green-aventurine\/"},"modified":"2025-12-30T20:09:47","modified_gmt":"2025-12-30T20:09:47","slug":"orgonite-power-chakra-pendel-gruenes-aventurin","status":"publish","type":"product","link":"https:\/\/aromasentia.com\/de\/orgonite-power-chakra-pendel-gruenes-aventurin\/","title":{"rendered":"Orgonite Power Chakra Pendel &#8211; Gr\u00fcnes Aventurin"},"content":{"rendered":"<p>Orgonit erfreut sich als spirituelles Heilmittel und als Schutz vor Elektrosmog gro\u00dfer Beliebtheit. Orgonite werden zur Reinigung negativer Energien und zur Bek\u00e4mpfung der Auswirkungen elektromagnetischer Wellen auf unseren K\u00f6rper eingesetzt. Orgonit soll das Leben k\u00f6rperlich, emotional und spirituell verbessern.<\/p>\n<p>Orgonit ist eine Mischung aus katalysiertem Fiberglasharz mit Metallsp\u00e4nen, die in Formen gegossen wird. Kristalle, \u00e4therische \u00d6le und hochschwingende organische Materialien k\u00f6nnen der Mischung hinzugef\u00fcgt werden, um die Energie koh\u00e4renter zu machen oder die Wirkung des Orgonits zu verst\u00e4rken.<\/p>\n<p>Radi\u00e4sthesie oder W\u00fcnschelrute soll \u00fcber sechstausend Jahre alt sein. Schon die \u00c4gypter und die alten Chinesen praktizierten sie. Die W\u00fcnschelrute mit Orgonit-Edelsteinen kann auf vielf\u00e4ltige Weise durchgef\u00fchrt werden und wird f\u00fcr die unterschiedlichsten Zwecke eingesetzt, beispielsweise zum Auffinden von Wasser, Mineralien, vermissten Personen und sogar verlorenen Gegenst\u00e4nden. Sie wird auch in der Heilkunde, bei Reiki und in der Wahrsagerei eingesetzt.<\/p>\n","protected":false},"excerpt":{"rendered":"<p>Orgonit erfreut sich als spirituelles Heilmittel und als Schutz vor Elektrosmog gro\u00dfer Beliebtheit. Orgonite werden zur Reinigung negativer Energien und zur Bek\u00e4mpfung der Auswirkungen elektromagnetischer Wellen auf unseren K\u00f6rper eingesetzt. Orgonit soll das Leben k\u00f6rperlich, emotional und spirituell verbessern. Orgonit ist eine Mischung aus katalysiertem Fiberglasharz mit Metallsp\u00e4nen, die in Formen gegossen wird. Kristalle, \u00e4therische [&hellip;]<\/p>\n","protected":false},"featured_media":342666,"comment_status":"closed","ping_status":"open","template":"","meta":{"_angie_page":false},"product_brand":[],"product_cat":[25560,25223,14451,19192,19076],"product_tag":[],"class_list":{"0":"post-232373","1":"product","2":"type-product","3":"status-publish","4":"has-post-thumbnail","6":"product_cat-aventurin","7":"product_cat-edelsteine-mineralien","8":"product_cat-haus-und-gartendeko","9":"product_cat-orgonit-orgon","10":"product_cat-pendel-und-runen-steinset","11":"pa_collection-orgonite-power-chakra-pendulums-de","12":"pa_made-in-indien","14":"first","15":"instock","16":"purchasable","17":"product-type-simple"},"supplier_id":null,"supplier_sku":"OrgCP-05","barcode":null,"atum_controlled":true,"out_stock_date":null,"out_stock_threshold":null,"inheritable":false,"inbound_stock":null,"stock_on_hold":0,"sold_today":0,"sales_last_days":0,"reserved_stock":null,"customer_returns":null,"warehouse_damage":null,"lost_in_post":null,"other_logs":null,"out_stock_days":0,"lost_sales":0,"has_location":null,"update_date":"2026-04-27T07:16:49","atum_locations":[],"atum_stock_status":"instock","restock_status":false,"low_stock_amount":"","sales_update_date":"2025-09-05T00:25:13","calc_backorders":null,"_links":{"self":[{"href":"https:\/\/aromasentia.com\/de\/wp-json\/wp\/v2\/product\/232373","targetHints":{"allow":["GET"]}}],"collection":[{"href":"https:\/\/aromasentia.com\/de\/wp-json\/wp\/v2\/product"}],"about":[{"href":"https:\/\/aromasentia.com\/de\/wp-json\/wp\/v2\/types\/product"}],"replies":[{"embeddable":true,"href":"https:\/\/aromasentia.com\/de\/wp-json\/wp\/v2\/comments?post=232373"}],"version-history":[{"count":0,"href":"https:\/\/aromasentia.com\/de\/wp-json\/wp\/v2\/product\/232373\/revisions"}],"wp:featuredmedia":[{"embeddable":true,"href":"https:\/\/aromasentia.com\/de\/wp-json\/wp\/v2\/media\/342666"}],"wp:attachment":[{"href":"https:\/\/aromasentia.com\/de\/wp-json\/wp\/v2\/media?parent=232373"}],"wp:term":[{"taxonomy":"product_brand","embeddable":true,"href":"https:\/\/aromasentia.com\/de\/wp-json\/wp\/v2\/product_brand?post=232373"},{"taxonomy":"product_cat","embeddable":true,"href":"https:\/\/aromasentia.com\/de\/wp-json\/wp\/v2\/product_cat?post=232373"},{"taxonomy":"product_tag","embeddable":true,"href":"https:\/\/aromasentia.com\/de\/wp-json\/wp\/v2\/product_tag?post=232373"}],"curies":[{"name":"wp","href":"https:\/\/api.w.org\/{rel}","templated":true}]}}