{"id":232361,"date":"2025-03-22T13:30:13","date_gmt":"2025-03-22T13:30:13","guid":{"rendered":"https:\/\/aromasentia.com\/product\/orgonite-power-chakra-pendulum-rose-quartz\/"},"modified":"2025-12-30T20:09:47","modified_gmt":"2025-12-30T20:09:47","slug":"orgonite-power-chakra-pendel-rosenquarz","status":"publish","type":"product","link":"https:\/\/aromasentia.com\/de\/orgonite-power-chakra-pendel-rosenquarz\/","title":{"rendered":"Orgonite Power Chakra Pendel &#8211; Rosenquarz"},"content":{"rendered":"<p><span style=\"color: rgb(75, 80, 88);\">Orgonit erfreut sich als spirituelles Heilmittel und als Schutz vor Elektrosmog gro\u00dfer Beliebtheit. Orgonite werden zur Reinigung negativer Energie und zur Bek\u00e4mpfung der Auswirkungen elektromagnetischer Wellen auf unseren K\u00f6rper eingesetzt. Orgonit soll dazu beitragen, das Leben k\u00f6rperlich, emotional und spirituell zu verbessern.<\/span><\/p>\n<p><span style=\"color: rgb(75, 80, 88);\">Orgonit ist eine Mischung aus katalysiertem Glasfaserharz mit Metallsp\u00e4nen, die in Formen gegossen wird. Der Mischung k\u00f6nnen Kristalle, \u00e4therische \u00d6le und organische Materialien mit hoher Schwingung hinzugef\u00fcgt werden, da sie die Energie koh\u00e4renter machen oder die Wirkung des Orgonits verbessern k\u00f6nnen.&nbsp;<\/span><\/p>\n<p><span style=\"color: rgb(75, 80, 88);\">Kettenl\u00e4nge: ca. 150 mm.&nbsp;<\/span><\/p>\n<p><span style=\"color: rgb(75, 80, 88);\">Radi\u00e4sthesie oder W\u00fcnschelrutengehen soll \u00fcber 6000 Jahre alt sein. Die \u00c4gypter und die alten Chinesen waren fr\u00fche Praktiker. Das W\u00fcnschelrutengehen mit Orgonit-Edelsteinen kann auf viele Arten durchgef\u00fchrt werden und wird f\u00fcr alle m\u00f6glichen Zwecke verwendet, z. B. zum Auffinden von Wasser, Mineralien, vermissten Personen und sogar verlorenen Gegenst\u00e4nden. Es wird auch in der Heilung, bei Reiki und Wahrsagerei verwendet.<\/span><\/p>\n","protected":false},"excerpt":{"rendered":"<p>Orgonit erfreut sich als spirituelles Heilmittel und als Schutz vor Elektrosmog gro\u00dfer Beliebtheit. Orgonite werden zur Reinigung negativer Energie und zur Bek\u00e4mpfung der Auswirkungen elektromagnetischer Wellen auf unseren K\u00f6rper eingesetzt. Orgonit soll dazu beitragen, das Leben k\u00f6rperlich, emotional und spirituell zu verbessern. Orgonit ist eine Mischung aus katalysiertem Glasfaserharz mit Metallsp\u00e4nen, die in Formen gegossen [&hellip;]<\/p>\n","protected":false},"featured_media":342591,"comment_status":"closed","ping_status":"open","template":"","meta":{"_angie_page":false},"product_brand":[],"product_cat":[25223,14451,19192,19076,25735,25752],"product_tag":[],"class_list":{"0":"post-232361","1":"product","2":"type-product","3":"status-publish","4":"has-post-thumbnail","6":"product_cat-edelsteine-mineralien","7":"product_cat-haus-und-gartendeko","8":"product_cat-orgonit-orgon","9":"product_cat-pendel-und-runen-steinset","10":"product_cat-quarz","11":"product_cat-rosenquarz","12":"pa_collection-orgonite-power-chakra-pendulums-de","13":"pa_made-in-indien","15":"first","16":"instock","17":"purchasable","18":"product-type-simple"},"supplier_id":null,"supplier_sku":"OrgCP-02","barcode":null,"atum_controlled":true,"out_stock_date":null,"out_stock_threshold":null,"inheritable":false,"inbound_stock":null,"stock_on_hold":0,"sold_today":0,"sales_last_days":0,"reserved_stock":null,"customer_returns":null,"warehouse_damage":null,"lost_in_post":null,"other_logs":null,"out_stock_days":0,"lost_sales":0,"has_location":null,"update_date":"2026-05-04T00:03:59","atum_locations":[],"atum_stock_status":"instock","restock_status":false,"low_stock_amount":"","sales_update_date":"2025-09-05T00:25:12","calc_backorders":null,"_links":{"self":[{"href":"https:\/\/aromasentia.com\/de\/wp-json\/wp\/v2\/product\/232361","targetHints":{"allow":["GET"]}}],"collection":[{"href":"https:\/\/aromasentia.com\/de\/wp-json\/wp\/v2\/product"}],"about":[{"href":"https:\/\/aromasentia.com\/de\/wp-json\/wp\/v2\/types\/product"}],"replies":[{"embeddable":true,"href":"https:\/\/aromasentia.com\/de\/wp-json\/wp\/v2\/comments?post=232361"}],"version-history":[{"count":0,"href":"https:\/\/aromasentia.com\/de\/wp-json\/wp\/v2\/product\/232361\/revisions"}],"wp:featuredmedia":[{"embeddable":true,"href":"https:\/\/aromasentia.com\/de\/wp-json\/wp\/v2\/media\/342591"}],"wp:attachment":[{"href":"https:\/\/aromasentia.com\/de\/wp-json\/wp\/v2\/media?parent=232361"}],"wp:term":[{"taxonomy":"product_brand","embeddable":true,"href":"https:\/\/aromasentia.com\/de\/wp-json\/wp\/v2\/product_brand?post=232361"},{"taxonomy":"product_cat","embeddable":true,"href":"https:\/\/aromasentia.com\/de\/wp-json\/wp\/v2\/product_cat?post=232361"},{"taxonomy":"product_tag","embeddable":true,"href":"https:\/\/aromasentia.com\/de\/wp-json\/wp\/v2\/product_tag?post=232361"}],"curies":[{"name":"wp","href":"https:\/\/api.w.org\/{rel}","templated":true}]}}