{"id":232293,"date":"2025-03-22T13:30:13","date_gmt":"2025-03-22T13:30:13","guid":{"rendered":"https:\/\/aromasentia.com\/product\/orgonite-desk-power-packs-hamsa-with-sellonite-med\/"},"modified":"2025-12-30T20:09:31","modified_gmt":"2025-12-30T20:09:31","slug":"orgonit-briefbeschwerer-hand-der-fatima-mit-selenit","status":"publish","type":"product","link":"https:\/\/aromasentia.com\/de\/orgonit-briefbeschwerer-hand-der-fatima-mit-selenit\/","title":{"rendered":"Orgonit Briefbeschwerer &#8218;Hand der Fatima&#8216; mit Selenit"},"content":{"rendered":"<p>Orgonite Desk Power Packs bestehen aus Edelsteinsplittern, Kupfer und Metallsp\u00e4nen und enthalten esoterische Objekte \u2013 sie sind wahrhaft mystische Briefbeschwerer oder einfach nur entz\u00fcckende Dekorationen. Ein perfektes Geschenk f\u00fcr jeden B\u00fcro- oder Schreibtischarbeiter.<\/p>\n<p>Orgonit erfreut sich als spirituelles Heilmittel und als Schutz vor Elektrosmog gro\u00dfer Beliebtheit.<\/p>\n<p>Unser Orgonit wird von Hand mit spiritueller Inspiration hergestellt, daher k\u00f6nnen die Designs leicht von den abgebildeten abweichen.<\/p>\n<p>Hinweis: Aufgrund der Beschaffenheit des Artikels und seines Herstellungsprozesses k\u00f6nnen die Designs variieren, und die Bilder dienen nur zur Veranschaulichung.<\/p>\n<p>Erzielen Sie zus\u00e4tzliche Verk\u00e4ufe mit einer beeindruckenden Auswahl dieser Organite-Ornamente.<\/p>\n","protected":false},"excerpt":{"rendered":"<p>Orgonite Desk Power Packs bestehen aus Edelsteinsplittern, Kupfer und Metallsp\u00e4nen und enthalten esoterische Objekte \u2013 sie sind wahrhaft mystische Briefbeschwerer oder einfach nur entz\u00fcckende Dekorationen. Ein perfektes Geschenk f\u00fcr jeden B\u00fcro- oder Schreibtischarbeiter. Orgonit erfreut sich als spirituelles Heilmittel und als Schutz vor Elektrosmog gro\u00dfer Beliebtheit. Unser Orgonit wird von Hand mit spiritueller Inspiration hergestellt, [&hellip;]<\/p>\n","protected":false},"featured_media":342302,"comment_status":"closed","ping_status":"open","template":"","meta":{"_angie_page":false},"product_brand":[],"product_cat":[14451,19192],"product_tag":[],"class_list":{"0":"post-232293","1":"product","2":"type-product","3":"status-publish","4":"has-post-thumbnail","6":"product_cat-haus-und-gartendeko","7":"product_cat-orgonit-orgon","8":"pa_collection-orgonite-desk-power-packs-de","9":"pa_made-in-indien","11":"first","12":"outofstock","13":"purchasable","14":"product-type-simple"},"supplier_id":null,"supplier_sku":"ODesk-05","barcode":null,"atum_controlled":true,"out_stock_date":"2025-09-05 02:03:55","out_stock_threshold":null,"inheritable":false,"inbound_stock":null,"stock_on_hold":0,"sold_today":0,"sales_last_days":0,"reserved_stock":null,"customer_returns":null,"warehouse_damage":null,"lost_in_post":null,"other_logs":null,"out_stock_days":0,"lost_sales":0,"has_location":null,"update_date":"2026-04-27T07:16:28","atum_locations":[],"atum_stock_status":"outofstock","restock_status":false,"low_stock_amount":"","sales_update_date":"2025-09-05T00:25:05","calc_backorders":null,"_links":{"self":[{"href":"https:\/\/aromasentia.com\/de\/wp-json\/wp\/v2\/product\/232293","targetHints":{"allow":["GET"]}}],"collection":[{"href":"https:\/\/aromasentia.com\/de\/wp-json\/wp\/v2\/product"}],"about":[{"href":"https:\/\/aromasentia.com\/de\/wp-json\/wp\/v2\/types\/product"}],"replies":[{"embeddable":true,"href":"https:\/\/aromasentia.com\/de\/wp-json\/wp\/v2\/comments?post=232293"}],"version-history":[{"count":0,"href":"https:\/\/aromasentia.com\/de\/wp-json\/wp\/v2\/product\/232293\/revisions"}],"wp:featuredmedia":[{"embeddable":true,"href":"https:\/\/aromasentia.com\/de\/wp-json\/wp\/v2\/media\/342302"}],"wp:attachment":[{"href":"https:\/\/aromasentia.com\/de\/wp-json\/wp\/v2\/media?parent=232293"}],"wp:term":[{"taxonomy":"product_brand","embeddable":true,"href":"https:\/\/aromasentia.com\/de\/wp-json\/wp\/v2\/product_brand?post=232293"},{"taxonomy":"product_cat","embeddable":true,"href":"https:\/\/aromasentia.com\/de\/wp-json\/wp\/v2\/product_cat?post=232293"},{"taxonomy":"product_tag","embeddable":true,"href":"https:\/\/aromasentia.com\/de\/wp-json\/wp\/v2\/product_tag?post=232293"}],"curies":[{"name":"wp","href":"https:\/\/api.w.org\/{rel}","templated":true}]}}