{"id":232237,"date":"2025-03-22T13:30:22","date_gmt":"2025-03-22T13:30:22","guid":{"rendered":"https:\/\/aromasentia.com\/product\/runes-stone-set-in-pouch-red-aventurine\/"},"modified":"2025-12-30T20:09:23","modified_gmt":"2025-12-30T20:09:23","slug":"runenstein-set-in-beutel-red-aventurin","status":"publish","type":"product","link":"https:\/\/aromasentia.com\/de\/runenstein-set-in-beutel-red-aventurin\/","title":{"rendered":"Runenstein-Set in Beutel-Red Aventurin"},"content":{"rendered":"<p>Runensteine sind ein wahres Mysterium der mystischen Welt. Niemand kann mit Sicherheit sagen, woher und wann sie genau stammen. Es gibt viele Theorien zu diesem Thema, aber einige glauben, dass sie erstmals zwischen 2000 v. Chr. und 100 n. Chr. von St\u00e4mmen wie den Goten und anderen germanischen St\u00e4mmen verwendet wurden.<\/p>\n<p>Jedes indische Runenset enth\u00e4lt 25 Steine: 24 mit Runensymbol und einen ohne.<\/p>\n<p>Sie erfreuen sich zunehmender Beliebtheit und sind ein tolles Geschenk f\u00fcr jeden Anlass!<\/p>\n","protected":false},"excerpt":{"rendered":"<p>Runensteine sind ein wahres Mysterium der mystischen Welt. Niemand kann mit Sicherheit sagen, woher und wann sie genau stammen. Es gibt viele Theorien zu diesem Thema, aber einige glauben, dass sie erstmals zwischen 2000 v. Chr. und 100 n. Chr. von St\u00e4mmen wie den Goten und anderen germanischen St\u00e4mmen verwendet wurden. Jedes indische Runenset enth\u00e4lt [&hellip;]<\/p>\n","protected":false},"featured_media":344364,"comment_status":"closed","ping_status":"open","template":"","meta":{"_angie_page":false},"product_brand":[],"product_cat":[25560,25223,14451,19146,19076],"product_tag":[],"class_list":{"0":"post-232237","1":"product","2":"type-product","3":"status-publish","4":"has-post-thumbnail","6":"product_cat-aventurin","7":"product_cat-edelsteine-mineralien","8":"product_cat-haus-und-gartendeko","9":"product_cat-inspirationen","10":"product_cat-pendel-und-runen-steinset","11":"pa_collection-indian-rune-sets-in-pouches-de","12":"pa_made-in-indien","14":"first","15":"instock","16":"purchasable","17":"product-type-simple"},"supplier_id":null,"supplier_sku":"Rune-39","barcode":null,"atum_controlled":true,"out_stock_date":null,"out_stock_threshold":null,"inheritable":false,"inbound_stock":null,"stock_on_hold":0,"sold_today":0,"sales_last_days":0,"reserved_stock":null,"customer_returns":null,"warehouse_damage":null,"lost_in_post":null,"other_logs":null,"out_stock_days":0,"lost_sales":0,"has_location":null,"update_date":"2026-04-27T07:20:05","atum_locations":[],"atum_stock_status":"instock","restock_status":false,"low_stock_amount":"","sales_update_date":"2026-01-20T05:14:06","calc_backorders":null,"_links":{"self":[{"href":"https:\/\/aromasentia.com\/de\/wp-json\/wp\/v2\/product\/232237","targetHints":{"allow":["GET"]}}],"collection":[{"href":"https:\/\/aromasentia.com\/de\/wp-json\/wp\/v2\/product"}],"about":[{"href":"https:\/\/aromasentia.com\/de\/wp-json\/wp\/v2\/types\/product"}],"replies":[{"embeddable":true,"href":"https:\/\/aromasentia.com\/de\/wp-json\/wp\/v2\/comments?post=232237"}],"version-history":[{"count":0,"href":"https:\/\/aromasentia.com\/de\/wp-json\/wp\/v2\/product\/232237\/revisions"}],"wp:featuredmedia":[{"embeddable":true,"href":"https:\/\/aromasentia.com\/de\/wp-json\/wp\/v2\/media\/344364"}],"wp:attachment":[{"href":"https:\/\/aromasentia.com\/de\/wp-json\/wp\/v2\/media?parent=232237"}],"wp:term":[{"taxonomy":"product_brand","embeddable":true,"href":"https:\/\/aromasentia.com\/de\/wp-json\/wp\/v2\/product_brand?post=232237"},{"taxonomy":"product_cat","embeddable":true,"href":"https:\/\/aromasentia.com\/de\/wp-json\/wp\/v2\/product_cat?post=232237"},{"taxonomy":"product_tag","embeddable":true,"href":"https:\/\/aromasentia.com\/de\/wp-json\/wp\/v2\/product_tag?post=232237"}],"curies":[{"name":"wp","href":"https:\/\/api.w.org\/{rel}","templated":true}]}}