{"id":232153,"date":"2025-03-22T13:30:22","date_gmt":"2025-03-22T13:30:22","guid":{"rendered":"https:\/\/aromasentia.com\/product\/guohua-picture-stones-arch-145x110mm-approx-140gm\/"},"modified":"2025-12-30T20:09:15","modified_gmt":"2025-12-30T20:09:15","slug":"guohua-bildsteine-e-e-bogen-145-x-110-mm-ca-140-g","status":"publish","type":"product","link":"https:\/\/aromasentia.com\/de\/guohua-bildsteine-e-e-bogen-145-x-110-mm-ca-140-g\/","title":{"rendered":"Guohua Bildsteine  \u20ac\u2039 \u20ac\u2039\u2013 Bogen \u2013 145 x 110 mm (ca. 140 g)"},"content":{"rendered":"<p><span style=\"color: rgb(75, 80, 88);\">Dieser bogenf\u00f6rmige Guohua-Bildstein, etwa 145 x 110 mm gro\u00df und etwa 140 Gramm schwer, besticht durch die atemberaubende nat\u00fcrliche Sch\u00f6nheit von Mangan-Dendriten in einem feink\u00f6rnigen Kalksteinsockel. Anders als bei gemalten Kunstwerken entstanden diese komplexen Muster durch geologische Prozesse \u00fcber Millionen von Jahren und schaffen einzigartige, nat\u00fcrliche Meisterwerke.<\/span><\/p>\n<p><span style=\"color: rgb(75, 80, 88);\">Diese Steine stammen aus den mineralreichen Regionen der chinesischen Provinz Guangxi und unterstreichen die au\u00dfergew\u00f6hnliche Kunstfertigkeit der Natur. Die Kombination aus Eisenoxid und Mangandendriten im Kalkstein erzeugt atemberaubende Szenen, Figuren und abstrakte Muster. Jeder Stein ist ein einzigartiges Spiegelbild der Erdgeschichte.<\/span><\/p>\n<p><span style=\"color: rgb(75, 80, 88);\">Die anmutige Bogenform dieses Steins macht ihn zu einem Blickfang in jeder Umgebung. Seine markante Form und die komplexen nat\u00fcrlichen Muster ziehen die Blicke auf sich und dienen als markanter Blickfang. Perfekt f\u00fcr die Pr\u00e4sentation auf einem Regal, Kaminsims oder als Einzelst\u00fcck verleiht er jedem Interieur ein exotisches Flair.<\/span><\/p>\n<p><span style=\"color: rgb(75, 80, 88);\">Diese einzigartigen Steine sprechen eine breite Kundengruppe an, darunter Innenarchitekten, Sammler und alle, die die Sch\u00f6nheit der Natur zu sch\u00e4tzen wissen.<\/span><\/p>\n<p><span style=\"color: rgb(75, 80, 88);\">Hinweis: Da jeder Stein nat\u00fcrlich geformt ist, sind Abweichungen im Aussehen zu erwarten. Die Verf\u00fcgbarkeit ist begrenzt.<\/span><\/p>\n","protected":false},"excerpt":{"rendered":"<p>Dieser bogenf\u00f6rmige Guohua-Bildstein, etwa 145 x 110 mm gro\u00df und etwa 140 Gramm schwer, besticht durch die atemberaubende nat\u00fcrliche Sch\u00f6nheit von Mangan-Dendriten in einem feink\u00f6rnigen Kalksteinsockel. Anders als bei gemalten Kunstwerken entstanden diese komplexen Muster durch geologische Prozesse \u00fcber Millionen von Jahren und schaffen einzigartige, nat\u00fcrliche Meisterwerke. Diese Steine stammen aus den mineralreichen Regionen der [&hellip;]<\/p>\n","protected":false},"featured_media":343815,"comment_status":"closed","ping_status":"open","template":"","meta":{"_angie_page":false},"product_brand":[],"product_cat":[17269,18942],"product_tag":[],"class_list":{"0":"post-232153","1":"product","2":"type-product","3":"status-publish","4":"has-post-thumbnail","6":"product_cat-esoterik-geschenke","7":"product_cat-trommelsteine","8":"pa_collection-guohua-picture-stones-de","9":"pa_made-in-china","11":"first","12":"instock","13":"purchasable","14":"product-type-simple"},"supplier_id":null,"supplier_sku":"PicSt-03","barcode":null,"atum_controlled":true,"out_stock_date":null,"out_stock_threshold":null,"inheritable":false,"inbound_stock":null,"stock_on_hold":0,"sold_today":0,"sales_last_days":0,"reserved_stock":null,"customer_returns":null,"warehouse_damage":null,"lost_in_post":null,"other_logs":null,"out_stock_days":0,"lost_sales":0,"has_location":null,"update_date":"2026-04-27T07:18:09","atum_locations":[],"atum_stock_status":"instock","restock_status":false,"low_stock_amount":"","sales_update_date":"2026-01-30T01:26:08","calc_backorders":null,"_links":{"self":[{"href":"https:\/\/aromasentia.com\/de\/wp-json\/wp\/v2\/product\/232153","targetHints":{"allow":["GET"]}}],"collection":[{"href":"https:\/\/aromasentia.com\/de\/wp-json\/wp\/v2\/product"}],"about":[{"href":"https:\/\/aromasentia.com\/de\/wp-json\/wp\/v2\/types\/product"}],"replies":[{"embeddable":true,"href":"https:\/\/aromasentia.com\/de\/wp-json\/wp\/v2\/comments?post=232153"}],"version-history":[{"count":0,"href":"https:\/\/aromasentia.com\/de\/wp-json\/wp\/v2\/product\/232153\/revisions"}],"wp:featuredmedia":[{"embeddable":true,"href":"https:\/\/aromasentia.com\/de\/wp-json\/wp\/v2\/media\/343815"}],"wp:attachment":[{"href":"https:\/\/aromasentia.com\/de\/wp-json\/wp\/v2\/media?parent=232153"}],"wp:term":[{"taxonomy":"product_brand","embeddable":true,"href":"https:\/\/aromasentia.com\/de\/wp-json\/wp\/v2\/product_brand?post=232153"},{"taxonomy":"product_cat","embeddable":true,"href":"https:\/\/aromasentia.com\/de\/wp-json\/wp\/v2\/product_cat?post=232153"},{"taxonomy":"product_tag","embeddable":true,"href":"https:\/\/aromasentia.com\/de\/wp-json\/wp\/v2\/product_tag?post=232153"}],"curies":[{"name":"wp","href":"https:\/\/api.w.org\/{rel}","templated":true}]}}