{"id":232061,"date":"2025-03-22T13:30:31","date_gmt":"2025-03-22T13:30:31","guid":{"rendered":"https:\/\/aromasentia.com\/product\/selenite-ritual-knife-letting-go-of-the-past\/"},"modified":"2025-12-30T20:08:50","modified_gmt":"2025-12-30T20:08:50","slug":"selenit-ritualmesser-die-vergangenheit-loslassen","status":"publish","type":"product","link":"https:\/\/aromasentia.com\/de\/selenit-ritualmesser-die-vergangenheit-loslassen\/","title":{"rendered":"Selenit-Ritualmesser &#8211; Die Vergangenheit loslassen"},"content":{"rendered":"<p>Gro\u00dfhandel Selenit Zeremonielle Messer sind perfekt f\u00fcr alle esoterischen Gesch\u00e4ften.<\/p>\n<p>Hergestellt und graviert von Hand, diese zeremoniellen Messer sind pr\u00e4chtig und sie werden auch perfekt als dekoratives Objekt, ob zu Hause oder in einem B\u00fcro.<\/p>\n<p>Diese Objekte sind sowohl dekorativ, aber sie haben eine starke esoterische Bedeutung. Selenit-Messer k\u00f6nnen negative Bindungen durchtrennen, ob mit einer anderen Person, einer Situation oder einem Ort, sie durchtrennen symbolisch diese Bindungen, die uns daran hindern, uns vorw\u00e4rts zu bewegen.<\/p>\n<p>Wenn Sie bereits Selenit-Artikel anbieten, dann werden Sie keine Schwierigkeiten haben, diese Selenit-Zeremonialmesser zu verkaufen.<\/p>\n<p>Bestellen Sie jetzt und machen Sie einfache Verk\u00e4ufe.&nbsp;<\/p>\n<p><span class=\"fr-video fr-deletable fr-fvc fr-dvb fr-draggable fr-active\" contenteditable=\"false\" draggable=\"true\"><iframe loading=\"lazy\" width=\"640\" height=\"360\" src=\"https:\/\/www.youtube.com\/embed\/aabrHAw34tQ?autoplay=1&#038;wmode=opaque&#038;rel=0\" frameborder=\"0\" allowfullscreen=\"\" class=\"fr-draggable\"><\/iframe><\/span><\/p>\n<p><\/p>\n","protected":false},"excerpt":{"rendered":"<p>Gro\u00dfhandel Selenit Zeremonielle Messer sind perfekt f\u00fcr alle esoterischen Gesch\u00e4ften. Hergestellt und graviert von Hand, diese zeremoniellen Messer sind pr\u00e4chtig und sie werden auch perfekt als dekoratives Objekt, ob zu Hause oder in einem B\u00fcro. Diese Objekte sind sowohl dekorativ, aber sie haben eine starke esoterische Bedeutung. Selenit-Messer k\u00f6nnen negative Bindungen durchtrennen, ob mit einer [&hellip;]<\/p>\n","protected":false},"featured_media":345916,"comment_status":"closed","ping_status":"open","template":"","meta":{"_angie_page":false},"product_brand":[],"product_cat":[25223,17269,19116],"product_tag":[],"class_list":{"0":"post-232061","1":"product","2":"type-product","3":"status-publish","4":"has-post-thumbnail","6":"product_cat-edelsteine-mineralien","7":"product_cat-esoterik-geschenke","8":"product_cat-selenit","9":"pa_collection-selenite-ritual-knife-de","10":"pa_made-in-marokko","12":"first","13":"instock","14":"purchasable","15":"product-type-simple"},"supplier_id":null,"supplier_sku":"SelK-03","barcode":null,"atum_controlled":true,"out_stock_date":null,"out_stock_threshold":null,"inheritable":false,"inbound_stock":null,"stock_on_hold":0,"sold_today":0,"sales_last_days":0,"reserved_stock":null,"customer_returns":null,"warehouse_damage":null,"lost_in_post":null,"other_logs":null,"out_stock_days":0,"lost_sales":0,"has_location":null,"update_date":"2026-04-29T18:51:02","atum_locations":[],"atum_stock_status":"instock","restock_status":false,"low_stock_amount":"","sales_update_date":"2026-01-30T01:24:52","calc_backorders":null,"_links":{"self":[{"href":"https:\/\/aromasentia.com\/de\/wp-json\/wp\/v2\/product\/232061","targetHints":{"allow":["GET"]}}],"collection":[{"href":"https:\/\/aromasentia.com\/de\/wp-json\/wp\/v2\/product"}],"about":[{"href":"https:\/\/aromasentia.com\/de\/wp-json\/wp\/v2\/types\/product"}],"replies":[{"embeddable":true,"href":"https:\/\/aromasentia.com\/de\/wp-json\/wp\/v2\/comments?post=232061"}],"version-history":[{"count":0,"href":"https:\/\/aromasentia.com\/de\/wp-json\/wp\/v2\/product\/232061\/revisions"}],"wp:featuredmedia":[{"embeddable":true,"href":"https:\/\/aromasentia.com\/de\/wp-json\/wp\/v2\/media\/345916"}],"wp:attachment":[{"href":"https:\/\/aromasentia.com\/de\/wp-json\/wp\/v2\/media?parent=232061"}],"wp:term":[{"taxonomy":"product_brand","embeddable":true,"href":"https:\/\/aromasentia.com\/de\/wp-json\/wp\/v2\/product_brand?post=232061"},{"taxonomy":"product_cat","embeddable":true,"href":"https:\/\/aromasentia.com\/de\/wp-json\/wp\/v2\/product_cat?post=232061"},{"taxonomy":"product_tag","embeddable":true,"href":"https:\/\/aromasentia.com\/de\/wp-json\/wp\/v2\/product_tag?post=232061"}],"curies":[{"name":"wp","href":"https:\/\/api.w.org\/{rel}","templated":true}]}}