{"id":232025,"date":"2025-03-22T13:30:31","date_gmt":"2025-03-22T13:30:31","guid":{"rendered":"https:\/\/aromasentia.com\/product\/large-charging-plate-18cm-feng-shui\/"},"modified":"2025-12-30T20:08:42","modified_gmt":"2025-12-30T20:08:42","slug":"grosse-selenitplatten-18cm-feng-shui","status":"publish","type":"product","link":"https:\/\/aromasentia.com\/de\/grosse-selenitplatten-18cm-feng-shui\/","title":{"rendered":"Gro\u00dfe Selenitplatten 18cm &#8211; Feng Shui"},"content":{"rendered":"<p>Unsere <strong>Selenit-Teller<\/strong>-Reihe von <strong>Aroma Sentia Dropship Europe<\/strong> ist perfekt f\u00fcr Ihr Gesch\u00e4ft. Diese Teller werden von Hand geschnitten und geschnitzt; Sie werden die Liebe zum Detail besonders zu sch\u00e4tzen wissen.<\/p>\n<p style=\"text-align: justify;\"><strong>Erh\u00e4ltlich in verschiedenen Gr\u00f6\u00dfen und Designs<\/strong>, damit jeder Ihrer Kunden das findet, was er sucht. <strong>Selenitstein ist f\u00fcr seine schlaff\u00f6rdernden und wohltuenden Eigenschaften sowie seine luftreinigende Wirkung bekannt.&nbsp;<\/strong><\/p>\n<p style=\"text-align: justify;\">Wenn Ihr Produktsortiment Selenite umfasst, werden Sie sicherlich feststellen, dass diese bei der breiten \u00d6ffentlichkeit besonders beliebt sind.&nbsp;<\/p>\n<p style=\"text-align: justify;\"><strong><span style=\"color: rgb(141, 186, 216);\">Bestellen Sie jetzt und gestalten Sie mit diesen einzigartigen Selenitplatten eine wundersch\u00f6ne Pr\u00e4sentation.<\/span><\/strong><\/p>\n","protected":false},"excerpt":{"rendered":"<p>Unsere Selenit-Teller-Reihe von Aroma Sentia Dropship Europe ist perfekt f\u00fcr Ihr Gesch\u00e4ft. Diese Teller werden von Hand geschnitten und geschnitzt; Sie werden die Liebe zum Detail besonders zu sch\u00e4tzen wissen. Erh\u00e4ltlich in verschiedenen Gr\u00f6\u00dfen und Designs, damit jeder Ihrer Kunden das findet, was er sucht. Selenitstein ist f\u00fcr seine schlaff\u00f6rdernden und wohltuenden Eigenschaften sowie seine [&hellip;]<\/p>\n","protected":false},"featured_media":345627,"comment_status":"closed","ping_status":"open","template":"","meta":{"_angie_page":false},"product_brand":[],"product_cat":[17269,19116],"product_tag":[],"class_list":{"0":"post-232025","1":"product","2":"type-product","3":"status-publish","4":"has-post-thumbnail","6":"product_cat-esoterik-geschenke","7":"product_cat-selenit","8":"pa_collection-selenite-plates-de","9":"pa_made-in-marokko","11":"first","12":"instock","13":"purchasable","14":"product-type-simple"},"supplier_id":null,"supplier_sku":"SelCP-10","barcode":null,"atum_controlled":true,"out_stock_date":null,"out_stock_threshold":null,"inheritable":false,"inbound_stock":null,"stock_on_hold":0,"sold_today":0,"sales_last_days":0,"reserved_stock":null,"customer_returns":null,"warehouse_damage":null,"lost_in_post":null,"other_logs":null,"out_stock_days":0,"lost_sales":0,"has_location":null,"update_date":"2026-05-04T00:04:58","atum_locations":[],"atum_stock_status":"instock","restock_status":false,"low_stock_amount":"","sales_update_date":"2026-02-06T00:01:44","calc_backorders":null,"_links":{"self":[{"href":"https:\/\/aromasentia.com\/de\/wp-json\/wp\/v2\/product\/232025","targetHints":{"allow":["GET"]}}],"collection":[{"href":"https:\/\/aromasentia.com\/de\/wp-json\/wp\/v2\/product"}],"about":[{"href":"https:\/\/aromasentia.com\/de\/wp-json\/wp\/v2\/types\/product"}],"replies":[{"embeddable":true,"href":"https:\/\/aromasentia.com\/de\/wp-json\/wp\/v2\/comments?post=232025"}],"version-history":[{"count":0,"href":"https:\/\/aromasentia.com\/de\/wp-json\/wp\/v2\/product\/232025\/revisions"}],"wp:featuredmedia":[{"embeddable":true,"href":"https:\/\/aromasentia.com\/de\/wp-json\/wp\/v2\/media\/345627"}],"wp:attachment":[{"href":"https:\/\/aromasentia.com\/de\/wp-json\/wp\/v2\/media?parent=232025"}],"wp:term":[{"taxonomy":"product_brand","embeddable":true,"href":"https:\/\/aromasentia.com\/de\/wp-json\/wp\/v2\/product_brand?post=232025"},{"taxonomy":"product_cat","embeddable":true,"href":"https:\/\/aromasentia.com\/de\/wp-json\/wp\/v2\/product_cat?post=232025"},{"taxonomy":"product_tag","embeddable":true,"href":"https:\/\/aromasentia.com\/de\/wp-json\/wp\/v2\/product_tag?post=232025"}],"curies":[{"name":"wp","href":"https:\/\/api.w.org\/{rel}","templated":true}]}}