{"id":231969,"date":"2025-03-22T13:30:31","date_gmt":"2025-03-22T13:30:31","guid":{"rendered":"https:\/\/aromasentia.com\/product\/selenite-cylinder-candle-holder-20-cm\/"},"modified":"2025-12-30T20:08:34","modified_gmt":"2025-12-30T20:08:34","slug":"kerzenhalter-aus-selenit-zylinder-20-cm","status":"publish","type":"product","link":"https:\/\/aromasentia.com\/de\/kerzenhalter-aus-selenit-zylinder-20-cm\/","title":{"rendered":"Kerzenhalter aus Selenit &#8222;Zylinder&#8220; 20 cm"},"content":{"rendered":"<p>Selenit, eine Art durchscheinender Kristall, l\u00e4sst die Kerzenflamme leicht durch die W\u00e4nde des Kerzenhalters flackern. Die Kanten der Kerzenhalter sind rau, was f\u00fcr Selenit typisch ist. Selenit Kerzenhalter sind gl\u00e4nzend und weisen manchmal wei\u00dfe Stellen auf. Die Oberseite jedes Kerzenhalters ist poliert, die Unterseite flach geschliffen. Ma\u00dfe: Durchmesser 8 cm, H\u00f6he 20 cm.<\/p>\n","protected":false},"excerpt":{"rendered":"<p>Selenit, eine Art durchscheinender Kristall, l\u00e4sst die Kerzenflamme leicht durch die W\u00e4nde des Kerzenhalters flackern. Die Kanten der Kerzenhalter sind rau, was f\u00fcr Selenit typisch ist. Selenit Kerzenhalter sind gl\u00e4nzend und weisen manchmal wei\u00dfe Stellen auf. Die Oberseite jedes Kerzenhalters ist poliert, die Unterseite flach geschliffen. Ma\u00dfe: Durchmesser 8 cm, H\u00f6he 20 cm.<\/p>\n","protected":false},"featured_media":345397,"comment_status":"closed","ping_status":"open","template":"","meta":{"_angie_page":false},"product_brand":[],"product_cat":[25223,17269,19116],"product_tag":[],"class_list":{"0":"post-231969","1":"product","2":"type-product","3":"status-publish","4":"has-post-thumbnail","6":"product_cat-edelsteine-mineralien","7":"product_cat-esoterik-geschenke","8":"product_cat-selenit","9":"pa_collection-selenite-candle-holders-de","10":"pa_made-in-marokko","12":"first","13":"instock","14":"purchasable","15":"product-type-simple"},"supplier_id":null,"supplier_sku":"SelCH-05","barcode":null,"atum_controlled":true,"out_stock_date":null,"out_stock_threshold":null,"inheritable":false,"inbound_stock":null,"stock_on_hold":0,"sold_today":0,"sales_last_days":0,"reserved_stock":null,"customer_returns":null,"warehouse_damage":null,"lost_in_post":null,"other_logs":null,"out_stock_days":0,"lost_sales":0,"has_location":null,"update_date":"2026-04-27T07:20:48","atum_locations":[],"atum_stock_status":"instock","restock_status":false,"low_stock_amount":"","sales_update_date":"2026-01-20T05:13:57","calc_backorders":null,"_links":{"self":[{"href":"https:\/\/aromasentia.com\/de\/wp-json\/wp\/v2\/product\/231969","targetHints":{"allow":["GET"]}}],"collection":[{"href":"https:\/\/aromasentia.com\/de\/wp-json\/wp\/v2\/product"}],"about":[{"href":"https:\/\/aromasentia.com\/de\/wp-json\/wp\/v2\/types\/product"}],"replies":[{"embeddable":true,"href":"https:\/\/aromasentia.com\/de\/wp-json\/wp\/v2\/comments?post=231969"}],"version-history":[{"count":0,"href":"https:\/\/aromasentia.com\/de\/wp-json\/wp\/v2\/product\/231969\/revisions"}],"wp:featuredmedia":[{"embeddable":true,"href":"https:\/\/aromasentia.com\/de\/wp-json\/wp\/v2\/media\/345397"}],"wp:attachment":[{"href":"https:\/\/aromasentia.com\/de\/wp-json\/wp\/v2\/media?parent=231969"}],"wp:term":[{"taxonomy":"product_brand","embeddable":true,"href":"https:\/\/aromasentia.com\/de\/wp-json\/wp\/v2\/product_brand?post=231969"},{"taxonomy":"product_cat","embeddable":true,"href":"https:\/\/aromasentia.com\/de\/wp-json\/wp\/v2\/product_cat?post=231969"},{"taxonomy":"product_tag","embeddable":true,"href":"https:\/\/aromasentia.com\/de\/wp-json\/wp\/v2\/product_tag?post=231969"}],"curies":[{"name":"wp","href":"https:\/\/api.w.org\/{rel}","templated":true}]}}