{"id":231945,"date":"2025-03-22T13:30:31","date_gmt":"2025-03-22T13:30:31","guid":{"rendered":"https:\/\/aromasentia.com\/product\/selenite-block-lamp-25cm-chakra-lamp\/"},"modified":"2025-12-30T20:08:26","modified_gmt":"2025-12-30T20:08:26","slug":"selenit-block-lampe-25cm-chakra-lampe","status":"publish","type":"product","link":"https:\/\/aromasentia.com\/de\/selenit-block-lampe-25cm-chakra-lampe\/","title":{"rendered":"Selenit Block Lampe 25cm &#8211; Chakra Lampe"},"content":{"rendered":"<p><strong>Selenit-Blocklampe 25 cm \u2013 Chakra<\/strong> ist perfekt f\u00fcr alle Ihre Kunden, die Esoterik oder Objekte mit Tugenden lieben.&nbsp;<\/p>\n<p>Diese Lampen werden aus nat\u00fcrlichem Selenitstein gewonnen, dann in Bl\u00f6cke geschnitten und von Hand verziert, f\u00fcr ein absolut gro\u00dfartiges Ergebnis!&nbsp;<\/p>\n<p>Die Selenit-Blocklampe misst ungef\u00e4hr 25 cm und wird <strong>mit einem Kabel (EU-Typ) und einer Gl\u00fchbirne geliefert, damit Sie sie direkt und einfach verkaufen k\u00f6nnen<\/strong><strong>.&nbsp;<\/strong><\/p>\n<p>Selenit ist bekannt f\u00fcr seine reinigenden Eigenschaften und die F\u00f6rderung eines erholsamen Schlafs. Sie eignet sich daher perfekt f\u00fcr die Wohnzimmer Ihrer Kunden oder beispielsweise als Nachttischlampe auf einem Nachttisch.&nbsp;<\/p>\n<p>NB: Jede Lampe ist ein Unikat. Aufgrund der Beschaffenheit des Artikels und seines Herstellungsprozesses k\u00f6nnen die Designs variieren.<\/p>\n<p><strong><span style=\"color: rgb(141, 186, 216);\">Steigern Sie Ihren Umsatz mit dieser einzigartigen Selenitblocklampe. Bestellen Sie jetzt.<\/span><\/strong><\/p>\n","protected":false},"excerpt":{"rendered":"<p>Selenit-Blocklampe 25 cm \u2013 Chakra ist perfekt f\u00fcr alle Ihre Kunden, die Esoterik oder Objekte mit Tugenden lieben.&nbsp; Diese Lampen werden aus nat\u00fcrlichem Selenitstein gewonnen, dann in Bl\u00f6cke geschnitten und von Hand verziert, f\u00fcr ein absolut gro\u00dfartiges Ergebnis!&nbsp; Die Selenit-Blocklampe misst ungef\u00e4hr 25 cm und wird mit einem Kabel (EU-Typ) und einer Gl\u00fchbirne geliefert, damit [&hellip;]<\/p>\n","protected":false},"featured_media":345295,"comment_status":"closed","ping_status":"open","template":"","meta":{"_angie_page":false},"product_brand":[],"product_cat":[25223,17269,19116],"product_tag":[],"class_list":{"0":"post-231945","1":"product","2":"type-product","3":"status-publish","4":"has-post-thumbnail","6":"product_cat-edelsteine-mineralien","7":"product_cat-esoterik-geschenke","8":"product_cat-selenit","9":"pa_collection-selenite-block-lamp-de","10":"pa_made-in-marokko","12":"first","13":"instock","14":"purchasable","15":"product-type-simple"},"supplier_id":null,"supplier_sku":"SelBL-01","barcode":null,"atum_controlled":true,"out_stock_date":null,"out_stock_threshold":null,"inheritable":false,"inbound_stock":null,"stock_on_hold":0,"sold_today":0,"sales_last_days":0,"reserved_stock":null,"customer_returns":null,"warehouse_damage":null,"lost_in_post":null,"other_logs":null,"out_stock_days":0,"lost_sales":0,"has_location":null,"update_date":"2026-04-27T07:20:48","atum_locations":[],"atum_stock_status":"instock","restock_status":false,"low_stock_amount":"","sales_update_date":"2025-09-05T00:25:53","calc_backorders":null,"_links":{"self":[{"href":"https:\/\/aromasentia.com\/de\/wp-json\/wp\/v2\/product\/231945","targetHints":{"allow":["GET"]}}],"collection":[{"href":"https:\/\/aromasentia.com\/de\/wp-json\/wp\/v2\/product"}],"about":[{"href":"https:\/\/aromasentia.com\/de\/wp-json\/wp\/v2\/types\/product"}],"replies":[{"embeddable":true,"href":"https:\/\/aromasentia.com\/de\/wp-json\/wp\/v2\/comments?post=231945"}],"version-history":[{"count":0,"href":"https:\/\/aromasentia.com\/de\/wp-json\/wp\/v2\/product\/231945\/revisions"}],"wp:featuredmedia":[{"embeddable":true,"href":"https:\/\/aromasentia.com\/de\/wp-json\/wp\/v2\/media\/345295"}],"wp:attachment":[{"href":"https:\/\/aromasentia.com\/de\/wp-json\/wp\/v2\/media?parent=231945"}],"wp:term":[{"taxonomy":"product_brand","embeddable":true,"href":"https:\/\/aromasentia.com\/de\/wp-json\/wp\/v2\/product_brand?post=231945"},{"taxonomy":"product_cat","embeddable":true,"href":"https:\/\/aromasentia.com\/de\/wp-json\/wp\/v2\/product_cat?post=231945"},{"taxonomy":"product_tag","embeddable":true,"href":"https:\/\/aromasentia.com\/de\/wp-json\/wp\/v2\/product_tag?post=231945"}],"curies":[{"name":"wp","href":"https:\/\/api.w.org\/{rel}","templated":true}]}}