{"id":231865,"date":"2025-03-22T13:30:39","date_gmt":"2025-03-22T13:30:39","guid":{"rendered":"https:\/\/aromasentia.com\/product\/rock-crystal-cone-silver-ring-asst\/"},"modified":"2025-12-30T20:08:10","modified_gmt":"2025-12-30T20:08:10","slug":"bergkristallkegel-mit-silberring-mix","status":"publish","type":"product","link":"https:\/\/aromasentia.com\/de\/bergkristallkegel-mit-silberring-mix\/","title":{"rendered":"Bergkristallkegel mit Silberring &#8211; Mix"},"content":{"rendered":"<p>Radi\u00e4sthesie oder W\u00fcnschelrute soll \u00fcber 6000 Jahre alt sein. Schon die \u00c4gypter und die alten Chinesen praktizierten sie. Kristall-Radi\u00e4sthesie kann auf vielf\u00e4ltige Weise durchgef\u00fchrt werden und wird f\u00fcr die unterschiedlichsten Zwecke eingesetzt, z. B. zum Auffinden von Wasser, Mineralien, vermissten Personen und sogar verlorenen Gegenst\u00e4nden. Sie wird auch in der Heilkunde, bei Reiki und Wahrsagerei eingesetzt.<\/p>\n<p>Diese Kristallpendel sind einzigartig: verschiedene Schliffe, verschiedene Steine &#8230; unterschiedliche Energie. Ausgestattet mit einer Silberkette und einer Edelsteinperle am oberen Ende haben sie etwas ganz Magisches. Ideal zum W\u00fcnschelrutengehen und Wahrsagen. Jedes Pendel besteht aus Anh\u00e4ngern unterschiedlicher Formen.<\/p>\n<p>BITTE BEACHTEN &#8211; Einige dieser Pendel sind handgefertigt aus einem Naturprodukt. Aus diesem Grund k\u00f6nnen die Gr\u00f6\u00dfen der Edelsteinst\u00fccke variieren. Das Sortiment h\u00e4ngt vom aktuellen Lagerbestand ab. Das Sortiment ist zuf\u00e4llig und Sie k\u00f6nnen Duplikate erhalten.<\/p>\n","protected":false},"excerpt":{"rendered":"<p>Radi\u00e4sthesie oder W\u00fcnschelrute soll \u00fcber 6000 Jahre alt sein. Schon die \u00c4gypter und die alten Chinesen praktizierten sie. Kristall-Radi\u00e4sthesie kann auf vielf\u00e4ltige Weise durchgef\u00fchrt werden und wird f\u00fcr die unterschiedlichsten Zwecke eingesetzt, z. B. zum Auffinden von Wasser, Mineralien, vermissten Personen und sogar verlorenen Gegenst\u00e4nden. Sie wird auch in der Heilkunde, bei Reiki und Wahrsagerei [&hellip;]<\/p>\n","protected":false},"featured_media":347028,"comment_status":"closed","ping_status":"open","template":"","meta":{"_angie_page":false},"product_brand":[],"product_cat":[25744,25223,17269,19076],"product_tag":[],"class_list":{"0":"post-231865","1":"product","2":"type-product","3":"status-publish","4":"has-post-thumbnail","6":"product_cat-bergkristall","7":"product_cat-edelsteine-mineralien","8":"product_cat-esoterik-geschenke","9":"product_cat-pendel-und-runen-steinset","10":"pa_collection-special-pendulums-de","11":"pa_made-in-indien","13":"first","14":"instock","15":"purchasable","16":"product-type-simple"},"supplier_id":null,"supplier_sku":"SpecMP-31","barcode":null,"atum_controlled":true,"out_stock_date":null,"out_stock_threshold":null,"inheritable":false,"inbound_stock":null,"stock_on_hold":0,"sold_today":0,"sales_last_days":0,"reserved_stock":null,"customer_returns":null,"warehouse_damage":null,"lost_in_post":null,"other_logs":null,"out_stock_days":0,"lost_sales":0,"has_location":null,"update_date":"2026-04-27T07:22:47","atum_locations":[],"atum_stock_status":"instock","restock_status":false,"low_stock_amount":"","sales_update_date":"2026-02-06T00:02:41","calc_backorders":null,"_links":{"self":[{"href":"https:\/\/aromasentia.com\/de\/wp-json\/wp\/v2\/product\/231865","targetHints":{"allow":["GET"]}}],"collection":[{"href":"https:\/\/aromasentia.com\/de\/wp-json\/wp\/v2\/product"}],"about":[{"href":"https:\/\/aromasentia.com\/de\/wp-json\/wp\/v2\/types\/product"}],"replies":[{"embeddable":true,"href":"https:\/\/aromasentia.com\/de\/wp-json\/wp\/v2\/comments?post=231865"}],"version-history":[{"count":0,"href":"https:\/\/aromasentia.com\/de\/wp-json\/wp\/v2\/product\/231865\/revisions"}],"wp:featuredmedia":[{"embeddable":true,"href":"https:\/\/aromasentia.com\/de\/wp-json\/wp\/v2\/media\/347028"}],"wp:attachment":[{"href":"https:\/\/aromasentia.com\/de\/wp-json\/wp\/v2\/media?parent=231865"}],"wp:term":[{"taxonomy":"product_brand","embeddable":true,"href":"https:\/\/aromasentia.com\/de\/wp-json\/wp\/v2\/product_brand?post=231865"},{"taxonomy":"product_cat","embeddable":true,"href":"https:\/\/aromasentia.com\/de\/wp-json\/wp\/v2\/product_cat?post=231865"},{"taxonomy":"product_tag","embeddable":true,"href":"https:\/\/aromasentia.com\/de\/wp-json\/wp\/v2\/product_tag?post=231865"}],"curies":[{"name":"wp","href":"https:\/\/api.w.org\/{rel}","templated":true}]}}