{"id":231821,"date":"2025-03-22T13:30:39","date_gmt":"2025-03-22T13:30:39","guid":{"rendered":"https:\/\/aromasentia.com\/product\/selenite-heart-7-8cm\/"},"modified":"2025-12-30T20:08:02","modified_gmt":"2025-12-30T20:08:02","slug":"selenitherz-7-8cm","status":"publish","type":"product","link":"https:\/\/aromasentia.com\/de\/selenitherz-7-8cm\/","title":{"rendered":"Selenitherz &#8211; 7-8cm"},"content":{"rendered":"<p><strong>Gro\u00dfhandel Selenit Herz<\/strong><\/p>\n<p style=\"text-align: justify;\">Es ist allgemein anerkannt, dass Selenit einer der m\u00e4chtigsten Kristalle f\u00fcr die Heilung ist. Er steht auch in Verbindung mit dem dritten Auge, der Krone und den \u00e4therischen Chakren. Manche sagen, er f\u00f6rdere Reinheit und Ehrlichkeit. Es hei\u00dft, er zwingt die Person, die ihn tr\u00e4gt, ehrlich zu sich selbst zu sein.<\/p>\n<p style=\"text-align: justify;\">Gr\u00f6\u00dfe des Selenit-Herzens: L\u00e4nge 7cm, Durchmesser 6,5cm<\/p>\n<p>><\/p>\n","protected":false},"excerpt":{"rendered":"<p>Gro\u00dfhandel Selenit Herz Es ist allgemein anerkannt, dass Selenit einer der m\u00e4chtigsten Kristalle f\u00fcr die Heilung ist. Er steht auch in Verbindung mit dem dritten Auge, der Krone und den \u00e4therischen Chakren. Manche sagen, er f\u00f6rdere Reinheit und Ehrlichkeit. Es hei\u00dft, er zwingt die Person, die ihn tr\u00e4gt, ehrlich zu sich selbst zu sein. Gr\u00f6\u00dfe [&hellip;]<\/p>\n","protected":false},"featured_media":346785,"comment_status":"closed","ping_status":"open","template":"","meta":{"_angie_page":false},"product_brand":[],"product_cat":[25223,14451,19146,19116],"product_tag":[],"class_list":{"0":"post-231821","1":"product","2":"type-product","3":"status-publish","4":"has-post-thumbnail","6":"product_cat-edelsteine-mineralien","7":"product_cat-haus-und-gartendeko","8":"product_cat-inspirationen","9":"product_cat-selenit","10":"pa_collection-selenite-wands-de","11":"pa_made-in-marokko","13":"first","14":"instock","15":"purchasable","16":"product-type-simple"},"supplier_id":null,"supplier_sku":"SelW-15","barcode":null,"atum_controlled":true,"out_stock_date":null,"out_stock_threshold":null,"inheritable":false,"inbound_stock":null,"stock_on_hold":0,"sold_today":0,"sales_last_days":0,"reserved_stock":null,"customer_returns":null,"warehouse_damage":null,"lost_in_post":null,"other_logs":null,"out_stock_days":0,"lost_sales":0,"has_location":null,"update_date":"2026-04-27T07:21:08","atum_locations":[],"atum_stock_status":"instock","restock_status":false,"low_stock_amount":"","sales_update_date":"2025-09-05T00:26:10","calc_backorders":null,"_links":{"self":[{"href":"https:\/\/aromasentia.com\/de\/wp-json\/wp\/v2\/product\/231821","targetHints":{"allow":["GET"]}}],"collection":[{"href":"https:\/\/aromasentia.com\/de\/wp-json\/wp\/v2\/product"}],"about":[{"href":"https:\/\/aromasentia.com\/de\/wp-json\/wp\/v2\/types\/product"}],"replies":[{"embeddable":true,"href":"https:\/\/aromasentia.com\/de\/wp-json\/wp\/v2\/comments?post=231821"}],"version-history":[{"count":0,"href":"https:\/\/aromasentia.com\/de\/wp-json\/wp\/v2\/product\/231821\/revisions"}],"wp:featuredmedia":[{"embeddable":true,"href":"https:\/\/aromasentia.com\/de\/wp-json\/wp\/v2\/media\/346785"}],"wp:attachment":[{"href":"https:\/\/aromasentia.com\/de\/wp-json\/wp\/v2\/media?parent=231821"}],"wp:term":[{"taxonomy":"product_brand","embeddable":true,"href":"https:\/\/aromasentia.com\/de\/wp-json\/wp\/v2\/product_brand?post=231821"},{"taxonomy":"product_cat","embeddable":true,"href":"https:\/\/aromasentia.com\/de\/wp-json\/wp\/v2\/product_cat?post=231821"},{"taxonomy":"product_tag","embeddable":true,"href":"https:\/\/aromasentia.com\/de\/wp-json\/wp\/v2\/product_tag?post=231821"}],"curies":[{"name":"wp","href":"https:\/\/api.w.org\/{rel}","templated":true}]}}