{"id":231809,"date":"2025-03-22T13:30:39","date_gmt":"2025-03-22T13:30:39","guid":{"rendered":"https:\/\/aromasentia.com\/product\/selenite-stick-raw-crystal-natural-stone-7-10cm\/"},"modified":"2025-12-30T20:08:02","modified_gmt":"2025-12-30T20:08:02","slug":"selenite-stick-raw-crystal-natural-stone-7-10cm","status":"publish","type":"product","link":"https:\/\/aromasentia.com\/de\/selenite-stick-raw-crystal-natural-stone-7-10cm\/","title":{"rendered":"Selenite Stick Raw Crystal &#8211; Natural Stone 7-10cm"},"content":{"rendered":"<p><span style=\"color: rgb(75, 80, 88);\"><strong>1x Selenit-Stick, Rohkristall \u2013 Naturstein, 7\u201310 cm<\/strong> stammen aus den Bergen Marokkos.<\/span><\/p>\n<p><span style=\"color: rgb(75, 80, 88);\">Der Kristall erhielt seinen Namen von der griechischen Mondg\u00f6ttin Selene, und Sie k\u00f6nnen sehen, warum \u2026 die Art und Weise, wie diese nat\u00fcrlichen milchigen Steine das Licht brechen, ist v\u00f6llig mond\u00e4hnlich.<\/span><\/p>\n<p><span style=\"color: rgb(75, 80, 88);\"><strong>Vorteile:<\/strong> Es ist allgemein anerkannt, dass Selenit einer der wirksamsten Kristalle zur Heilung ist. Au\u00dferdem verbindet er sich mit dem dritten Auge, der Krone und den \u00e4therischen Chakren. Manche sagen, <strong>er f\u00f6rdert Reinheit und Ehrlichkeit<\/strong>. Es hei\u00dft, es zwingt die Person, die es h\u00e4lt, ehrlich zu sich selbst zu sein.<\/span><\/p>\n<p><span style=\"color: rgb(141, 186, 216);\"><strong>F\u00fcgen Sie dieses wundersch\u00f6ne Produkt aus atemberaubendem Selenit hinzu, um Ihre Verk\u00e4ufe bis zum Mond und zur\u00fcck zu steigern.<\/strong><\/span><\/p>\n","protected":false},"excerpt":{"rendered":"<p>1x Selenit-Stick, Rohkristall \u2013 Naturstein, 7\u201310 cm stammen aus den Bergen Marokkos. Der Kristall erhielt seinen Namen von der griechischen Mondg\u00f6ttin Selene, und Sie k\u00f6nnen sehen, warum \u2026 die Art und Weise, wie diese nat\u00fcrlichen milchigen Steine das Licht brechen, ist v\u00f6llig mond\u00e4hnlich. Vorteile: Es ist allgemein anerkannt, dass Selenit einer der wirksamsten Kristalle zur [&hellip;]<\/p>\n","protected":false},"featured_media":346686,"comment_status":"closed","ping_status":"open","template":"","meta":{"_angie_page":false},"product_brand":[],"product_cat":[25223,14451,19146,19116],"product_tag":[],"class_list":{"0":"post-231809","1":"product","2":"type-product","3":"status-publish","4":"has-post-thumbnail","6":"product_cat-edelsteine-mineralien","7":"product_cat-haus-und-gartendeko","8":"product_cat-inspirationen","9":"product_cat-selenit","10":"pa_collection-selenite-wands-de","11":"pa_made-in-marokko","13":"first","14":"instock","15":"purchasable","16":"product-type-simple"},"supplier_id":null,"supplier_sku":"SelW-12","barcode":null,"atum_controlled":true,"out_stock_date":null,"out_stock_threshold":null,"inheritable":false,"inbound_stock":null,"stock_on_hold":0,"sold_today":0,"sales_last_days":0,"reserved_stock":null,"customer_returns":null,"warehouse_damage":null,"lost_in_post":null,"other_logs":null,"out_stock_days":0,"lost_sales":0,"has_location":null,"update_date":"2026-05-04T00:04:58","atum_locations":[],"atum_stock_status":"instock","restock_status":false,"low_stock_amount":"","sales_update_date":"2025-09-05T00:26:10","calc_backorders":null,"_links":{"self":[{"href":"https:\/\/aromasentia.com\/de\/wp-json\/wp\/v2\/product\/231809","targetHints":{"allow":["GET"]}}],"collection":[{"href":"https:\/\/aromasentia.com\/de\/wp-json\/wp\/v2\/product"}],"about":[{"href":"https:\/\/aromasentia.com\/de\/wp-json\/wp\/v2\/types\/product"}],"replies":[{"embeddable":true,"href":"https:\/\/aromasentia.com\/de\/wp-json\/wp\/v2\/comments?post=231809"}],"version-history":[{"count":0,"href":"https:\/\/aromasentia.com\/de\/wp-json\/wp\/v2\/product\/231809\/revisions"}],"wp:featuredmedia":[{"embeddable":true,"href":"https:\/\/aromasentia.com\/de\/wp-json\/wp\/v2\/media\/346686"}],"wp:attachment":[{"href":"https:\/\/aromasentia.com\/de\/wp-json\/wp\/v2\/media?parent=231809"}],"wp:term":[{"taxonomy":"product_brand","embeddable":true,"href":"https:\/\/aromasentia.com\/de\/wp-json\/wp\/v2\/product_brand?post=231809"},{"taxonomy":"product_cat","embeddable":true,"href":"https:\/\/aromasentia.com\/de\/wp-json\/wp\/v2\/product_cat?post=231809"},{"taxonomy":"product_tag","embeddable":true,"href":"https:\/\/aromasentia.com\/de\/wp-json\/wp\/v2\/product_tag?post=231809"}],"curies":[{"name":"wp","href":"https:\/\/api.w.org\/{rel}","templated":true}]}}