{"id":231805,"date":"2025-03-22T13:30:39","date_gmt":"2025-03-22T13:30:39","guid":{"rendered":"https:\/\/aromasentia.com\/product\/selenite-heart-5-6-cm\/"},"modified":"2025-12-30T20:08:02","modified_gmt":"2025-12-30T20:08:02","slug":"selenit-herz-5-6-cm","status":"publish","type":"product","link":"https:\/\/aromasentia.com\/de\/selenit-herz-5-6-cm\/","title":{"rendered":"Selenit-Herz &#8211; 5-6 cm"},"content":{"rendered":"<p><span style=\"color: rgb(75, 80, 88);\">Es ist allgemein anerkannt, dass <strong>Selenit-Herz \u2013 5\u20136 cm<\/strong> einer der wirksamsten Heilkristalle ist.<\/span><\/p>\n<p><span style=\"color: rgb(75, 80, 88);\"><strong>Vorteile:<\/strong> Es verbindet sich mit dem dritten Auge, der Krone und den \u00e4therischen Chakren. Manche sagen, es f\u00f6rdere Reinheit und Ehrlichkeit. Es hei\u00dft, es zwingt die Person, die es h\u00e4lt, ehrlich zu sich selbst zu sein.<\/span><\/p>\n<p><span style=\"color: rgb(75, 80, 88);\"><br \/><\/span><\/p>\n<p><span style=\"color: rgb(75, 80, 88);\"><strong>Gr\u00f6\u00dfe des Selenitherzens<\/strong>: H\u00f6he 6\u00a0cm, L\u00e4nge 6,5\u00a0cm, Breite 2,5\u00a0cm,<\/span><\/p>\n<p><span style=\"color: rgb(141, 186, 216);\"><strong>Jeder Selenit wird von der Natur geformt und ist daher v\u00f6llig einzigartig.<br \/>Hinweis: Die Gr\u00f6\u00dfe der St\u00e4be kann leicht abweichen.<\/strong><\/span><\/p>\n","protected":false},"excerpt":{"rendered":"<p>Es ist allgemein anerkannt, dass Selenit-Herz \u2013 5\u20136 cm einer der wirksamsten Heilkristalle ist. Vorteile: Es verbindet sich mit dem dritten Auge, der Krone und den \u00e4therischen Chakren. Manche sagen, es f\u00f6rdere Reinheit und Ehrlichkeit. Es hei\u00dft, es zwingt die Person, die es h\u00e4lt, ehrlich zu sich selbst zu sein. Gr\u00f6\u00dfe des Selenitherzens: H\u00f6he 6\u00a0cm, [&hellip;]<\/p>\n","protected":false},"featured_media":346637,"comment_status":"closed","ping_status":"open","template":"","meta":{"_angie_page":false},"product_brand":[],"product_cat":[25223,14451,19146,19116],"product_tag":[],"class_list":{"0":"post-231805","1":"product","2":"type-product","3":"status-publish","4":"has-post-thumbnail","6":"product_cat-edelsteine-mineralien","7":"product_cat-haus-und-gartendeko","8":"product_cat-inspirationen","9":"product_cat-selenit","10":"pa_collection-selenite-wands-de","11":"pa_made-in-marokko","13":"first","14":"instock","15":"purchasable","16":"product-type-simple"},"supplier_id":null,"supplier_sku":"SelW-09","barcode":null,"atum_controlled":true,"out_stock_date":null,"out_stock_threshold":null,"inheritable":false,"inbound_stock":null,"stock_on_hold":0,"sold_today":0,"sales_last_days":0,"reserved_stock":null,"customer_returns":null,"warehouse_damage":null,"lost_in_post":null,"other_logs":null,"out_stock_days":0,"lost_sales":0,"has_location":null,"update_date":"2026-04-27T07:21:08","atum_locations":[],"atum_stock_status":"instock","restock_status":false,"low_stock_amount":"","sales_update_date":"2025-09-05T00:26:09","calc_backorders":null,"_links":{"self":[{"href":"https:\/\/aromasentia.com\/de\/wp-json\/wp\/v2\/product\/231805","targetHints":{"allow":["GET"]}}],"collection":[{"href":"https:\/\/aromasentia.com\/de\/wp-json\/wp\/v2\/product"}],"about":[{"href":"https:\/\/aromasentia.com\/de\/wp-json\/wp\/v2\/types\/product"}],"replies":[{"embeddable":true,"href":"https:\/\/aromasentia.com\/de\/wp-json\/wp\/v2\/comments?post=231805"}],"version-history":[{"count":0,"href":"https:\/\/aromasentia.com\/de\/wp-json\/wp\/v2\/product\/231805\/revisions"}],"wp:featuredmedia":[{"embeddable":true,"href":"https:\/\/aromasentia.com\/de\/wp-json\/wp\/v2\/media\/346637"}],"wp:attachment":[{"href":"https:\/\/aromasentia.com\/de\/wp-json\/wp\/v2\/media?parent=231805"}],"wp:term":[{"taxonomy":"product_brand","embeddable":true,"href":"https:\/\/aromasentia.com\/de\/wp-json\/wp\/v2\/product_brand?post=231805"},{"taxonomy":"product_cat","embeddable":true,"href":"https:\/\/aromasentia.com\/de\/wp-json\/wp\/v2\/product_cat?post=231805"},{"taxonomy":"product_tag","embeddable":true,"href":"https:\/\/aromasentia.com\/de\/wp-json\/wp\/v2\/product_tag?post=231805"}],"curies":[{"name":"wp","href":"https:\/\/api.w.org\/{rel}","templated":true}]}}