{"id":231797,"date":"2025-03-22T13:30:39","date_gmt":"2025-03-22T13:30:39","guid":{"rendered":"https:\/\/aromasentia.com\/product\/selenite-sphere-5-6-cm\/"},"modified":"2025-12-30T20:08:02","modified_gmt":"2025-12-30T20:08:02","slug":"selenit-kugel-5-6-cm","status":"publish","type":"product","link":"https:\/\/aromasentia.com\/de\/selenit-kugel-5-6-cm\/","title":{"rendered":"Selenit-Kugel- 5-6 cm"},"content":{"rendered":"<p><span style=\"color: rgb(75, 80, 88);\">Es ist allgemein anerkannt, dass die <strong>Selenitkugel \u2013 5\u20136 cm<\/strong> zu den wirksamsten Heilkristallen geh\u00f6rt.<\/span><\/p>\n<p><span style=\"color: rgb(75, 80, 88);\"><strong>Vorteile:<\/strong> Sie verbindet sich mit dem dritten Auge, dem Kronenchakra und den \u00e4therischen Chakren. Manche sagen, sie <strong>f\u00f6rdert Reinheit und Ehrlichkeit<\/strong><strong>. Es hei\u00dft, es zwingt die Person, die es h\u00e4lt, ehrlich zu sich selbst zu sein.<\/span><\/p>\n<p><\/p>\n<p><strong>Gr\u00f6\u00dfe der Selenitkugel:<\/strong> H\u00f6he 6 cm, Durchmesser 4 cm<\/p>\n<p><\/p>\n<p><strong>Durchmesser der Selenitkugel<\/strong> betr\u00e4gt ca. 5,5 cm<\/p>\n<p><span style=\"color: rgb(141, 186, 216);\"><strong>Jeder Selenit wird von der Natur geformt und ist daher v\u00f6llig einzigartig.<br \/>NB: Die Gr\u00f6\u00dfe der St\u00e4be kann leicht abweichen.<\/strong><\/span><\/p>\n","protected":false},"excerpt":{"rendered":"<p>Es ist allgemein anerkannt, dass die Selenitkugel \u2013 5\u20136 cm zu den wirksamsten Heilkristallen geh\u00f6rt. Vorteile: Sie verbindet sich mit dem dritten Auge, dem Kronenchakra und den \u00e4therischen Chakren. Manche sagen, sie f\u00f6rdert Reinheit und Ehrlichkeit. Es hei\u00dft, es zwingt die Person, die es h\u00e4lt, ehrlich zu sich selbst zu sein. Gr\u00f6\u00dfe der Selenitkugel: H\u00f6he [&hellip;]<\/p>\n","protected":false},"featured_media":346547,"comment_status":"closed","ping_status":"open","template":"","meta":{"_angie_page":false},"product_brand":[],"product_cat":[25223,14451,19146,19116],"product_tag":[],"class_list":{"0":"post-231797","1":"product","2":"type-product","3":"status-publish","4":"has-post-thumbnail","6":"product_cat-edelsteine-mineralien","7":"product_cat-haus-und-gartendeko","8":"product_cat-inspirationen","9":"product_cat-selenit","10":"pa_collection-selenite-wands-de","11":"pa_made-in-marokko","13":"first","14":"instock","15":"purchasable","16":"product-type-simple"},"supplier_id":null,"supplier_sku":"SelW-10","barcode":null,"atum_controlled":true,"out_stock_date":null,"out_stock_threshold":null,"inheritable":false,"inbound_stock":null,"stock_on_hold":0,"sold_today":0,"sales_last_days":0,"reserved_stock":null,"customer_returns":null,"warehouse_damage":null,"lost_in_post":null,"other_logs":null,"out_stock_days":0,"lost_sales":0,"has_location":null,"update_date":"2026-05-04T00:04:58","atum_locations":[],"atum_stock_status":"instock","restock_status":false,"low_stock_amount":"","sales_update_date":"2025-09-05T00:26:09","calc_backorders":null,"_links":{"self":[{"href":"https:\/\/aromasentia.com\/de\/wp-json\/wp\/v2\/product\/231797","targetHints":{"allow":["GET"]}}],"collection":[{"href":"https:\/\/aromasentia.com\/de\/wp-json\/wp\/v2\/product"}],"about":[{"href":"https:\/\/aromasentia.com\/de\/wp-json\/wp\/v2\/types\/product"}],"replies":[{"embeddable":true,"href":"https:\/\/aromasentia.com\/de\/wp-json\/wp\/v2\/comments?post=231797"}],"version-history":[{"count":0,"href":"https:\/\/aromasentia.com\/de\/wp-json\/wp\/v2\/product\/231797\/revisions"}],"wp:featuredmedia":[{"embeddable":true,"href":"https:\/\/aromasentia.com\/de\/wp-json\/wp\/v2\/media\/346547"}],"wp:attachment":[{"href":"https:\/\/aromasentia.com\/de\/wp-json\/wp\/v2\/media?parent=231797"}],"wp:term":[{"taxonomy":"product_brand","embeddable":true,"href":"https:\/\/aromasentia.com\/de\/wp-json\/wp\/v2\/product_brand?post=231797"},{"taxonomy":"product_cat","embeddable":true,"href":"https:\/\/aromasentia.com\/de\/wp-json\/wp\/v2\/product_cat?post=231797"},{"taxonomy":"product_tag","embeddable":true,"href":"https:\/\/aromasentia.com\/de\/wp-json\/wp\/v2\/product_tag?post=231797"}],"curies":[{"name":"wp","href":"https:\/\/api.w.org\/{rel}","templated":true}]}}