{"id":231737,"date":"2025-03-22T13:30:39","date_gmt":"2025-03-22T13:30:39","guid":{"rendered":"https:\/\/aromasentia.com\/product\/natiural-selenite-tower-15-cm\/"},"modified":"2025-12-30T20:07:46","modified_gmt":"2025-12-30T20:07:46","slug":"natuerlicher-selenit-turm-15-cm","status":"publish","type":"product","link":"https:\/\/aromasentia.com\/de\/natuerlicher-selenit-turm-15-cm\/","title":{"rendered":"Nat\u00fcrlicher Selenit-Turm- 15 cm"},"content":{"rendered":"<p style=\"text-align: justify;\">Selenit ist ein h\u00e4ufig vorkommender Stein, der wegen seines milchigen Glanzes, der von der Oberfl\u00e4che her leuchtet, als Satin Spar bekannt ist. Er ist auch als W\u00fcstenrose oder Gipsblume bekannt.&nbsp;&nbsp;<\/p>\n<p style=\"text-align: justify;\">Selenit-Produkte sind mit Gr\u00f6\u00dfenangaben gekennzeichnet, um eine ungef\u00e4hre Vorstellung von der Gr\u00f6\u00dfe zu geben, jeder Stein ist v\u00f6llig einzigartig.&nbsp;<\/p>\n<p style=\"text-align: justify;\">Gr\u00f6\u00dfen: H:15cm, B: 3.5cm, Gewicht 500g<\/p>\n","protected":false},"excerpt":{"rendered":"<p>Selenit ist ein h\u00e4ufig vorkommender Stein, der wegen seines milchigen Glanzes, der von der Oberfl\u00e4che her leuchtet, als Satin Spar bekannt ist. Er ist auch als W\u00fcstenrose oder Gipsblume bekannt.&nbsp;&nbsp; Selenit-Produkte sind mit Gr\u00f6\u00dfenangaben gekennzeichnet, um eine ungef\u00e4hre Vorstellung von der Gr\u00f6\u00dfe zu geben, jeder Stein ist v\u00f6llig einzigartig.&nbsp; Gr\u00f6\u00dfen: H:15cm, B: 3.5cm, Gewicht 500g<\/p>\n","protected":false},"featured_media":346212,"comment_status":"closed","ping_status":"open","template":"","meta":{"_angie_page":false},"product_brand":[],"product_cat":[25223,17269,19116],"product_tag":[],"class_list":{"0":"post-231737","1":"product","2":"type-product","3":"status-publish","4":"has-post-thumbnail","6":"product_cat-edelsteine-mineralien","7":"product_cat-esoterik-geschenke","8":"product_cat-selenit","9":"pa_collection-selenite-towers-de","10":"pa_made-in-marokko","12":"first","13":"instock","14":"purchasable","15":"product-type-simple"},"supplier_id":null,"supplier_sku":"SelT-03","barcode":null,"atum_controlled":true,"out_stock_date":null,"out_stock_threshold":null,"inheritable":false,"inbound_stock":null,"stock_on_hold":0,"sold_today":0,"sales_last_days":0,"reserved_stock":null,"customer_returns":null,"warehouse_damage":null,"lost_in_post":null,"other_logs":null,"out_stock_days":0,"lost_sales":0,"has_location":null,"update_date":"2026-05-04T00:04:58","atum_locations":[],"atum_stock_status":"instock","restock_status":false,"low_stock_amount":"","sales_update_date":"2026-02-06T00:01:49","calc_backorders":null,"_links":{"self":[{"href":"https:\/\/aromasentia.com\/de\/wp-json\/wp\/v2\/product\/231737","targetHints":{"allow":["GET"]}}],"collection":[{"href":"https:\/\/aromasentia.com\/de\/wp-json\/wp\/v2\/product"}],"about":[{"href":"https:\/\/aromasentia.com\/de\/wp-json\/wp\/v2\/types\/product"}],"replies":[{"embeddable":true,"href":"https:\/\/aromasentia.com\/de\/wp-json\/wp\/v2\/comments?post=231737"}],"version-history":[{"count":0,"href":"https:\/\/aromasentia.com\/de\/wp-json\/wp\/v2\/product\/231737\/revisions"}],"wp:featuredmedia":[{"embeddable":true,"href":"https:\/\/aromasentia.com\/de\/wp-json\/wp\/v2\/media\/346212"}],"wp:attachment":[{"href":"https:\/\/aromasentia.com\/de\/wp-json\/wp\/v2\/media?parent=231737"}],"wp:term":[{"taxonomy":"product_brand","embeddable":true,"href":"https:\/\/aromasentia.com\/de\/wp-json\/wp\/v2\/product_brand?post=231737"},{"taxonomy":"product_cat","embeddable":true,"href":"https:\/\/aromasentia.com\/de\/wp-json\/wp\/v2\/product_cat?post=231737"},{"taxonomy":"product_tag","embeddable":true,"href":"https:\/\/aromasentia.com\/de\/wp-json\/wp\/v2\/product_tag?post=231737"}],"curies":[{"name":"wp","href":"https:\/\/api.w.org\/{rel}","templated":true}]}}