{"id":231725,"date":"2025-03-22T13:30:39","date_gmt":"2025-03-22T13:30:39","guid":{"rendered":"https:\/\/aromasentia.com\/product\/natural-selenite-tower-lamp-25-cm\/"},"modified":"2025-12-30T20:07:46","modified_gmt":"2025-12-30T20:07:46","slug":"natuerliche-selenit-turmlampe-25-cm","status":"publish","type":"product","link":"https:\/\/aromasentia.com\/de\/natuerliche-selenit-turmlampe-25-cm\/","title":{"rendered":"Nat\u00fcrliche Selenit-Turmlampe- 25 cm"},"content":{"rendered":"<p><strong>Kabel und Gl\u00fchbirne inklusive.<\/strong><\/p>\n<p>Selenitlampen sind f\u00fcr ihre reinigenden und heilenden Eigenschaften bekannt und k\u00f6nnen helfen, negative Energie sowohl aus unseren Chakren als auch aus der Umgebung zu entfernen. Selenit, ein Stein der Klarheit und F\u00fchrung, hilft dabei, den Geist zu kl\u00e4ren, das Bewusstsein zu sch\u00e4rfen und die Wahrheit zu erkennen, indem er Sie mit einem h\u00f6heren Bewusstsein verbindet.<\/p>\n<p>Die sanften Heilkr\u00e4fte von Selenit k\u00f6nnen zum Schutz vor negativer Energie genutzt werden, um einen sicheren und ruhigen Ort mit friedlicher Atmosph\u00e4re zu schaffen. Selenit reinigt Kristalle und erneuert ihre Energie. Selenit hat au\u00dferdem beruhigende Eigenschaften, die ihn ideal f\u00fcr Meditation oder spirituelle Arbeit machen.<\/p>\n<p>Selenit-Turmlampen sind wundersch\u00f6ne Naturkristalle und eine fantastische Geschenkidee.<\/p>\n","protected":false},"excerpt":{"rendered":"<p>Kabel und Gl\u00fchbirne inklusive. Selenitlampen sind f\u00fcr ihre reinigenden und heilenden Eigenschaften bekannt und k\u00f6nnen helfen, negative Energie sowohl aus unseren Chakren als auch aus der Umgebung zu entfernen. Selenit, ein Stein der Klarheit und F\u00fchrung, hilft dabei, den Geist zu kl\u00e4ren, das Bewusstsein zu sch\u00e4rfen und die Wahrheit zu erkennen, indem er Sie mit [&hellip;]<\/p>\n","protected":false},"featured_media":346169,"comment_status":"closed","ping_status":"open","template":"","meta":{"_angie_page":false},"product_brand":[],"product_cat":[25223,17269,19116],"product_tag":[],"class_list":{"0":"post-231725","1":"product","2":"type-product","3":"status-publish","4":"has-post-thumbnail","6":"product_cat-edelsteine-mineralien","7":"product_cat-esoterik-geschenke","8":"product_cat-selenit","9":"pa_collection-natural-selenite-tower-lamps-de","10":"pa_made-in-vereinigtes-koenigreich","12":"first","13":"instock","14":"purchasable","15":"product-type-simple"},"supplier_id":null,"supplier_sku":"SelLp-03","barcode":null,"atum_controlled":true,"out_stock_date":null,"out_stock_threshold":null,"inheritable":false,"inbound_stock":null,"stock_on_hold":0,"sold_today":0,"sales_last_days":0,"reserved_stock":null,"customer_returns":null,"warehouse_damage":null,"lost_in_post":null,"other_logs":null,"out_stock_days":0,"lost_sales":0,"has_location":null,"update_date":"2026-04-27T07:21:00","atum_locations":[],"atum_stock_status":"instock","restock_status":false,"low_stock_amount":"","sales_update_date":"2025-09-05T00:25:59","calc_backorders":null,"_links":{"self":[{"href":"https:\/\/aromasentia.com\/de\/wp-json\/wp\/v2\/product\/231725","targetHints":{"allow":["GET"]}}],"collection":[{"href":"https:\/\/aromasentia.com\/de\/wp-json\/wp\/v2\/product"}],"about":[{"href":"https:\/\/aromasentia.com\/de\/wp-json\/wp\/v2\/types\/product"}],"replies":[{"embeddable":true,"href":"https:\/\/aromasentia.com\/de\/wp-json\/wp\/v2\/comments?post=231725"}],"version-history":[{"count":0,"href":"https:\/\/aromasentia.com\/de\/wp-json\/wp\/v2\/product\/231725\/revisions"}],"wp:featuredmedia":[{"embeddable":true,"href":"https:\/\/aromasentia.com\/de\/wp-json\/wp\/v2\/media\/346169"}],"wp:attachment":[{"href":"https:\/\/aromasentia.com\/de\/wp-json\/wp\/v2\/media?parent=231725"}],"wp:term":[{"taxonomy":"product_brand","embeddable":true,"href":"https:\/\/aromasentia.com\/de\/wp-json\/wp\/v2\/product_brand?post=231725"},{"taxonomy":"product_cat","embeddable":true,"href":"https:\/\/aromasentia.com\/de\/wp-json\/wp\/v2\/product_cat?post=231725"},{"taxonomy":"product_tag","embeddable":true,"href":"https:\/\/aromasentia.com\/de\/wp-json\/wp\/v2\/product_tag?post=231725"}],"curies":[{"name":"wp","href":"https:\/\/api.w.org\/{rel}","templated":true}]}}