{"id":231649,"date":"2025-03-22T13:30:47","date_gmt":"2025-03-22T13:30:47","guid":{"rendered":"https:\/\/aromasentia.com\/product\/pack-of-24-bloodstone-l-b-grade\/"},"modified":"2025-12-30T20:07:30","modified_gmt":"2025-12-30T20:07:30","slug":"trommelsteine-blutstein-l-klasse-b","status":"publish","type":"product","link":"https:\/\/aromasentia.com\/de\/trommelsteine-blutstein-l-klasse-b\/","title":{"rendered":"Trommelsteine- Blutstein L (Klasse B)"},"content":{"rendered":"<p>Steigern Sie Ihre Vitalit\u00e4t mit diesem Paket von 24 Blutsteinen L (B-Qualit\u00e4t). Dieses Set enth\u00e4lt vierundzwanzig gro\u00dfe Blutstein-Trommelsteine (B-Qualit\u00e4t) mit tiefgr\u00fcnem Chalzedon und roten Jaspisflecken. Der Blutstein ist ein kraftvoller Heil- und Schutzstein und soll die Energie reinigen, den Mut st\u00e4rken und die Vitalit\u00e4t erh\u00f6hen. Diese Steine sind ideal f\u00fcr das Tragen von Kraftsteinen, f\u00fcr umfangreiche Gitternetze oder in Zeiten, in denen Widerstandsf\u00e4higkeit gefragt ist, und bieten eine starke, wenn auch leicht fehlerhafte, energetische Unterst\u00fctzung.<\/p>\n","protected":false},"excerpt":{"rendered":"<p>Steigern Sie Ihre Vitalit\u00e4t mit diesem Paket von 24 Blutsteinen L (B-Qualit\u00e4t). Dieses Set enth\u00e4lt vierundzwanzig gro\u00dfe Blutstein-Trommelsteine (B-Qualit\u00e4t) mit tiefgr\u00fcnem Chalzedon und roten Jaspisflecken. Der Blutstein ist ein kraftvoller Heil- und Schutzstein und soll die Energie reinigen, den Mut st\u00e4rken und die Vitalit\u00e4t erh\u00f6hen. Diese Steine sind ideal f\u00fcr das Tragen von Kraftsteinen, f\u00fcr [&hellip;]<\/p>\n","protected":false},"featured_media":348222,"comment_status":"closed","ping_status":"open","template":"","meta":{"_angie_page":false},"product_brand":[],"product_cat":[25569,25223,17269,18942],"product_tag":[],"class_list":{"0":"post-231649","1":"product","2":"type-product","3":"status-publish","4":"has-post-thumbnail","6":"product_cat-blutstein","7":"product_cat-edelsteine-mineralien","8":"product_cat-esoterik-geschenke","9":"product_cat-trommelsteine","10":"pa_collection-large-tumble-stones-de","11":"pa_made-in-indien","13":"first","14":"instock","15":"purchasable","16":"product-type-simple"},"supplier_id":null,"supplier_sku":"Tbm-20B","barcode":null,"atum_controlled":true,"out_stock_date":null,"out_stock_threshold":null,"inheritable":false,"inbound_stock":null,"stock_on_hold":0,"sold_today":0,"sales_last_days":0,"reserved_stock":null,"customer_returns":null,"warehouse_damage":null,"lost_in_post":null,"other_logs":null,"out_stock_days":0,"lost_sales":0,"has_location":null,"update_date":"2026-04-27T07:24:00","atum_locations":[],"atum_stock_status":"instock","restock_status":false,"low_stock_amount":"","sales_update_date":"2026-01-30T01:24:28","calc_backorders":null,"_links":{"self":[{"href":"https:\/\/aromasentia.com\/de\/wp-json\/wp\/v2\/product\/231649","targetHints":{"allow":["GET"]}}],"collection":[{"href":"https:\/\/aromasentia.com\/de\/wp-json\/wp\/v2\/product"}],"about":[{"href":"https:\/\/aromasentia.com\/de\/wp-json\/wp\/v2\/types\/product"}],"replies":[{"embeddable":true,"href":"https:\/\/aromasentia.com\/de\/wp-json\/wp\/v2\/comments?post=231649"}],"version-history":[{"count":0,"href":"https:\/\/aromasentia.com\/de\/wp-json\/wp\/v2\/product\/231649\/revisions"}],"wp:featuredmedia":[{"embeddable":true,"href":"https:\/\/aromasentia.com\/de\/wp-json\/wp\/v2\/media\/348222"}],"wp:attachment":[{"href":"https:\/\/aromasentia.com\/de\/wp-json\/wp\/v2\/media?parent=231649"}],"wp:term":[{"taxonomy":"product_brand","embeddable":true,"href":"https:\/\/aromasentia.com\/de\/wp-json\/wp\/v2\/product_brand?post=231649"},{"taxonomy":"product_cat","embeddable":true,"href":"https:\/\/aromasentia.com\/de\/wp-json\/wp\/v2\/product_cat?post=231649"},{"taxonomy":"product_tag","embeddable":true,"href":"https:\/\/aromasentia.com\/de\/wp-json\/wp\/v2\/product_tag?post=231649"}],"curies":[{"name":"wp","href":"https:\/\/api.w.org\/{rel}","templated":true}]}}