{"id":231633,"date":"2025-03-22T13:30:47","date_gmt":"2025-03-22T13:30:47","guid":{"rendered":"https:\/\/aromasentia.com\/product\/pack-of-24-rock-crystal-l-a-grade\/"},"modified":"2025-12-30T20:07:30","modified_gmt":"2025-12-30T20:07:30","slug":"ice-crystal-l","status":"publish","type":"product","link":"https:\/\/aromasentia.com\/de\/ice-crystal-l\/","title":{"rendered":"Ice Crystal L"},"content":{"rendered":"<p>Verst\u00e4rken Sie die Klarheit mit diesem 24er-Pack Bergkristall L (A-Grad). Dieses Set enth\u00e4lt vierundzwanzig gro\u00dfe, klare Bergquarz-Trommelsteine der G\u00fcteklasse A, die f\u00fcr hohe Qualit\u00e4t und Klarheit stehen. Als Meisterheiler und Energieverst\u00e4rker eignen sich diese Kristalle perfekt f\u00fcr kraftvolle Gitternetze, zur Verbesserung der Meditation, zur Programmierung von Absichten oder zur Reinigung eines Raums. Ihre au\u00dfergew\u00f6hnliche Klarheit sorgt f\u00fcr eine starke Energieleitung, die Licht, Fokus und verst\u00e4rkte positive Schwingungen in jede spirituelle Praxis oder Umgebung bringt und die Heilung f\u00f6rdert.<\/p>\n","protected":false},"excerpt":{"rendered":"<p>Verst\u00e4rken Sie die Klarheit mit diesem 24er-Pack Bergkristall L (A-Grad). Dieses Set enth\u00e4lt vierundzwanzig gro\u00dfe, klare Bergquarz-Trommelsteine der G\u00fcteklasse A, die f\u00fcr hohe Qualit\u00e4t und Klarheit stehen. Als Meisterheiler und Energieverst\u00e4rker eignen sich diese Kristalle perfekt f\u00fcr kraftvolle Gitternetze, zur Verbesserung der Meditation, zur Programmierung von Absichten oder zur Reinigung eines Raums. Ihre au\u00dfergew\u00f6hnliche Klarheit [&hellip;]<\/p>\n","protected":false},"featured_media":348162,"comment_status":"closed","ping_status":"open","template":"","meta":{"_angie_page":false},"product_brand":[],"product_cat":[25744,25223,17269,18942],"product_tag":[],"class_list":{"0":"post-231633","1":"product","2":"type-product","3":"status-publish","4":"has-post-thumbnail","6":"product_cat-bergkristall","7":"product_cat-edelsteine-mineralien","8":"product_cat-esoterik-geschenke","9":"product_cat-trommelsteine","10":"pa_collection-large-tumble-stones-de","11":"pa_made-in-brasilien","13":"first","14":"instock","15":"purchasable","16":"product-type-simple"},"supplier_id":null,"supplier_sku":"TBm-14A","barcode":null,"atum_controlled":true,"out_stock_date":null,"out_stock_threshold":null,"inheritable":false,"inbound_stock":null,"stock_on_hold":0,"sold_today":0,"sales_last_days":0,"reserved_stock":null,"customer_returns":null,"warehouse_damage":null,"lost_in_post":null,"other_logs":null,"out_stock_days":0,"lost_sales":0,"has_location":null,"update_date":"2026-04-27T07:24:00","atum_locations":[],"atum_stock_status":"instock","restock_status":false,"low_stock_amount":"","sales_update_date":"2026-01-30T01:24:52","calc_backorders":null,"_links":{"self":[{"href":"https:\/\/aromasentia.com\/de\/wp-json\/wp\/v2\/product\/231633","targetHints":{"allow":["GET"]}}],"collection":[{"href":"https:\/\/aromasentia.com\/de\/wp-json\/wp\/v2\/product"}],"about":[{"href":"https:\/\/aromasentia.com\/de\/wp-json\/wp\/v2\/types\/product"}],"replies":[{"embeddable":true,"href":"https:\/\/aromasentia.com\/de\/wp-json\/wp\/v2\/comments?post=231633"}],"version-history":[{"count":0,"href":"https:\/\/aromasentia.com\/de\/wp-json\/wp\/v2\/product\/231633\/revisions"}],"wp:featuredmedia":[{"embeddable":true,"href":"https:\/\/aromasentia.com\/de\/wp-json\/wp\/v2\/media\/348162"}],"wp:attachment":[{"href":"https:\/\/aromasentia.com\/de\/wp-json\/wp\/v2\/media?parent=231633"}],"wp:term":[{"taxonomy":"product_brand","embeddable":true,"href":"https:\/\/aromasentia.com\/de\/wp-json\/wp\/v2\/product_brand?post=231633"},{"taxonomy":"product_cat","embeddable":true,"href":"https:\/\/aromasentia.com\/de\/wp-json\/wp\/v2\/product_cat?post=231633"},{"taxonomy":"product_tag","embeddable":true,"href":"https:\/\/aromasentia.com\/de\/wp-json\/wp\/v2\/product_tag?post=231633"}],"curies":[{"name":"wp","href":"https:\/\/api.w.org\/{rel}","templated":true}]}}