{"id":231621,"date":"2025-03-22T13:30:47","date_gmt":"2025-03-22T13:30:47","guid":{"rendered":"https:\/\/aromasentia.com\/product\/pack-of-24-tumble-stones-smoky-quartz-irradiated-l\/"},"modified":"2025-12-30T20:07:22","modified_gmt":"2025-12-30T20:07:22","slug":"grosse-trommelsteine-rauchquarz","status":"publish","type":"product","link":"https:\/\/aromasentia.com\/de\/grosse-trommelsteine-rauchquarz\/","title":{"rendered":"Gro\u00dfe Trommelsteine Rauchquarz"},"content":{"rendered":"<p>Der bezaubernde Rauchquarz entsteht, wenn der Bergkristall auf nat\u00fcrliche Weise dem Licht ausgesetzt wird. Seine Farbe reicht von hellgrau, braun bis tiefschwarz. Meistens ist er durchsichtig bis durchscheinend, kann aber auch undurchsichtig sein.<\/p>\n<p>Es gibt kaum einen praktischeren und sch\u00f6neren Edelstein als einen sch\u00f6nen, stimmungsvollen dunklen Rauchquarz. Ihm wird die F\u00e4higkeit zugeschrieben, Stress abzubauen, Toleranz zu f\u00f6rdern und bei der L\u00f6sung schwieriger Situationen zu helfen. Er ist ein Schutzstein, der stark mit den Erdchakren verbunden ist.<\/p>\n","protected":false},"excerpt":{"rendered":"<p>Der bezaubernde Rauchquarz entsteht, wenn der Bergkristall auf nat\u00fcrliche Weise dem Licht ausgesetzt wird. Seine Farbe reicht von hellgrau, braun bis tiefschwarz. Meistens ist er durchsichtig bis durchscheinend, kann aber auch undurchsichtig sein. Es gibt kaum einen praktischeren und sch\u00f6neren Edelstein als einen sch\u00f6nen, stimmungsvollen dunklen Rauchquarz. Ihm wird die F\u00e4higkeit zugeschrieben, Stress abzubauen, Toleranz [&hellip;]<\/p>\n","protected":false},"featured_media":348119,"comment_status":"closed","ping_status":"open","template":"","meta":{"_angie_page":false},"product_brand":[],"product_cat":[25223,17269,25735,25766,18942],"product_tag":[],"class_list":{"0":"post-231621","1":"product","2":"type-product","3":"status-publish","4":"has-post-thumbnail","6":"product_cat-edelsteine-mineralien","7":"product_cat-esoterik-geschenke","8":"product_cat-quarz","9":"product_cat-rauchquarz","10":"product_cat-trommelsteine","11":"pa_collection-large-tumble-stones-de","12":"pa_made-in-brasilien","14":"first","15":"instock","16":"purchasable","17":"product-type-simple"},"supplier_id":null,"supplier_sku":"TBm-25","barcode":null,"atum_controlled":true,"out_stock_date":null,"out_stock_threshold":null,"inheritable":false,"inbound_stock":null,"stock_on_hold":0,"sold_today":0,"sales_last_days":0,"reserved_stock":null,"customer_returns":null,"warehouse_damage":null,"lost_in_post":null,"other_logs":null,"out_stock_days":0,"lost_sales":0,"has_location":null,"update_date":"2026-05-08T05:20:18","atum_locations":[],"atum_stock_status":"instock","restock_status":false,"low_stock_amount":"","sales_update_date":"2026-02-06T00:02:32","calc_backorders":null,"_links":{"self":[{"href":"https:\/\/aromasentia.com\/de\/wp-json\/wp\/v2\/product\/231621","targetHints":{"allow":["GET"]}}],"collection":[{"href":"https:\/\/aromasentia.com\/de\/wp-json\/wp\/v2\/product"}],"about":[{"href":"https:\/\/aromasentia.com\/de\/wp-json\/wp\/v2\/types\/product"}],"replies":[{"embeddable":true,"href":"https:\/\/aromasentia.com\/de\/wp-json\/wp\/v2\/comments?post=231621"}],"version-history":[{"count":0,"href":"https:\/\/aromasentia.com\/de\/wp-json\/wp\/v2\/product\/231621\/revisions"}],"wp:featuredmedia":[{"embeddable":true,"href":"https:\/\/aromasentia.com\/de\/wp-json\/wp\/v2\/media\/348119"}],"wp:attachment":[{"href":"https:\/\/aromasentia.com\/de\/wp-json\/wp\/v2\/media?parent=231621"}],"wp:term":[{"taxonomy":"product_brand","embeddable":true,"href":"https:\/\/aromasentia.com\/de\/wp-json\/wp\/v2\/product_brand?post=231621"},{"taxonomy":"product_cat","embeddable":true,"href":"https:\/\/aromasentia.com\/de\/wp-json\/wp\/v2\/product_cat?post=231621"},{"taxonomy":"product_tag","embeddable":true,"href":"https:\/\/aromasentia.com\/de\/wp-json\/wp\/v2\/product_tag?post=231621"}],"curies":[{"name":"wp","href":"https:\/\/api.w.org\/{rel}","templated":true}]}}