{"id":231605,"date":"2025-03-22T13:30:47","date_gmt":"2025-03-22T13:30:47","guid":{"rendered":"https:\/\/aromasentia.com\/product\/pack-of-24-l-tumble-stone-blue-tiger-eye\/"},"modified":"2025-12-30T20:07:22","modified_gmt":"2025-12-30T20:07:22","slug":"grosse-trommelsteine-blaues-tigerauge","status":"publish","type":"product","link":"https:\/\/aromasentia.com\/de\/grosse-trommelsteine-blaues-tigerauge\/","title":{"rendered":"Gro\u00dfe Trommelsteine blaues Tigerauge"},"content":{"rendered":"<p>Lernen Sie die einzigartige Tigerauge-Variet\u00e4t mit zarten blauen Reflexen kennen. Es ist spr\u00f6de und zart, undurchsichtig und geh\u00f6rt zu den sehr seltenen Mineralien.<\/p>\n<p>Das blaue Tigerauge gilt als Stein f\u00fcr neurotische und oft gestresste Menschen. Er hat eine beruhigende, abbauende oder sogar stressl\u00f6sende Wirkung.<\/p>\n<p><strong>Diese Edelsteine sind in Beuteln zu 24 St\u00fcck verpackt und sind ca. 20-30mm pro Stein.<\/strong><\/p>\n","protected":false},"excerpt":{"rendered":"<p>Lernen Sie die einzigartige Tigerauge-Variet\u00e4t mit zarten blauen Reflexen kennen. Es ist spr\u00f6de und zart, undurchsichtig und geh\u00f6rt zu den sehr seltenen Mineralien. Das blaue Tigerauge gilt als Stein f\u00fcr neurotische und oft gestresste Menschen. Er hat eine beruhigende, abbauende oder sogar stressl\u00f6sende Wirkung. Diese Edelsteine sind in Beuteln zu 24 St\u00fcck verpackt und sind [&hellip;]<\/p>\n","protected":false},"featured_media":330982,"comment_status":"closed","ping_status":"open","template":"","meta":{"_angie_page":false},"product_brand":[],"product_cat":[25223,17269,25787,18942],"product_tag":[],"class_list":{"0":"post-231605","1":"product","2":"type-product","3":"status-publish","4":"has-post-thumbnail","6":"product_cat-edelsteine-mineralien","7":"product_cat-esoterik-geschenke","8":"product_cat-tigerauge","9":"product_cat-trommelsteine","10":"pa_collection-large-tumble-stones-de","11":"pa_made-in-suedafrika","13":"first","14":"outofstock","15":"purchasable","16":"product-type-simple"},"supplier_id":null,"supplier_sku":"TBm-48","barcode":null,"atum_controlled":true,"out_stock_date":"2025-09-05 16:25:31","out_stock_threshold":null,"inheritable":false,"inbound_stock":null,"stock_on_hold":0,"sold_today":0,"sales_last_days":0,"reserved_stock":null,"customer_returns":null,"warehouse_damage":null,"lost_in_post":null,"other_logs":null,"out_stock_days":0,"lost_sales":0,"has_location":null,"update_date":"2026-04-27T07:24:00","atum_locations":[],"atum_stock_status":"outofstock","restock_status":false,"low_stock_amount":"","sales_update_date":"2025-09-05T00:26:28","calc_backorders":null,"_links":{"self":[{"href":"https:\/\/aromasentia.com\/de\/wp-json\/wp\/v2\/product\/231605","targetHints":{"allow":["GET"]}}],"collection":[{"href":"https:\/\/aromasentia.com\/de\/wp-json\/wp\/v2\/product"}],"about":[{"href":"https:\/\/aromasentia.com\/de\/wp-json\/wp\/v2\/types\/product"}],"replies":[{"embeddable":true,"href":"https:\/\/aromasentia.com\/de\/wp-json\/wp\/v2\/comments?post=231605"}],"version-history":[{"count":0,"href":"https:\/\/aromasentia.com\/de\/wp-json\/wp\/v2\/product\/231605\/revisions"}],"wp:featuredmedia":[{"embeddable":true,"href":"https:\/\/aromasentia.com\/de\/wp-json\/wp\/v2\/media\/330982"}],"wp:attachment":[{"href":"https:\/\/aromasentia.com\/de\/wp-json\/wp\/v2\/media?parent=231605"}],"wp:term":[{"taxonomy":"product_brand","embeddable":true,"href":"https:\/\/aromasentia.com\/de\/wp-json\/wp\/v2\/product_brand?post=231605"},{"taxonomy":"product_cat","embeddable":true,"href":"https:\/\/aromasentia.com\/de\/wp-json\/wp\/v2\/product_cat?post=231605"},{"taxonomy":"product_tag","embeddable":true,"href":"https:\/\/aromasentia.com\/de\/wp-json\/wp\/v2\/product_tag?post=231605"}],"curies":[{"name":"wp","href":"https:\/\/api.w.org\/{rel}","templated":true}]}}