{"id":231597,"date":"2025-03-22T13:30:47","date_gmt":"2025-03-22T13:30:47","guid":{"rendered":"https:\/\/aromasentia.com\/product\/pack-of-24-l-tumble-stones-rock-crystal\/"},"modified":"2025-12-30T20:07:22","modified_gmt":"2025-12-30T20:07:22","slug":"packung-mit-24-l-trommelsteinen-bergkristall","status":"publish","type":"product","link":"https:\/\/aromasentia.com\/de\/packung-mit-24-l-trommelsteinen-bergkristall\/","title":{"rendered":"Packung mit 24 L Trommelsteinen &#8211; Bergkristall"},"content":{"rendered":"<p>Einst glaubte man, dass ein Bergkristall ewiges Eis ist, das von den G\u00f6ttern des Himmels geschickt wurde. In Wirklichkeit ist er ein Mineral, eines der h\u00e4ufigsten in der kontinentalen Kruste der Erde, das aus Silizium und Sauerstoff besteht. Dieser atemberaubende Stein l\u00e4sst sich gut mit anderen kombinieren und schimmert wie die Tropfen eines Wasserfalls, der den Berg hinunterflie\u00dft. Er sieht sowohl allein als auch in Kombination mit anderen Kristallen gut aus.<\/p>\n<p>Quarz gilt als der kraftvollste Heilstein im Mineralreich, der unter allen Bedingungen wirken kann. Aufgrund seiner F\u00e4higkeit, das Gleichgewicht zu halten, eignet er sich hervorragend zur Harmonisierung und Stabilisierung der Umwelt und ist hilfreich in romantischen Beziehungen.<\/p>\n<p><strong>Diese Edelsteine sind in Beuteln zu 24 St\u00fcck verpackt und haben eine Gr\u00f6\u00dfe von etwa 20-30 mm pro Stein.<\/strong><\/p>\n","protected":false},"excerpt":{"rendered":"<p>Einst glaubte man, dass ein Bergkristall ewiges Eis ist, das von den G\u00f6ttern des Himmels geschickt wurde. In Wirklichkeit ist er ein Mineral, eines der h\u00e4ufigsten in der kontinentalen Kruste der Erde, das aus Silizium und Sauerstoff besteht. Dieser atemberaubende Stein l\u00e4sst sich gut mit anderen kombinieren und schimmert wie die Tropfen eines Wasserfalls, der [&hellip;]<\/p>\n","protected":false},"featured_media":347961,"comment_status":"closed","ping_status":"open","template":"","meta":{"_angie_page":false},"product_brand":[],"product_cat":[25744,25223,17269,18942],"product_tag":[],"class_list":{"0":"post-231597","1":"product","2":"type-product","3":"status-publish","4":"has-post-thumbnail","6":"product_cat-bergkristall","7":"product_cat-edelsteine-mineralien","8":"product_cat-esoterik-geschenke","9":"product_cat-trommelsteine","10":"pa_collection-large-tumble-stones-de","11":"pa_made-in-brasilien","13":"first","14":"instock","15":"purchasable","16":"product-type-simple"},"supplier_id":null,"supplier_sku":"TBm-14","barcode":null,"atum_controlled":true,"out_stock_date":null,"out_stock_threshold":null,"inheritable":false,"inbound_stock":null,"stock_on_hold":0,"sold_today":0,"sales_last_days":0,"reserved_stock":null,"customer_returns":null,"warehouse_damage":null,"lost_in_post":null,"other_logs":null,"out_stock_days":0,"lost_sales":0,"has_location":null,"update_date":"2026-04-27T07:24:00","atum_locations":[],"atum_stock_status":"instock","restock_status":false,"low_stock_amount":"","sales_update_date":"2025-09-05T00:26:28","calc_backorders":null,"_links":{"self":[{"href":"https:\/\/aromasentia.com\/de\/wp-json\/wp\/v2\/product\/231597","targetHints":{"allow":["GET"]}}],"collection":[{"href":"https:\/\/aromasentia.com\/de\/wp-json\/wp\/v2\/product"}],"about":[{"href":"https:\/\/aromasentia.com\/de\/wp-json\/wp\/v2\/types\/product"}],"replies":[{"embeddable":true,"href":"https:\/\/aromasentia.com\/de\/wp-json\/wp\/v2\/comments?post=231597"}],"version-history":[{"count":0,"href":"https:\/\/aromasentia.com\/de\/wp-json\/wp\/v2\/product\/231597\/revisions"}],"wp:featuredmedia":[{"embeddable":true,"href":"https:\/\/aromasentia.com\/de\/wp-json\/wp\/v2\/media\/347961"}],"wp:attachment":[{"href":"https:\/\/aromasentia.com\/de\/wp-json\/wp\/v2\/media?parent=231597"}],"wp:term":[{"taxonomy":"product_brand","embeddable":true,"href":"https:\/\/aromasentia.com\/de\/wp-json\/wp\/v2\/product_brand?post=231597"},{"taxonomy":"product_cat","embeddable":true,"href":"https:\/\/aromasentia.com\/de\/wp-json\/wp\/v2\/product_cat?post=231597"},{"taxonomy":"product_tag","embeddable":true,"href":"https:\/\/aromasentia.com\/de\/wp-json\/wp\/v2\/product_tag?post=231597"}],"curies":[{"name":"wp","href":"https:\/\/api.w.org\/{rel}","templated":true}]}}