{"id":231593,"date":"2025-03-22T13:30:47","date_gmt":"2025-03-22T13:30:47","guid":{"rendered":"https:\/\/aromasentia.com\/product\/pack-of-24-l-tumble-stone-rose-quartz\/"},"modified":"2025-12-30T20:07:22","modified_gmt":"2025-12-30T20:07:22","slug":"packung-mit-24-l-trommelsteinen-rosenquarz","status":"publish","type":"product","link":"https:\/\/aromasentia.com\/de\/packung-mit-24-l-trommelsteinen-rosenquarz\/","title":{"rendered":"Packung mit 24 L-Trommelsteinen &#8211; Rosenquarz"},"content":{"rendered":"<p>Rosenquarz ist ein Stein aus der Quarzfamilie, der seine charakteristische rosa Farbe durch Beimischungen von Titan und Mangan erh\u00e4lt. Rosenquarz ist auch wegen seiner Bedeutung in der Mythologie sehr beliebt, wo er als Symbol f\u00fcr die Liebe verwendet wurde. Er ist ein von Sammlern h\u00e4ufig gew\u00e4hlter Stein und bildet die Grundlage f\u00fcr astrologische Sammlungen. Rosenquarz eignet sich perfekt als Mineral f\u00fcr Meditation und Affirmation, da er Energie leicht \u00fcbertr\u00e4gt.<\/p>\n<p><strong>Diese Edelsteine sind in Beuteln zu 24 St\u00fcck verpackt und sind ungef\u00e4hr 20mm &#8211; 30mm pro Stein.<\/strong><\/p>\n","protected":false},"excerpt":{"rendered":"<p>Rosenquarz ist ein Stein aus der Quarzfamilie, der seine charakteristische rosa Farbe durch Beimischungen von Titan und Mangan erh\u00e4lt. Rosenquarz ist auch wegen seiner Bedeutung in der Mythologie sehr beliebt, wo er als Symbol f\u00fcr die Liebe verwendet wurde. Er ist ein von Sammlern h\u00e4ufig gew\u00e4hlter Stein und bildet die Grundlage f\u00fcr astrologische Sammlungen. Rosenquarz [&hellip;]<\/p>\n","protected":false},"featured_media":330973,"comment_status":"closed","ping_status":"open","template":"","meta":{"_angie_page":false},"product_brand":[],"product_cat":[25223,17269,25735,25752,18942],"product_tag":[],"class_list":{"0":"post-231593","1":"product","2":"type-product","3":"status-publish","4":"has-post-thumbnail","6":"product_cat-edelsteine-mineralien","7":"product_cat-esoterik-geschenke","8":"product_cat-quarz","9":"product_cat-rosenquarz","10":"product_cat-trommelsteine","11":"pa_collection-large-tumble-stones-de","12":"pa_made-in-namibia","14":"first","15":"instock","16":"purchasable","17":"product-type-simple"},"supplier_id":null,"supplier_sku":"TBm-12","barcode":null,"atum_controlled":true,"out_stock_date":null,"out_stock_threshold":null,"inheritable":false,"inbound_stock":null,"stock_on_hold":0,"sold_today":0,"sales_last_days":0,"reserved_stock":null,"customer_returns":null,"warehouse_damage":null,"lost_in_post":null,"other_logs":null,"out_stock_days":0,"lost_sales":0,"has_location":null,"update_date":"2026-04-27T07:24:00","atum_locations":[],"atum_stock_status":"instock","restock_status":false,"low_stock_amount":"","sales_update_date":"2025-09-05T00:26:28","calc_backorders":null,"_links":{"self":[{"href":"https:\/\/aromasentia.com\/de\/wp-json\/wp\/v2\/product\/231593","targetHints":{"allow":["GET"]}}],"collection":[{"href":"https:\/\/aromasentia.com\/de\/wp-json\/wp\/v2\/product"}],"about":[{"href":"https:\/\/aromasentia.com\/de\/wp-json\/wp\/v2\/types\/product"}],"replies":[{"embeddable":true,"href":"https:\/\/aromasentia.com\/de\/wp-json\/wp\/v2\/comments?post=231593"}],"version-history":[{"count":0,"href":"https:\/\/aromasentia.com\/de\/wp-json\/wp\/v2\/product\/231593\/revisions"}],"wp:featuredmedia":[{"embeddable":true,"href":"https:\/\/aromasentia.com\/de\/wp-json\/wp\/v2\/media\/330973"}],"wp:attachment":[{"href":"https:\/\/aromasentia.com\/de\/wp-json\/wp\/v2\/media?parent=231593"}],"wp:term":[{"taxonomy":"product_brand","embeddable":true,"href":"https:\/\/aromasentia.com\/de\/wp-json\/wp\/v2\/product_brand?post=231593"},{"taxonomy":"product_cat","embeddable":true,"href":"https:\/\/aromasentia.com\/de\/wp-json\/wp\/v2\/product_cat?post=231593"},{"taxonomy":"product_tag","embeddable":true,"href":"https:\/\/aromasentia.com\/de\/wp-json\/wp\/v2\/product_tag?post=231593"}],"curies":[{"name":"wp","href":"https:\/\/api.w.org\/{rel}","templated":true}]}}