{"id":231449,"date":"2025-03-22T13:30:57","date_gmt":"2025-03-22T13:30:57","guid":{"rendered":"https:\/\/aromasentia.com\/product\/med-black-beaten-bowl-15cm\/"},"modified":"2025-12-30T20:06:50","modified_gmt":"2025-12-30T20:06:50","slug":"1x-med-black-beaten-bowl-15cm","status":"publish","type":"product","link":"https:\/\/aromasentia.com\/de\/1x-med-black-beaten-bowl-15cm\/","title":{"rendered":"1x Med Black Beaten Bowl &#8211; 15cm"},"content":{"rendered":"<p style=\"text-align: justify;\"><strong>In der buddhistischen Praxis werden Klangschalen als Hilfsmittel f\u00fcr Meditation, Tranceinduktion und Gebet verwendet.<\/strong><\/p>\n<p style=\"text-align: justify;\">Klangschalen sind eine Art Glocke, die nicht umgedreht h\u00e4ngt oder an einem Griff befestigt ist, sondern mit der Unterseite aufliegt. Die Seiten und der Rand der Klangschalen schwingen, um T\u00f6ne zu erzeugen.<\/p>\n<p style=\"text-align: justify;\"><strong>Gr\u00f6\u00dfe: D: 15 cm , H: 9 cm<\/strong><\/p>\n","protected":false},"excerpt":{"rendered":"<p>In der buddhistischen Praxis werden Klangschalen als Hilfsmittel f\u00fcr Meditation, Tranceinduktion und Gebet verwendet. Klangschalen sind eine Art Glocke, die nicht umgedreht h\u00e4ngt oder an einem Griff befestigt ist, sondern mit der Unterseite aufliegt. Die Seiten und der Rand der Klangschalen schwingen, um T\u00f6ne zu erzeugen. Gr\u00f6\u00dfe: D: 15 cm , H: 9 cm<\/p>\n","protected":false},"featured_media":349081,"comment_status":"closed","ping_status":"open","template":"","meta":{"_angie_page":false},"product_brand":[],"product_cat":[14451,18870],"product_tag":[],"class_list":{"0":"post-231449","1":"product","2":"type-product","3":"status-publish","4":"has-post-thumbnail","6":"product_cat-haus-und-gartendeko","7":"product_cat-klangschalen-und-glocken","8":"pa_collection-tibetan-singing-bowls-de","9":"pa_made-in-indien","11":"first","12":"instock","13":"purchasable","14":"product-type-simple"},"supplier_id":null,"supplier_sku":"Tib-85","barcode":null,"atum_controlled":true,"out_stock_date":null,"out_stock_threshold":null,"inheritable":false,"inbound_stock":null,"stock_on_hold":0,"sold_today":0,"sales_last_days":0,"reserved_stock":null,"customer_returns":null,"warehouse_damage":null,"lost_in_post":null,"other_logs":null,"out_stock_days":0,"lost_sales":0,"has_location":null,"update_date":"2026-05-08T05:20:19","atum_locations":[],"atum_stock_status":"instock","restock_status":false,"low_stock_amount":"","sales_update_date":"2025-09-05T00:26:45","calc_backorders":null,"_links":{"self":[{"href":"https:\/\/aromasentia.com\/de\/wp-json\/wp\/v2\/product\/231449","targetHints":{"allow":["GET"]}}],"collection":[{"href":"https:\/\/aromasentia.com\/de\/wp-json\/wp\/v2\/product"}],"about":[{"href":"https:\/\/aromasentia.com\/de\/wp-json\/wp\/v2\/types\/product"}],"replies":[{"embeddable":true,"href":"https:\/\/aromasentia.com\/de\/wp-json\/wp\/v2\/comments?post=231449"}],"version-history":[{"count":0,"href":"https:\/\/aromasentia.com\/de\/wp-json\/wp\/v2\/product\/231449\/revisions"}],"wp:featuredmedia":[{"embeddable":true,"href":"https:\/\/aromasentia.com\/de\/wp-json\/wp\/v2\/media\/349081"}],"wp:attachment":[{"href":"https:\/\/aromasentia.com\/de\/wp-json\/wp\/v2\/media?parent=231449"}],"wp:term":[{"taxonomy":"product_brand","embeddable":true,"href":"https:\/\/aromasentia.com\/de\/wp-json\/wp\/v2\/product_brand?post=231449"},{"taxonomy":"product_cat","embeddable":true,"href":"https:\/\/aromasentia.com\/de\/wp-json\/wp\/v2\/product_cat?post=231449"},{"taxonomy":"product_tag","embeddable":true,"href":"https:\/\/aromasentia.com\/de\/wp-json\/wp\/v2\/product_tag?post=231449"}],"curies":[{"name":"wp","href":"https:\/\/api.w.org\/{rel}","templated":true}]}}