{"id":231389,"date":"2025-03-22T13:30:57","date_gmt":"2025-03-22T13:30:57","guid":{"rendered":"https:\/\/aromasentia.com\/product\/set-of-3-handmade-brass-singing-bowls\/"},"modified":"2025-12-30T20:06:34","modified_gmt":"2025-12-30T20:06:34","slug":"set-dreier-handgefertigter-messingklangschalen","status":"publish","type":"product","link":"https:\/\/aromasentia.com\/de\/set-dreier-handgefertigter-messingklangschalen\/","title":{"rendered":"Set dreier handgefertigter Messingklangschalen"},"content":{"rendered":"<p><span style=\"color: rgb(75, 80, 88);\">Im Buddhismus werden Klangschalen als Hilfsmittel bei Meditation, Trance und Gebet verwendet. Tauchen Sie ein in diese bezaubernde Welt &#8230; lassen Sie sich verzaubern und l\u00e4uten Sie den g\u00f6ttlichen Dong.<\/span><\/p>\n<p><span style=\"color: rgb(75, 80, 88);\">Klangschalen sind eine Art Glocke. Anstatt kopf\u00fcber zu h\u00e4ngen oder an einem Griff befestigt zu sein, liegen die Klangschalen mit der Unterseite auf. Die Seiten und der Rand der Klangschalen vibrieren, um T\u00f6ne zu erzeugen.<\/span><\/p>\n<p><span style=\"color: rgb(75, 80, 88);\">*Hinweis: Aufgrund der Beschaffenheit der Produkte k\u00f6nnen die Gr\u00f6\u00dfen leicht abweichen.<\/span><\/p>\n<p><span style=\"color: rgb(75, 80, 88);\">Hergestellt von tibetischen M\u00f6nchen im Exil in Indien. Ein Direktimport, sodass Sie sich auf Wert und Qualit\u00e4t verlassen k\u00f6nnen. &nbsp;<\/span><\/p>\n<p><span style=\"color: rgb(75, 80, 88);\">Sch\u00fcsselgr\u00f6\u00dfen:<\/span><\/p>\n<p><span style=\"color: rgb(75, 80, 88);\"><br \/><\/span><\/p>\n<p><span style=\"color: rgb(75, 80, 88);\">Klein: 11 cm x 5 cm<\/span><\/p>\n<p><span style=\"color: rgb(75, 80, 88);\"><br \/><\/span><\/p>\n<p><span style=\"color: rgb(75, 80, 88);\">Mittel: 12 cm x 6 cm<\/span><\/p>\n<p><span style=\"color: rgb(75, 80, 88);\"><br \/><\/span><\/p>\n<p><span style=\"color: rgb(75, 80, 88);\">Gro\u00df: 13 cm x 6 cm<\/span><\/p>\n","protected":false},"excerpt":{"rendered":"<p>Im Buddhismus werden Klangschalen als Hilfsmittel bei Meditation, Trance und Gebet verwendet. Tauchen Sie ein in diese bezaubernde Welt &#8230; lassen Sie sich verzaubern und l\u00e4uten Sie den g\u00f6ttlichen Dong. Klangschalen sind eine Art Glocke. Anstatt kopf\u00fcber zu h\u00e4ngen oder an einem Griff befestigt zu sein, liegen die Klangschalen mit der Unterseite auf. Die Seiten [&hellip;]<\/p>\n","protected":false},"featured_media":348586,"comment_status":"closed","ping_status":"open","template":"","meta":{"_angie_page":false},"product_brand":[],"product_cat":[14451,18870],"product_tag":[],"class_list":{"0":"post-231389","1":"product","2":"type-product","3":"status-publish","4":"has-post-thumbnail","6":"product_cat-haus-und-gartendeko","7":"product_cat-klangschalen-und-glocken","8":"pa_collection-tibetan-singing-bowls-de","9":"pa_made-in-indien","11":"first","12":"instock","13":"purchasable","14":"product-type-simple"},"supplier_id":null,"supplier_sku":"Tib-54","barcode":null,"atum_controlled":true,"out_stock_date":null,"out_stock_threshold":null,"inheritable":false,"inbound_stock":null,"stock_on_hold":0,"sold_today":0,"sales_last_days":0,"reserved_stock":null,"customer_returns":null,"warehouse_damage":null,"lost_in_post":null,"other_logs":null,"out_stock_days":0,"lost_sales":0,"has_location":null,"update_date":"2026-04-27T07:24:35","atum_locations":[],"atum_stock_status":"instock","restock_status":false,"low_stock_amount":"","sales_update_date":"2025-09-05T00:26:39","calc_backorders":null,"_links":{"self":[{"href":"https:\/\/aromasentia.com\/de\/wp-json\/wp\/v2\/product\/231389","targetHints":{"allow":["GET"]}}],"collection":[{"href":"https:\/\/aromasentia.com\/de\/wp-json\/wp\/v2\/product"}],"about":[{"href":"https:\/\/aromasentia.com\/de\/wp-json\/wp\/v2\/types\/product"}],"replies":[{"embeddable":true,"href":"https:\/\/aromasentia.com\/de\/wp-json\/wp\/v2\/comments?post=231389"}],"version-history":[{"count":0,"href":"https:\/\/aromasentia.com\/de\/wp-json\/wp\/v2\/product\/231389\/revisions"}],"wp:featuredmedia":[{"embeddable":true,"href":"https:\/\/aromasentia.com\/de\/wp-json\/wp\/v2\/media\/348586"}],"wp:attachment":[{"href":"https:\/\/aromasentia.com\/de\/wp-json\/wp\/v2\/media?parent=231389"}],"wp:term":[{"taxonomy":"product_brand","embeddable":true,"href":"https:\/\/aromasentia.com\/de\/wp-json\/wp\/v2\/product_brand?post=231389"},{"taxonomy":"product_cat","embeddable":true,"href":"https:\/\/aromasentia.com\/de\/wp-json\/wp\/v2\/product_cat?post=231389"},{"taxonomy":"product_tag","embeddable":true,"href":"https:\/\/aromasentia.com\/de\/wp-json\/wp\/v2\/product_tag?post=231389"}],"curies":[{"name":"wp","href":"https:\/\/api.w.org\/{rel}","templated":true}]}}