{"id":231385,"date":"2025-03-22T13:30:57","date_gmt":"2025-03-22T13:30:57","guid":{"rendered":"https:\/\/aromasentia.com\/product\/brass-singing-bowl-gift-set-9cm\/"},"modified":"2025-12-30T20:06:34","modified_gmt":"2025-12-30T20:06:34","slug":"messing-klangschalengeschenkset-9cm","status":"publish","type":"product","link":"https:\/\/aromasentia.com\/de\/messing-klangschalengeschenkset-9cm\/","title":{"rendered":"Messing Klangschalengeschenkset &#8211; 9cm"},"content":{"rendered":"<p><span style=\"color: rgb(75, 80, 88);\">Das perfekte tibetische Geschenk. Sch\u00f6ne, gepolsterte Box mit Messingschale, Kissen und wildlederbeschichtetem Stab. Mit dem Holzende des Stabs l\u00e4sst sich die Schale zum Singen bringen. Das gepolsterte Ende ergibt einen g\u00f6ttlichen Dong. Ein Geschenk, das jemanden mehr als gl\u00fccklich macht und ein wenig zus\u00e4tzliche innere Ruhe bringt.<\/span><\/p>\n<p><span style=\"color: rgb(75, 80, 88);\">Gr\u00f6\u00dfen: Box: 13,5 x 13,5 x 6,5 cm, &nbsp; Schale: D: 9 cm, H: 4 cm<\/span><\/p>\n<p><span style=\"color: rgb(75, 80, 88);\">Kissen: 8 x 8 cm, Stab: L: 11,5 cm<\/span><\/p>\n<p><span style=\"color: rgb(75, 80, 88);\"><\/span><span style=\"color: rgb(75, 80, 88);\">Im Buddhismus werden Klangschalen als Hilfsmittel bei Meditation, Trance und Gebet verwendet. Treten Sie ein in diese bezaubernde Welt &#8230; also machen Sie das g\u00f6ttliche Dong und lassen Sie sich verzaubern.<\/span><\/p>\n<p><span style=\"color: rgb(75, 80, 88);\">Klangschalen sind eine Art Glocke. Anstatt verkehrt herum zu h\u00e4ngen oder an einem Griff befestigt zu sein, liegen die Klangschalen mit der Unterseite auf. Die Seiten und der Rand von Klangschalen vibrieren, um T\u00f6ne zu erzeugen.<\/span><\/p>\n<p><span style=\"color: rgb(75, 80, 88);\">*Bitte beachten: Aufgrund der Beschaffenheit der Produkte k\u00f6nnen die Gr\u00f6\u00dfen leicht variieren.<\/span><\/p>\n<p><span style=\"color: rgb(75, 80, 88);\">Hergestellt von tibetischen M\u00f6nchen im Exil in Indien. Ein Direktimport, sodass Sie sich auf Wert und Qualit\u00e4t verlassen k\u00f6nnen.<\/span><\/p>\n","protected":false},"excerpt":{"rendered":"<p>Das perfekte tibetische Geschenk. Sch\u00f6ne, gepolsterte Box mit Messingschale, Kissen und wildlederbeschichtetem Stab. Mit dem Holzende des Stabs l\u00e4sst sich die Schale zum Singen bringen. Das gepolsterte Ende ergibt einen g\u00f6ttlichen Dong. Ein Geschenk, das jemanden mehr als gl\u00fccklich macht und ein wenig zus\u00e4tzliche innere Ruhe bringt. Gr\u00f6\u00dfen: Box: 13,5 x 13,5 x 6,5 cm, [&hellip;]<\/p>\n","protected":false},"featured_media":348537,"comment_status":"closed","ping_status":"open","template":"","meta":{"_angie_page":false},"product_brand":[],"product_cat":[14451,18870],"product_tag":[],"class_list":{"0":"post-231385","1":"product","2":"type-product","3":"status-publish","4":"has-post-thumbnail","6":"product_cat-haus-und-gartendeko","7":"product_cat-klangschalen-und-glocken","8":"pa_collection-tibetan-singing-bowls-de","9":"pa_made-in-indien","11":"first","12":"instock","13":"purchasable","14":"product-type-simple"},"supplier_id":null,"supplier_sku":"Tib-53","barcode":null,"atum_controlled":true,"out_stock_date":null,"out_stock_threshold":null,"inheritable":false,"inbound_stock":null,"stock_on_hold":0,"sold_today":0,"sales_last_days":0,"reserved_stock":null,"customer_returns":null,"warehouse_damage":null,"lost_in_post":null,"other_logs":null,"out_stock_days":0,"lost_sales":0,"has_location":null,"update_date":"2026-04-27T07:24:35","atum_locations":[],"atum_stock_status":"instock","restock_status":false,"low_stock_amount":"","sales_update_date":"2025-09-05T00:26:39","calc_backorders":null,"_links":{"self":[{"href":"https:\/\/aromasentia.com\/de\/wp-json\/wp\/v2\/product\/231385","targetHints":{"allow":["GET"]}}],"collection":[{"href":"https:\/\/aromasentia.com\/de\/wp-json\/wp\/v2\/product"}],"about":[{"href":"https:\/\/aromasentia.com\/de\/wp-json\/wp\/v2\/types\/product"}],"replies":[{"embeddable":true,"href":"https:\/\/aromasentia.com\/de\/wp-json\/wp\/v2\/comments?post=231385"}],"version-history":[{"count":0,"href":"https:\/\/aromasentia.com\/de\/wp-json\/wp\/v2\/product\/231385\/revisions"}],"wp:featuredmedia":[{"embeddable":true,"href":"https:\/\/aromasentia.com\/de\/wp-json\/wp\/v2\/media\/348537"}],"wp:attachment":[{"href":"https:\/\/aromasentia.com\/de\/wp-json\/wp\/v2\/media?parent=231385"}],"wp:term":[{"taxonomy":"product_brand","embeddable":true,"href":"https:\/\/aromasentia.com\/de\/wp-json\/wp\/v2\/product_brand?post=231385"},{"taxonomy":"product_cat","embeddable":true,"href":"https:\/\/aromasentia.com\/de\/wp-json\/wp\/v2\/product_cat?post=231385"},{"taxonomy":"product_tag","embeddable":true,"href":"https:\/\/aromasentia.com\/de\/wp-json\/wp\/v2\/product_tag?post=231385"}],"curies":[{"name":"wp","href":"https:\/\/api.w.org\/{rel}","templated":true}]}}