{"id":231321,"date":"2025-03-22T13:30:57","date_gmt":"2025-03-22T13:30:57","guid":{"rendered":"https:\/\/aromasentia.com\/product\/pack-of-18-xl-tumble-stones-rose-quartz-grade-p\/"},"modified":"2025-12-30T20:06:26","modified_gmt":"2025-12-30T20:06:26","slug":"pack-of-18-xl-tumble-stones-rose-quartz-grade-p","status":"publish","type":"product","link":"https:\/\/aromasentia.com\/de\/pack-of-18-xl-tumble-stones-rose-quartz-grade-p\/","title":{"rendered":"Pack of 18 XL Tumble Stones &#8211; Rose Quartz Grade P"},"content":{"rendered":"<p>Edelsteine sind Teil vieler alter Kulturen und gelten oft als <strong>Talisman oder Symbol f\u00fcr Gl\u00fcck und Reichtum<\/strong>. Seit Jahrtausenden werden sie zu Ringen, Armb\u00e4ndern, Amuletten, Broschen und Anh\u00e4ngern verarbeitet, um ihre Magie einzufangen.<\/p>\n<p><strong>Die Weisheit des Rosenquarzes: Liebe und Vers\u00f6hnung<\/strong><\/p>\n<p>Eine verbreitete Theorie besagt, dass Edelsteine Schwingungsenergie enthalten. Durch das Einbringen von Edelsteinen in die Aura einer Person ist es m\u00f6glich, deren Schwingungen zu ver\u00e4ndern.<\/p>\n<p><strong>Trommelsteine \u2013 Rosenquarz XL<\/strong> sind wundersch\u00f6ne Naturmaterialien mit ansprechender Form und gl\u00e4nzender Politur. Attraktiv, interessant und unterhaltsam zum Sammeln, sie verkaufen sich bestimmt gut!&nbsp;<\/p>\n<p>Diese Trommelsteine sind in Beuteln zu 18 St\u00fcck verpackt und sind pro Stein etwa 30\u201340 mm gro\u00df.<\/p>\n<p><strong><span style=\"color: rgb(141, 186, 216);\">Eine gute Pr\u00e4sentation in einem Geschenkartikel-Onlineshop oder Kunsthandwerksladen sorgt immer f\u00fcr Umsatz.<\/span><\/strong><\/p>\n","protected":false},"excerpt":{"rendered":"<p>Edelsteine sind Teil vieler alter Kulturen und gelten oft als Talisman oder Symbol f\u00fcr Gl\u00fcck und Reichtum. Seit Jahrtausenden werden sie zu Ringen, Armb\u00e4ndern, Amuletten, Broschen und Anh\u00e4ngern verarbeitet, um ihre Magie einzufangen. Die Weisheit des Rosenquarzes: Liebe und Vers\u00f6hnung Eine verbreitete Theorie besagt, dass Edelsteine Schwingungsenergie enthalten. Durch das Einbringen von Edelsteinen in die [&hellip;]<\/p>\n","protected":false},"featured_media":348361,"comment_status":"closed","ping_status":"open","template":"","meta":{"_angie_page":false},"product_brand":[],"product_cat":[25223,17269,25735,25752,18942],"product_tag":[],"class_list":{"0":"post-231321","1":"product","2":"type-product","3":"status-publish","4":"has-post-thumbnail","6":"product_cat-edelsteine-mineralien","7":"product_cat-esoterik-geschenke","8":"product_cat-quarz","9":"product_cat-rosenquarz","10":"product_cat-trommelsteine","11":"pa_collection-large-tumble-stones-de","12":"pa_made-in-brasilien","14":"first","15":"outofstock","16":"purchasable","17":"product-type-simple"},"supplier_id":null,"supplier_sku":"TBXL-54","barcode":null,"atum_controlled":true,"out_stock_date":"2025-09-05 16:26:10","out_stock_threshold":null,"inheritable":false,"inbound_stock":null,"stock_on_hold":0,"sold_today":0,"sales_last_days":0,"reserved_stock":null,"customer_returns":null,"warehouse_damage":null,"lost_in_post":null,"other_logs":null,"out_stock_days":0,"lost_sales":0,"has_location":null,"update_date":"2026-04-27T07:24:05","atum_locations":[],"atum_stock_status":"outofstock","restock_status":false,"low_stock_amount":"","sales_update_date":"2025-09-05T00:26:34","calc_backorders":null,"_links":{"self":[{"href":"https:\/\/aromasentia.com\/de\/wp-json\/wp\/v2\/product\/231321","targetHints":{"allow":["GET"]}}],"collection":[{"href":"https:\/\/aromasentia.com\/de\/wp-json\/wp\/v2\/product"}],"about":[{"href":"https:\/\/aromasentia.com\/de\/wp-json\/wp\/v2\/types\/product"}],"replies":[{"embeddable":true,"href":"https:\/\/aromasentia.com\/de\/wp-json\/wp\/v2\/comments?post=231321"}],"version-history":[{"count":0,"href":"https:\/\/aromasentia.com\/de\/wp-json\/wp\/v2\/product\/231321\/revisions"}],"wp:featuredmedia":[{"embeddable":true,"href":"https:\/\/aromasentia.com\/de\/wp-json\/wp\/v2\/media\/348361"}],"wp:attachment":[{"href":"https:\/\/aromasentia.com\/de\/wp-json\/wp\/v2\/media?parent=231321"}],"wp:term":[{"taxonomy":"product_brand","embeddable":true,"href":"https:\/\/aromasentia.com\/de\/wp-json\/wp\/v2\/product_brand?post=231321"},{"taxonomy":"product_cat","embeddable":true,"href":"https:\/\/aromasentia.com\/de\/wp-json\/wp\/v2\/product_cat?post=231321"},{"taxonomy":"product_tag","embeddable":true,"href":"https:\/\/aromasentia.com\/de\/wp-json\/wp\/v2\/product_tag?post=231321"}],"curies":[{"name":"wp","href":"https:\/\/api.w.org\/{rel}","templated":true}]}}