{"id":231317,"date":"2025-03-22T13:30:57","date_gmt":"2025-03-22T13:30:57","guid":{"rendered":"https:\/\/aromasentia.com\/product\/pack-of-24-tumble-stones-white-aventurine-l\/"},"modified":"2025-12-30T20:06:26","modified_gmt":"2025-12-30T20:06:26","slug":"pack-of-24-tumble-stones-white-aventurine-l","status":"publish","type":"product","link":"https:\/\/aromasentia.com\/de\/pack-of-24-tumble-stones-white-aventurine-l\/","title":{"rendered":"Pack of 24 Tumble Stones &#8211; White Aventurine L"},"content":{"rendered":"<p><span style=\"color: rgb(75, 80, 88);\">Edelsteine sind Teil vieler alter Kulturen und gelten oft als Talisman oder Symbol f\u00fcr Gl\u00fcck und Reichtum. Seit Jahrtausenden werden sie zu Ringen, Armb\u00e4ndern, Amuletten, Broschen und Anh\u00e4ngern verarbeitet, um ihre Magie einzufangen.<\/span><\/p>\n<p><span style=\"color: rgb(75, 80, 88);\"><strong>Kr\u00e4fte des wei\u00dfen Aventurins: Emotionale Genesung und Ermutigung<\/strong><\/span><\/p>\n<p><span style=\"color: rgb(75, 80, 88);\">Eine popul\u00e4re Theorie besagt, dass Edelsteine Schwingungsenergie enthalten. Durch das Platzieren von Edelsteinen in der Aura einer Person ist es m\u00f6glich, die Schwingungen dieser Aura zu ver\u00e4ndern.&nbsp;<\/span><\/p>\n<p><span style=\"color: rgb(75, 80, 88);\"><strong>Trommelsteine \u2013 Wei\u00dfer Aventurin L<\/strong> sind wundersch\u00f6ne Naturmaterialien, die eine ansprechende Form und eine helle Politur erhalten haben. Sie sind attraktiv, interessant und machen Spa\u00df beim Sammeln und verkaufen sich auf jeden Fall gut!&nbsp;<\/span><\/p>\n<p><span style=\"color: rgb(75, 80, 88);\">Diese Trommelsteine sind in Beuteln zu 24 St\u00fcck verpackt und haben einen Durchmesser von ca. 20\u201330 mm pro Stein. Dies ist die beliebteste Sammlergr\u00f6\u00dfe.&nbsp;<\/span><\/p>\n<p><span style=\"color: rgb(141, 186, 216);\"><strong>Eine gute Pr\u00e4sentation in einem E-Shop oder Kunsthandwerksladen sorgt immer f\u00fcr Umsatz.<\/strong><\/span><\/p>\n","protected":false},"excerpt":{"rendered":"<p>Edelsteine sind Teil vieler alter Kulturen und gelten oft als Talisman oder Symbol f\u00fcr Gl\u00fcck und Reichtum. Seit Jahrtausenden werden sie zu Ringen, Armb\u00e4ndern, Amuletten, Broschen und Anh\u00e4ngern verarbeitet, um ihre Magie einzufangen. Kr\u00e4fte des wei\u00dfen Aventurins: Emotionale Genesung und Ermutigung Eine popul\u00e4re Theorie besagt, dass Edelsteine Schwingungsenergie enthalten. Durch das Platzieren von Edelsteinen in [&hellip;]<\/p>\n","protected":false},"featured_media":348352,"comment_status":"closed","ping_status":"open","template":"","meta":{"_angie_page":false},"product_brand":[],"product_cat":[25560,25223,17269,18942],"product_tag":[],"class_list":{"0":"post-231317","1":"product","2":"type-product","3":"status-publish","4":"has-post-thumbnail","6":"product_cat-aventurin","7":"product_cat-edelsteine-mineralien","8":"product_cat-esoterik-geschenke","9":"product_cat-trommelsteine","10":"pa_collection-large-tumble-stones-de","11":"pa_made-in-kanada","13":"first","14":"instock","15":"purchasable","16":"product-type-simple"},"supplier_id":null,"supplier_sku":"TBm-66","barcode":null,"atum_controlled":true,"out_stock_date":null,"out_stock_threshold":null,"inheritable":false,"inbound_stock":null,"stock_on_hold":0,"sold_today":0,"sales_last_days":0,"reserved_stock":null,"customer_returns":null,"warehouse_damage":null,"lost_in_post":null,"other_logs":null,"out_stock_days":0,"lost_sales":0,"has_location":null,"update_date":"2026-04-27T07:24:00","atum_locations":[],"atum_stock_status":"instock","restock_status":false,"low_stock_amount":"","sales_update_date":"2026-01-30T01:25:41","calc_backorders":null,"_links":{"self":[{"href":"https:\/\/aromasentia.com\/de\/wp-json\/wp\/v2\/product\/231317","targetHints":{"allow":["GET"]}}],"collection":[{"href":"https:\/\/aromasentia.com\/de\/wp-json\/wp\/v2\/product"}],"about":[{"href":"https:\/\/aromasentia.com\/de\/wp-json\/wp\/v2\/types\/product"}],"replies":[{"embeddable":true,"href":"https:\/\/aromasentia.com\/de\/wp-json\/wp\/v2\/comments?post=231317"}],"version-history":[{"count":0,"href":"https:\/\/aromasentia.com\/de\/wp-json\/wp\/v2\/product\/231317\/revisions"}],"wp:featuredmedia":[{"embeddable":true,"href":"https:\/\/aromasentia.com\/de\/wp-json\/wp\/v2\/media\/348352"}],"wp:attachment":[{"href":"https:\/\/aromasentia.com\/de\/wp-json\/wp\/v2\/media?parent=231317"}],"wp:term":[{"taxonomy":"product_brand","embeddable":true,"href":"https:\/\/aromasentia.com\/de\/wp-json\/wp\/v2\/product_brand?post=231317"},{"taxonomy":"product_cat","embeddable":true,"href":"https:\/\/aromasentia.com\/de\/wp-json\/wp\/v2\/product_cat?post=231317"},{"taxonomy":"product_tag","embeddable":true,"href":"https:\/\/aromasentia.com\/de\/wp-json\/wp\/v2\/product_tag?post=231317"}],"curies":[{"name":"wp","href":"https:\/\/api.w.org\/{rel}","templated":true}]}}