{"id":231161,"date":"2025-03-22T13:31:05","date_gmt":"2025-03-22T13:31:05","guid":{"rendered":"https:\/\/aromasentia.com\/product\/large-chakra-set-of-seven-singing-bowls-19-5-35cm\/"},"modified":"2025-12-30T20:05:54","modified_gmt":"2025-12-30T20:05:54","slug":"grosses-chakra-set-aus-sieben-klangschalen-195-35-cm","status":"publish","type":"product","link":"https:\/\/aromasentia.com\/de\/grosses-chakra-set-aus-sieben-klangschalen-195-35-cm\/","title":{"rendered":"Gro\u00dfes Chakra-Set aus sieben Klangschalen (19,5\u201335 cm)"},"content":{"rendered":"<p><span style=\"color: rgb(75, 80, 88);\"><strong>Dieses Set besteht aus sieben gro\u00dfen tibetischen Klangschalen mit Gr\u00f6\u00dfen von 19,5 cm bis 35 cm.<\/strong> Jede Schale ist aufwendig gestaltet und entspricht einem der sieben Chakren. Sie ist mit leuchtenden Farben und Symbolen versehen. Die Schalen sind handgefertigt und erzeugen satte, resonante Kl\u00e4nge, wenn sie <strong>mit dem mitgelieferten Schl\u00e4gel<\/strong> gespielt werden.<\/span><\/p>\n<p><span style=\"color: rgb(75, 80, 88);\">Tibetische Klangschalen werden seit langem zur F\u00f6rderung von Entspannung, Meditation und Chakrenausrichtung verwendet.<\/span><\/p>\n<p><span style=\"color: rgb(75, 80, 88);\">Dieses Set ist ideal f\u00fcr den Chakrenausgleich und tiefe Meditation. Die Schalen helfen, die Energiezentren des K\u00f6rpers auszurichten und f\u00f6rdern so Wohlbefinden und innere Harmonie.<\/span><\/p>\n","protected":false},"excerpt":{"rendered":"<p>Dieses Set besteht aus sieben gro\u00dfen tibetischen Klangschalen mit Gr\u00f6\u00dfen von 19,5 cm bis 35 cm. Jede Schale ist aufwendig gestaltet und entspricht einem der sieben Chakren. Sie ist mit leuchtenden Farben und Symbolen versehen. Die Schalen sind handgefertigt und erzeugen satte, resonante Kl\u00e4nge, wenn sie mit dem mitgelieferten Schl\u00e4gel gespielt werden. Tibetische Klangschalen werden [&hellip;]<\/p>\n","protected":false},"featured_media":350797,"comment_status":"closed","ping_status":"open","template":"","meta":{"_angie_page":false},"product_brand":[],"product_cat":[14451,18870],"product_tag":[],"class_list":{"0":"post-231161","1":"product","2":"type-product","3":"status-publish","4":"has-post-thumbnail","6":"product_cat-haus-und-gartendeko","7":"product_cat-klangschalen-und-glocken","8":"pa_collection-tibetan-singing-bowls-de","9":"pa_made-in-indien","11":"first","12":"instock","13":"purchasable","14":"product-type-simple"},"supplier_id":null,"supplier_sku":"TIB-116","barcode":null,"atum_controlled":true,"out_stock_date":null,"out_stock_threshold":null,"inheritable":false,"inbound_stock":null,"stock_on_hold":0,"sold_today":0,"sales_last_days":0,"reserved_stock":null,"customer_returns":null,"warehouse_damage":null,"lost_in_post":null,"other_logs":null,"out_stock_days":0,"lost_sales":0,"has_location":null,"update_date":"2026-04-27T07:24:47","atum_locations":[],"atum_stock_status":"instock","restock_status":false,"low_stock_amount":"","sales_update_date":"2025-09-05T00:26:51","calc_backorders":null,"_links":{"self":[{"href":"https:\/\/aromasentia.com\/de\/wp-json\/wp\/v2\/product\/231161","targetHints":{"allow":["GET"]}}],"collection":[{"href":"https:\/\/aromasentia.com\/de\/wp-json\/wp\/v2\/product"}],"about":[{"href":"https:\/\/aromasentia.com\/de\/wp-json\/wp\/v2\/types\/product"}],"replies":[{"embeddable":true,"href":"https:\/\/aromasentia.com\/de\/wp-json\/wp\/v2\/comments?post=231161"}],"version-history":[{"count":0,"href":"https:\/\/aromasentia.com\/de\/wp-json\/wp\/v2\/product\/231161\/revisions"}],"wp:featuredmedia":[{"embeddable":true,"href":"https:\/\/aromasentia.com\/de\/wp-json\/wp\/v2\/media\/350797"}],"wp:attachment":[{"href":"https:\/\/aromasentia.com\/de\/wp-json\/wp\/v2\/media?parent=231161"}],"wp:term":[{"taxonomy":"product_brand","embeddable":true,"href":"https:\/\/aromasentia.com\/de\/wp-json\/wp\/v2\/product_brand?post=231161"},{"taxonomy":"product_cat","embeddable":true,"href":"https:\/\/aromasentia.com\/de\/wp-json\/wp\/v2\/product_cat?post=231161"},{"taxonomy":"product_tag","embeddable":true,"href":"https:\/\/aromasentia.com\/de\/wp-json\/wp\/v2\/product_tag?post=231161"}],"curies":[{"name":"wp","href":"https:\/\/api.w.org\/{rel}","templated":true}]}}