{"id":231129,"date":"2025-03-22T13:31:05","date_gmt":"2025-03-22T13:31:05","guid":{"rendered":"https:\/\/aromasentia.com\/product\/tibetan-healing-engraved-bowl-21cm-7-chakra-flower-of-life\/"},"modified":"2025-12-30T20:05:46","modified_gmt":"2025-12-30T20:05:46","slug":"tibetische-heilschale-mit-gravur-21-cm-7-chakra-und-blume-des-lebens","status":"publish","type":"product","link":"https:\/\/aromasentia.com\/de\/tibetische-heilschale-mit-gravur-21-cm-7-chakra-und-blume-des-lebens\/","title":{"rendered":"Tibetische Heilschale mit Gravur \u2013 21 cm \u2013 7 Chakra und Blume des Lebens"},"content":{"rendered":"<p><span style=\"color: rgb(75, 80, 88);\"><strong>Im Herzen Nepals, wo alte Traditionen und spirituelle Weisheit zusammentreffen, haben tibetische M\u00f6nche ihr Fachwissen in jedes Detail dieser exquisiten Klangschalen einflie\u00dfen lassen. <\/strong>Mit Ehrfurcht und Sorgfalt gefertigt, ist jede Schale ein Meisterwerk f\u00fcr sich und spiegelt die Essenz des Himalaya-Gebirges wider.<\/span><\/p>\n<p><span style=\"color: rgb(75, 80, 88);\"><strong>Die Verschmelzung der Blume des Lebens und der 7 Chakren in dieser 21 cm gro\u00dfen Schale ist ein Meisterwerk der Klangheilung.<\/strong> Gefertigt aus Messing, Kupfer, Bronze, Eisen und Silber in Nepal, k\u00f6nnen Sie Ihren Kunden ein Werkzeug f\u00fcr tiefe Energieausrichtung und Meditation anbieten.<\/span><\/p>\n<p><span style=\"color: rgb(75, 80, 88);\">Wie die 7 Chakren stellen die Gravuren dieser Schale die Energiezentren unseres K\u00f6rpers dar. Das Symbol der Blume des Lebens, bestehend aus miteinander verbundenen Kreisen, repr\u00e4sentiert die heilige Geometrie, die der Sch\u00f6pfung und der Verbundenheit allen Lebens zugrunde liegt. Zusammen f\u00f6rdern diese Symbole Ausrichtung, Gleichgewicht und Verbundenheit auf spiritueller Ebene.<\/span><\/p>\n","protected":false},"excerpt":{"rendered":"<p>Im Herzen Nepals, wo alte Traditionen und spirituelle Weisheit zusammentreffen, haben tibetische M\u00f6nche ihr Fachwissen in jedes Detail dieser exquisiten Klangschalen einflie\u00dfen lassen. Mit Ehrfurcht und Sorgfalt gefertigt, ist jede Schale ein Meisterwerk f\u00fcr sich und spiegelt die Essenz des Himalaya-Gebirges wider. Die Verschmelzung der Blume des Lebens und der 7 Chakren in dieser 21 [&hellip;]<\/p>\n","protected":false},"featured_media":350421,"comment_status":"closed","ping_status":"open","template":"","meta":{"_angie_page":false},"product_brand":[],"product_cat":[14451,18870],"product_tag":[],"class_list":{"0":"post-231129","1":"product","2":"type-product","3":"status-publish","4":"has-post-thumbnail","6":"product_cat-haus-und-gartendeko","7":"product_cat-klangschalen-und-glocken","8":"pa_collection-tibetan-singing-bowls-de","9":"pa_made-in-nepal","11":"first","12":"outofstock","13":"purchasable","14":"product-type-simple"},"supplier_id":null,"supplier_sku":"Tib-106","barcode":null,"atum_controlled":true,"out_stock_date":"2025-09-05 16:33:14","out_stock_threshold":null,"inheritable":false,"inbound_stock":null,"stock_on_hold":0,"sold_today":0,"sales_last_days":0,"reserved_stock":null,"customer_returns":null,"warehouse_damage":null,"lost_in_post":null,"other_logs":null,"out_stock_days":0,"lost_sales":0,"has_location":null,"update_date":"2026-04-27T07:24:41","atum_locations":[],"atum_stock_status":"outofstock","restock_status":false,"low_stock_amount":"","sales_update_date":"2025-09-05T00:26:50","calc_backorders":null,"_links":{"self":[{"href":"https:\/\/aromasentia.com\/de\/wp-json\/wp\/v2\/product\/231129","targetHints":{"allow":["GET"]}}],"collection":[{"href":"https:\/\/aromasentia.com\/de\/wp-json\/wp\/v2\/product"}],"about":[{"href":"https:\/\/aromasentia.com\/de\/wp-json\/wp\/v2\/types\/product"}],"replies":[{"embeddable":true,"href":"https:\/\/aromasentia.com\/de\/wp-json\/wp\/v2\/comments?post=231129"}],"version-history":[{"count":0,"href":"https:\/\/aromasentia.com\/de\/wp-json\/wp\/v2\/product\/231129\/revisions"}],"wp:featuredmedia":[{"embeddable":true,"href":"https:\/\/aromasentia.com\/de\/wp-json\/wp\/v2\/media\/350421"}],"wp:attachment":[{"href":"https:\/\/aromasentia.com\/de\/wp-json\/wp\/v2\/media?parent=231129"}],"wp:term":[{"taxonomy":"product_brand","embeddable":true,"href":"https:\/\/aromasentia.com\/de\/wp-json\/wp\/v2\/product_brand?post=231129"},{"taxonomy":"product_cat","embeddable":true,"href":"https:\/\/aromasentia.com\/de\/wp-json\/wp\/v2\/product_cat?post=231129"},{"taxonomy":"product_tag","embeddable":true,"href":"https:\/\/aromasentia.com\/de\/wp-json\/wp\/v2\/product_tag?post=231129"}],"curies":[{"name":"wp","href":"https:\/\/api.w.org\/{rel}","templated":true}]}}