{"id":231085,"date":"2025-03-22T13:31:14","date_gmt":"2025-03-22T13:31:14","guid":{"rendered":"https:\/\/aromasentia.com\/product\/medium-tibetan-tingsha-bell-6x11-5cm\/"},"modified":"2025-12-30T20:05:37","modified_gmt":"2025-12-30T20:05:37","slug":"mittlere-tibetische-tingsha-glocke-6-x-115-cm","status":"publish","type":"product","link":"https:\/\/aromasentia.com\/de\/mittlere-tibetische-tingsha-glocke-6-x-115-cm\/","title":{"rendered":"Mittlere tibetische Tingsha-Glocke \u2013 6 x 11,5 cm"},"content":{"rendered":"<p>Nehmen Sie Ihre Kunden mit auf eine Reise in das Herz der tibetischen Spiritualit\u00e4t mit unserer <strong>Gro\u00dfhandelsglocke Medium Tibetan Tingsha Bell<\/strong>. Mit Pr\u00e4zision handgefertigt, verk\u00f6rpert diese Glocke mit den Ma\u00dfen <strong>6&#215;11,5cm<\/strong> die Essenz von Tradition und Achtsamkeit und bereichert Ihre Meditation und spirituelle Praxis.<\/p>\n<p>Hergestellt von erfahrenen tibetischen Kunsthandwerkern, h\u00e4lt jede mittelgro\u00dfe tibetische Tingsha Glocke jahrhundertealte Traditionen aufrecht und garantiert echte Qualit\u00e4t und spirituelle Bedeutung.<\/p>\n<p>Bei sanftem Anschlagen erzeugt diese Tingsha-Glocke einen <strong>resonanten und beruhigenden Klang&nbsp;<\/strong>, der ein Gef\u00fchl der Ruhe, Achtsamkeit und Konzentration w\u00e4hrend der Meditation und Rituale f\u00f6rdert. Ideal f\u00fcr Meditation, Yoga, Energieheilung oder als dekoratives Element. Die Glocke weist komplizierte tibetische Symbole und Designs auf, die sowohl ihre spirituelle als auch \u00e4sthetische Anziehungskraft verst\u00e4rken.<\/p>\n<p>Tonfrequenz &#8211; 50 hz<\/p>\n<p><span style=\"color: rgb(243, 121, 52);\">Laden Sie Gelassenheit und Achtsamkeit in Ihr Gesch\u00e4ft ein mit der Medium Tibetan Tingsha Bell.<\/span><\/p>\n","protected":false},"excerpt":{"rendered":"<p>Nehmen Sie Ihre Kunden mit auf eine Reise in das Herz der tibetischen Spiritualit\u00e4t mit unserer Gro\u00dfhandelsglocke Medium Tibetan Tingsha Bell. Mit Pr\u00e4zision handgefertigt, verk\u00f6rpert diese Glocke mit den Ma\u00dfen 6&#215;11,5cm die Essenz von Tradition und Achtsamkeit und bereichert Ihre Meditation und spirituelle Praxis. Hergestellt von erfahrenen tibetischen Kunsthandwerkern, h\u00e4lt jede mittelgro\u00dfe tibetische Tingsha Glocke [&hellip;]<\/p>\n","protected":false},"featured_media":352561,"comment_status":"closed","ping_status":"open","template":"","meta":[],"product_brand":[],"product_cat":[14451,18870,14238,14060],"product_tag":[],"class_list":{"0":"post-231085","1":"product","2":"type-product","3":"status-publish","4":"has-post-thumbnail","6":"product_cat-haus-und-gartendeko","7":"product_cat-klangschalen-und-glocken","8":"product_cat-musikinstrumente","9":"product_cat-vintage-geschenke-und-souvenirs","10":"pa_collection-tibetan-bells-and-tingsha-bells-de","11":"pa_made-in-indien","13":"first","14":"instock","15":"purchasable","16":"product-type-simple"},"supplier_id":null,"supplier_sku":"TTB-06","barcode":null,"atum_controlled":true,"out_stock_date":null,"out_stock_threshold":null,"inheritable":false,"inbound_stock":null,"stock_on_hold":0,"sold_today":0,"sales_last_days":0,"reserved_stock":null,"customer_returns":null,"warehouse_damage":null,"lost_in_post":null,"other_logs":null,"out_stock_days":0,"lost_sales":0,"has_location":null,"update_date":"2026-02-09T12:53:57","atum_locations":[],"atum_stock_status":"instock","restock_status":false,"low_stock_amount":"","sales_update_date":"2025-09-05T00:27:14","calc_backorders":null,"_links":{"self":[{"href":"https:\/\/aromasentia.com\/de\/wp-json\/wp\/v2\/product\/231085","targetHints":{"allow":["GET"]}}],"collection":[{"href":"https:\/\/aromasentia.com\/de\/wp-json\/wp\/v2\/product"}],"about":[{"href":"https:\/\/aromasentia.com\/de\/wp-json\/wp\/v2\/types\/product"}],"replies":[{"embeddable":true,"href":"https:\/\/aromasentia.com\/de\/wp-json\/wp\/v2\/comments?post=231085"}],"version-history":[{"count":0,"href":"https:\/\/aromasentia.com\/de\/wp-json\/wp\/v2\/product\/231085\/revisions"}],"wp:featuredmedia":[{"embeddable":true,"href":"https:\/\/aromasentia.com\/de\/wp-json\/wp\/v2\/media\/352561"}],"wp:attachment":[{"href":"https:\/\/aromasentia.com\/de\/wp-json\/wp\/v2\/media?parent=231085"}],"wp:term":[{"taxonomy":"product_brand","embeddable":true,"href":"https:\/\/aromasentia.com\/de\/wp-json\/wp\/v2\/product_brand?post=231085"},{"taxonomy":"product_cat","embeddable":true,"href":"https:\/\/aromasentia.com\/de\/wp-json\/wp\/v2\/product_cat?post=231085"},{"taxonomy":"product_tag","embeddable":true,"href":"https:\/\/aromasentia.com\/de\/wp-json\/wp\/v2\/product_tag?post=231085"}],"curies":[{"name":"wp","href":"https:\/\/api.w.org\/{rel}","templated":true}]}}