{"id":231077,"date":"2025-03-22T13:31:14","date_gmt":"2025-03-22T13:31:14","guid":{"rendered":"https:\/\/aromasentia.com\/product\/tibetan-tingsha-five-buddha-approx-9-5cm\/"},"modified":"2025-12-30T20:05:37","modified_gmt":"2025-12-30T20:05:37","slug":"tibetischer-tingsha-fuenf-buddha-ca-95-cm","status":"publish","type":"product","link":"https:\/\/aromasentia.com\/de\/tibetischer-tingsha-fuenf-buddha-ca-95-cm\/","title":{"rendered":"Tibetischer Tingsha \u2013 F\u00fcnf Buddha \u2013 ca. 9,5 cm"},"content":{"rendered":"<p>Begib dich auf eine tiefe Reise der spirituellen Erleuchtung mit unseren <strong>Gro\u00dfhandels Tibetan Tingsha &#8211; F\u00fcnf Buddhas<\/strong>. Diese sorgf\u00e4ltig gefertigten Zimbeln mit einem Durchmesser von etwa 9,5 cm verk\u00f6rpern die Essenz von Gelassenheit, Weisheit und innerem Frieden.<\/p>\n<p>Geschaffen von erfahrenen tibetischen Kunsthandwerkern, zeigen diese Tingsha die komplizierten Darstellungen der <strong>f<\/strong><strong>ive Buddhas<\/strong>, die Erleuchtung, Mitgef\u00fchl und universelle Wahrheit symbolisieren.Wenn sie sanft aneinander geschlagen werden, erzeugen diese Tingsha einen <strong>transzendenten und melodi\u00f6sen Klang<\/strong>, der die tiefe Weisheit der Buddhas widerspiegelt. Ideal f\u00fcr Meditation, Gebet, Rituale und zur Versch\u00f6nerung heiliger R\u00e4ume.<\/p>\n<p><span style=\"color: rgb(243, 121, 52);\">Erweitern Sie Ihre spirituelle Produktpalette mit Tibetan Tingsha &#8211; Five Buddhas.<\/span><\/p>\n","protected":false},"excerpt":{"rendered":"<p>Begib dich auf eine tiefe Reise der spirituellen Erleuchtung mit unseren Gro\u00dfhandels Tibetan Tingsha &#8211; F\u00fcnf Buddhas. Diese sorgf\u00e4ltig gefertigten Zimbeln mit einem Durchmesser von etwa 9,5 cm verk\u00f6rpern die Essenz von Gelassenheit, Weisheit und innerem Frieden. Geschaffen von erfahrenen tibetischen Kunsthandwerkern, zeigen diese Tingsha die komplizierten Darstellungen der five Buddhas, die Erleuchtung, Mitgef\u00fchl und [&hellip;]<\/p>\n","protected":false},"featured_media":352495,"comment_status":"closed","ping_status":"open","template":"","meta":[],"product_brand":[],"product_cat":[14451,18870,14238,14060],"product_tag":[],"class_list":{"0":"post-231077","1":"product","2":"type-product","3":"status-publish","4":"has-post-thumbnail","6":"product_cat-haus-und-gartendeko","7":"product_cat-klangschalen-und-glocken","8":"product_cat-musikinstrumente","9":"product_cat-vintage-geschenke-und-souvenirs","10":"pa_collection-tibetan-bells-and-tingsha-bells-de","11":"pa_made-in-indien","13":"first","14":"instock","15":"purchasable","16":"product-type-simple"},"supplier_id":null,"supplier_sku":"TTB-04","barcode":null,"atum_controlled":true,"out_stock_date":null,"out_stock_threshold":null,"inheritable":false,"inbound_stock":null,"stock_on_hold":0,"sold_today":0,"sales_last_days":0,"reserved_stock":null,"customer_returns":null,"warehouse_damage":null,"lost_in_post":null,"other_logs":null,"out_stock_days":0,"lost_sales":0,"has_location":null,"update_date":"2026-02-06T10:28:39","atum_locations":[],"atum_stock_status":"instock","restock_status":false,"low_stock_amount":"","sales_update_date":"2025-09-05T00:27:13","calc_backorders":null,"_links":{"self":[{"href":"https:\/\/aromasentia.com\/de\/wp-json\/wp\/v2\/product\/231077","targetHints":{"allow":["GET"]}}],"collection":[{"href":"https:\/\/aromasentia.com\/de\/wp-json\/wp\/v2\/product"}],"about":[{"href":"https:\/\/aromasentia.com\/de\/wp-json\/wp\/v2\/types\/product"}],"replies":[{"embeddable":true,"href":"https:\/\/aromasentia.com\/de\/wp-json\/wp\/v2\/comments?post=231077"}],"version-history":[{"count":0,"href":"https:\/\/aromasentia.com\/de\/wp-json\/wp\/v2\/product\/231077\/revisions"}],"wp:featuredmedia":[{"embeddable":true,"href":"https:\/\/aromasentia.com\/de\/wp-json\/wp\/v2\/media\/352495"}],"wp:attachment":[{"href":"https:\/\/aromasentia.com\/de\/wp-json\/wp\/v2\/media?parent=231077"}],"wp:term":[{"taxonomy":"product_brand","embeddable":true,"href":"https:\/\/aromasentia.com\/de\/wp-json\/wp\/v2\/product_brand?post=231077"},{"taxonomy":"product_cat","embeddable":true,"href":"https:\/\/aromasentia.com\/de\/wp-json\/wp\/v2\/product_cat?post=231077"},{"taxonomy":"product_tag","embeddable":true,"href":"https:\/\/aromasentia.com\/de\/wp-json\/wp\/v2\/product_tag?post=231077"}],"curies":[{"name":"wp","href":"https:\/\/api.w.org\/{rel}","templated":true}]}}