{"id":231049,"date":"2025-03-22T13:31:14","date_gmt":"2025-03-22T13:31:14","guid":{"rendered":"https:\/\/aromasentia.com\/product\/hand-beaten-engraved-singing-bowl-gift-set-14cm-lotus-flower\/"},"modified":"2025-12-30T20:05:29","modified_gmt":"2025-12-30T20:05:29","slug":"handgehaemmertes-und-graviertes-klangschalen-geschenkset-14-cm-lotusblume","status":"publish","type":"product","link":"https:\/\/aromasentia.com\/de\/handgehaemmertes-und-graviertes-klangschalen-geschenkset-14-cm-lotusblume\/","title":{"rendered":"Handgeh\u00e4mmertes und graviertes Klangschalen-Geschenkset \u2013 14 cm \u2013 Lotusblume"},"content":{"rendered":"<p><span style=\"color: rgb(75, 80, 88);\"><strong>Eine harmonische Mischung aus Kunstfertigkeit und Klang: Die Geschenksets mit handgeschlagenen und gravierten Klangschalen sind eine wunderbare Erg\u00e4nzung f\u00fcr Ihre Sammlung.<\/strong> Pr\u00e4zise gefertigt und mit komplizierten Designs verziert, <strong>enth\u00e4lt jedes Set eine 14 cm gro\u00dfe Klangschale, einen Schl\u00e4gel, ein Kissen und einen Beutel.&nbsp;<\/strong> Diese Sets werden sorgf\u00e4ltig zusammengestellt, um Ihren Kunden ein ganzheitliches Erlebnis zu bieten. Sie sind daher ideal, wenn Sie einzigartige und spirituell bereichernde Produkte anbieten m\u00f6chten.<\/span><\/p>\n<p><span style=\"color: rgb(75, 80, 88);\"><strong>Die Lotusblume symbolisiert in vielen spirituellen Traditionen, insbesondere im Buddhismus, Reinheit und Erleuchtung<\/strong>. Ihr Wachstum vom Schlamm bis zur Wasseroberfl\u00e4che symbolisiert die Reise von der Unwissenheit zum spirituellen Erwachen. Das Meditieren mit dieser Klangschale kann ein Gef\u00fchl der Reinheit und des spirituellen Wachstums hervorrufen<\/span> <\/p>\n","protected":false},"excerpt":{"rendered":"<p>Eine harmonische Mischung aus Kunstfertigkeit und Klang: Die Geschenksets mit handgeschlagenen und gravierten Klangschalen sind eine wunderbare Erg\u00e4nzung f\u00fcr Ihre Sammlung. Pr\u00e4zise gefertigt und mit komplizierten Designs verziert, enth\u00e4lt jedes Set eine 14 cm gro\u00dfe Klangschale, einen Schl\u00e4gel, ein Kissen und einen Beutel.&nbsp; Diese Sets werden sorgf\u00e4ltig zusammengestellt, um Ihren Kunden ein ganzheitliches Erlebnis zu [&hellip;]<\/p>\n","protected":false},"featured_media":352320,"comment_status":"closed","ping_status":"open","template":"","meta":{"_angie_page":false},"product_brand":[],"product_cat":[14451,18870],"product_tag":[],"class_list":{"0":"post-231049","1":"product","2":"type-product","3":"status-publish","4":"has-post-thumbnail","6":"product_cat-haus-und-gartendeko","7":"product_cat-klangschalen-und-glocken","8":"pa_collection-tibetan-singing-bowl-sets-de","9":"pa_made-in-nepal","11":"first","12":"instock","13":"purchasable","14":"product-type-simple"},"supplier_id":null,"supplier_sku":"TIbS-21","barcode":null,"atum_controlled":true,"out_stock_date":null,"out_stock_threshold":null,"inheritable":false,"inbound_stock":null,"stock_on_hold":0,"sold_today":0,"sales_last_days":0,"reserved_stock":null,"customer_returns":null,"warehouse_damage":null,"lost_in_post":null,"other_logs":null,"out_stock_days":0,"lost_sales":0,"has_location":null,"update_date":"2026-04-27T07:24:59","atum_locations":[],"atum_stock_status":"instock","restock_status":false,"low_stock_amount":"","sales_update_date":"2026-01-30T01:24:41","calc_backorders":null,"_links":{"self":[{"href":"https:\/\/aromasentia.com\/de\/wp-json\/wp\/v2\/product\/231049","targetHints":{"allow":["GET"]}}],"collection":[{"href":"https:\/\/aromasentia.com\/de\/wp-json\/wp\/v2\/product"}],"about":[{"href":"https:\/\/aromasentia.com\/de\/wp-json\/wp\/v2\/types\/product"}],"replies":[{"embeddable":true,"href":"https:\/\/aromasentia.com\/de\/wp-json\/wp\/v2\/comments?post=231049"}],"version-history":[{"count":0,"href":"https:\/\/aromasentia.com\/de\/wp-json\/wp\/v2\/product\/231049\/revisions"}],"wp:featuredmedia":[{"embeddable":true,"href":"https:\/\/aromasentia.com\/de\/wp-json\/wp\/v2\/media\/352320"}],"wp:attachment":[{"href":"https:\/\/aromasentia.com\/de\/wp-json\/wp\/v2\/media?parent=231049"}],"wp:term":[{"taxonomy":"product_brand","embeddable":true,"href":"https:\/\/aromasentia.com\/de\/wp-json\/wp\/v2\/product_brand?post=231049"},{"taxonomy":"product_cat","embeddable":true,"href":"https:\/\/aromasentia.com\/de\/wp-json\/wp\/v2\/product_cat?post=231049"},{"taxonomy":"product_tag","embeddable":true,"href":"https:\/\/aromasentia.com\/de\/wp-json\/wp\/v2\/product_tag?post=231049"}],"curies":[{"name":"wp","href":"https:\/\/api.w.org\/{rel}","templated":true}]}}