{"id":230961,"date":"2025-03-22T14:18:20","date_gmt":"2025-03-22T14:18:20","guid":{"rendered":"https:\/\/aromasentia.com\/product\/bali-magic-box-gecko\/"},"modified":"2025-12-30T20:05:13","modified_gmt":"2025-12-30T20:05:13","slug":"gecko-puzzelbox","status":"publish","type":"product","link":"https:\/\/aromasentia.com\/de\/gecko-puzzelbox\/","title":{"rendered":"Gecko Puzzelbox"},"content":{"rendered":"<p>Unsere \u201eGecko\u201c Bali Zauberbox ist eine zauberhafte Erg\u00e4nzung f\u00fcr Ihr Zuhause.&nbsp;<\/p>\n<p>Sie ist wie ein Holzpuzzle aufgebaut, bei dem Sie die einzelnen Teile in der richtigen Reihenfolge auseinandernehmen m\u00fcssen. In der Mitte befindet sich ein kleines Fach, in dem Sie ein besonderes kleines Geschenk verstecken k\u00f6nnen. So k\u00f6nnen Sie kleine Gegenst\u00e4nde darin aufbewahren und gleichzeitig eine faszinierende Pr\u00e4sentation schaffen. Au\u00dferdem macht das Zusammenbauen Spa\u00df!&nbsp;<\/p>\n<p>Sie ist sowohl sch\u00f6n anzusehen als auch angenehm zum Spielen. Der zus\u00e4tzliche Neuheitswert macht sie zu einem beliebten Kauf. Ein tolles Geschenk f\u00fcr Kinder und Erwachsene.&nbsp;<\/p>\n<p>Bestellen Sie noch heute und sichern Sie sich diese einzigartige Bali Zauberbox.&nbsp;<\/p>\n","protected":false},"excerpt":{"rendered":"<p>Unsere \u201eGecko\u201c Bali Zauberbox ist eine zauberhafte Erg\u00e4nzung f\u00fcr Ihr Zuhause.&nbsp; Sie ist wie ein Holzpuzzle aufgebaut, bei dem Sie die einzelnen Teile in der richtigen Reihenfolge auseinandernehmen m\u00fcssen. In der Mitte befindet sich ein kleines Fach, in dem Sie ein besonderes kleines Geschenk verstecken k\u00f6nnen. So k\u00f6nnen Sie kleine Gegenst\u00e4nde darin aufbewahren und gleichzeitig [&hellip;]<\/p>\n","protected":false},"featured_media":353624,"comment_status":"closed","ping_status":"open","template":"","meta":[],"product_brand":[],"product_cat":[14143,14142],"product_tag":[],"class_list":{"0":"post-230961","1":"product","2":"type-product","3":"status-publish","4":"has-post-thumbnail","6":"product_cat-aufbewahrung-geschenke-und-geschenkboxen","7":"product_cat-geschenkverpackung","8":"pa_collection-bali-magic-boxes-de","9":"pa_made-in-indonesien","11":"first","12":"instock","13":"purchasable","14":"product-type-simple"},"supplier_id":null,"supplier_sku":"BMB-26","barcode":null,"atum_controlled":true,"out_stock_date":null,"out_stock_threshold":null,"inheritable":false,"inbound_stock":null,"stock_on_hold":0,"sold_today":0,"sales_last_days":0,"reserved_stock":null,"customer_returns":null,"warehouse_damage":null,"lost_in_post":null,"other_logs":null,"out_stock_days":0,"lost_sales":0,"has_location":null,"update_date":"2026-01-30T01:25:40","atum_locations":[],"atum_stock_status":"instock","restock_status":false,"low_stock_amount":"","sales_update_date":"2026-01-30T01:25:40","calc_backorders":null,"_links":{"self":[{"href":"https:\/\/aromasentia.com\/de\/wp-json\/wp\/v2\/product\/230961","targetHints":{"allow":["GET"]}}],"collection":[{"href":"https:\/\/aromasentia.com\/de\/wp-json\/wp\/v2\/product"}],"about":[{"href":"https:\/\/aromasentia.com\/de\/wp-json\/wp\/v2\/types\/product"}],"replies":[{"embeddable":true,"href":"https:\/\/aromasentia.com\/de\/wp-json\/wp\/v2\/comments?post=230961"}],"version-history":[{"count":0,"href":"https:\/\/aromasentia.com\/de\/wp-json\/wp\/v2\/product\/230961\/revisions"}],"wp:featuredmedia":[{"embeddable":true,"href":"https:\/\/aromasentia.com\/de\/wp-json\/wp\/v2\/media\/353624"}],"wp:attachment":[{"href":"https:\/\/aromasentia.com\/de\/wp-json\/wp\/v2\/media?parent=230961"}],"wp:term":[{"taxonomy":"product_brand","embeddable":true,"href":"https:\/\/aromasentia.com\/de\/wp-json\/wp\/v2\/product_brand?post=230961"},{"taxonomy":"product_cat","embeddable":true,"href":"https:\/\/aromasentia.com\/de\/wp-json\/wp\/v2\/product_cat?post=230961"},{"taxonomy":"product_tag","embeddable":true,"href":"https:\/\/aromasentia.com\/de\/wp-json\/wp\/v2\/product_tag?post=230961"}],"curies":[{"name":"wp","href":"https:\/\/api.w.org\/{rel}","templated":true}]}}