{"id":230945,"date":"2025-03-22T14:18:20","date_gmt":"2025-03-22T14:18:20","guid":{"rendered":"https:\/\/aromasentia.com\/product\/bali-magic-box-om\/"},"modified":"2025-12-30T20:05:05","modified_gmt":"2025-12-30T20:05:05","slug":"bali-om-puzzelbox","status":"publish","type":"product","link":"https:\/\/aromasentia.com\/de\/bali-om-puzzelbox\/","title":{"rendered":"Bali Om Puzzelbox"},"content":{"rendered":"<p>Unsere \u201eOm\u201c Bali Magic Box ist eine zauberhafte Erg\u00e4nzung f\u00fcr Ihr Zuhause.&nbsp;<\/p>\n<p>Sie ist wie ein Holzpuzzle aufgebaut und Sie m\u00fcssen herausfinden, in welcher Reihenfolge Sie die verschiedenen Teile auseinandernehmen m\u00fcssen. In der Mitte befindet sich ein kleines Fach, in dem Sie ein besonderes kleines Geschenk verstecken k\u00f6nnen. So k\u00f6nnen Sie kleine Gegenst\u00e4nde darin aufbewahren und gleichzeitig eine faszinierende Pr\u00e4sentation schaffen. Au\u00dferdem macht das Zusammenbauen Spa\u00df!&nbsp;<\/p>\n<p>Sie ist sch\u00f6n anzusehen und macht Spa\u00df, damit zu spielen. Der zus\u00e4tzliche Neuheitswert macht sie zu einem beliebten Verkaufsschlager. Ein tolles Geschenk f\u00fcr Kinder und Erwachsene.&nbsp;<\/p>\n<p>Bestellen Sie noch heute und erhalten Sie diese unglaublich einzigartige Bali Magic Box.&nbsp;<\/p>\n<p>Standardm\u00e4\u00dfig und einzeln verpackt und mit Barcode geliefert.<\/p>\n<p>Bitte beachten Sie, dass die Gr\u00f6\u00dfenangaben aufgrund unregelm\u00e4\u00dfiger Formen ungef\u00e4hr sind.<\/p>\n","protected":false},"excerpt":{"rendered":"<p>Unsere \u201eOm\u201c Bali Magic Box ist eine zauberhafte Erg\u00e4nzung f\u00fcr Ihr Zuhause.&nbsp; Sie ist wie ein Holzpuzzle aufgebaut und Sie m\u00fcssen herausfinden, in welcher Reihenfolge Sie die verschiedenen Teile auseinandernehmen m\u00fcssen. In der Mitte befindet sich ein kleines Fach, in dem Sie ein besonderes kleines Geschenk verstecken k\u00f6nnen. So k\u00f6nnen Sie kleine Gegenst\u00e4nde darin aufbewahren [&hellip;]<\/p>\n","protected":false},"featured_media":353556,"comment_status":"closed","ping_status":"open","template":"","meta":{"_angie_page":false},"product_brand":[],"product_cat":[14143,14142],"product_tag":[],"class_list":{"0":"post-230945","1":"product","2":"type-product","3":"status-publish","4":"has-post-thumbnail","6":"product_cat-aufbewahrung-geschenke-und-geschenkboxen","7":"product_cat-geschenkverpackung","8":"pa_collection-bali-magic-boxes-de","9":"pa_made-in-indonesien","11":"first","12":"instock","13":"purchasable","14":"product-type-simple"},"supplier_id":null,"supplier_sku":"BMB-22","barcode":null,"atum_controlled":true,"out_stock_date":null,"out_stock_threshold":null,"inheritable":false,"inbound_stock":null,"stock_on_hold":0,"sold_today":0,"sales_last_days":0,"reserved_stock":null,"customer_returns":null,"warehouse_damage":null,"lost_in_post":null,"other_logs":null,"out_stock_days":0,"lost_sales":0,"has_location":null,"update_date":"2026-04-29T06:53:02","atum_locations":[],"atum_stock_status":"instock","restock_status":false,"low_stock_amount":"","sales_update_date":"2026-01-30T01:24:49","calc_backorders":null,"_links":{"self":[{"href":"https:\/\/aromasentia.com\/de\/wp-json\/wp\/v2\/product\/230945","targetHints":{"allow":["GET"]}}],"collection":[{"href":"https:\/\/aromasentia.com\/de\/wp-json\/wp\/v2\/product"}],"about":[{"href":"https:\/\/aromasentia.com\/de\/wp-json\/wp\/v2\/types\/product"}],"replies":[{"embeddable":true,"href":"https:\/\/aromasentia.com\/de\/wp-json\/wp\/v2\/comments?post=230945"}],"version-history":[{"count":0,"href":"https:\/\/aromasentia.com\/de\/wp-json\/wp\/v2\/product\/230945\/revisions"}],"wp:featuredmedia":[{"embeddable":true,"href":"https:\/\/aromasentia.com\/de\/wp-json\/wp\/v2\/media\/353556"}],"wp:attachment":[{"href":"https:\/\/aromasentia.com\/de\/wp-json\/wp\/v2\/media?parent=230945"}],"wp:term":[{"taxonomy":"product_brand","embeddable":true,"href":"https:\/\/aromasentia.com\/de\/wp-json\/wp\/v2\/product_brand?post=230945"},{"taxonomy":"product_cat","embeddable":true,"href":"https:\/\/aromasentia.com\/de\/wp-json\/wp\/v2\/product_cat?post=230945"},{"taxonomy":"product_tag","embeddable":true,"href":"https:\/\/aromasentia.com\/de\/wp-json\/wp\/v2\/product_tag?post=230945"}],"curies":[{"name":"wp","href":"https:\/\/api.w.org\/{rel}","templated":true}]}}